{"id":99,"date":"2024-08-29T13:20:58","date_gmt":"2024-08-29T13:20:58","guid":{"rendered":"https:\/\/dc.ghost.uem.mz\/?page_id=99"},"modified":"2024-08-29T13:20:58","modified_gmt":"2024-08-29T13:20:58","slug":"organograma","status":"publish","type":"page","link":"https:\/\/direcaocientifica.uem.mz\/?page_id=99","title":{"rendered":"Organograma"},"content":{"rendered":"\t\t<div data-elementor-type=\"wp-page\" data-elementor-id=\"99\" class=\"elementor elementor-99\">\n\t\t\t\t<div class=\"elementor-element elementor-element-8146a45 e-flex e-con-boxed e-con e-parent\" data-id=\"8146a45\" data-element_type=\"container\">\n\t\t\t\t\t<div class=\"e-con-inner\">\n\t\t<div class=\"elementor-element elementor-element-c507b62 e-con-full e-flex e-con e-child\" data-id=\"c507b62\" data-element_type=\"container\">\n\t\t\t\t<div class=\"elementor-element elementor-element-a430508 elementor-widget elementor-widget-heading\" data-id=\"a430508\" data-element_type=\"widget\" data-widget_type=\"heading.default\">\n\t\t\t\t<div class=\"elementor-widget-container\">\n\t\t\t\t\t<h2 class=\"elementor-heading-title elementor-size-default\">Organograma<\/h2>\t\t\t\t<\/div>\n\t\t\t\t<\/div>\n\t\t\t\t<\/div>\n\t\t\t\t<div class=\"elementor-element elementor-element-02c8965 elementor-widget elementor-widget-image\" data-id=\"02c8965\" data-element_type=\"widget\" data-widget_type=\"image.default\">\n\t\t\t\t<div class=\"elementor-widget-container\">\n\t\t\t\t\t\t\t\t\t\t\t\t\t\t\t\t<a href=\"http:\/\/dc.ghost.uem.mz\/wp-content\/uploads\/sites\/12\/2024\/09\/organograma.png\" data-elementor-open-lightbox=\"yes\" data-elementor-lightbox-title=\"organograma\" data-e-action-hash=\"#elementor-action%3Aaction%3Dlightbox%26settings%3DeyJpZCI6IjI4OSIsInVybCI6Imh0dHBzOlwvXC9kaXJlY2FvY2llbnRpZmljYS51ZW0ubXpcL3dwLWNvbnRlbnRcL3VwbG9hZHNcLzIwMjRcLzA5XC9vcmdhbm9ncmFtYS5wbmcifQ%3D%3D\">\n\t\t\t\t\t\t\t<img fetchpriority=\"high\" decoding=\"async\" width=\"768\" height=\"447\" src=\"https:\/\/direcaocientifica.uem.mz\/wp-content\/uploads\/2024\/09\/organograma-768x447.png\" class=\"attachment-medium_large size-medium_large wp-image-289\" alt=\"\" srcset=\"https:\/\/direcaocientifica.uem.mz\/wp-content\/uploads\/2024\/09\/organograma-768x447.png 768w, https:\/\/direcaocientifica.uem.mz\/wp-content\/uploads\/2024\/09\/organograma-300x175.png 300w, https:\/\/direcaocientifica.uem.mz\/wp-content\/uploads\/2024\/09\/organograma.png 906w\" sizes=\"(max-width: 768px) 100vw, 768px\" \/>\t\t\t\t\t\t\t\t<\/a>\n\t\t\t\t\t\t\t\t\t\t\t\t\t\t\t<\/div>\n\t\t\t\t<\/div>\n\t\t\t\t\t<\/div>\n\t\t\t\t<\/div>\n\t\t<div class=\"elementor-element elementor-element-2d07928 e-flex e-con-boxed e-con e-parent\" data-id=\"2d07928\" data-element_type=\"container\">\n\t\t\t\t\t<div class=\"e-con-inner\">\n\t\t\t\t<div class=\"elementor-element elementor-element-dd4fa50 elementor-widget elementor-widget-text-editor\" data-id=\"dd4fa50\" data-element_type=\"widget\" data-widget_type=\"text-editor.default\">\n\t\t\t\t<div class=\"elementor-widget-container\">\n\t\t\t\t\t\t\t\t\t<p><strong>O Departamento de Investiga\u00e7\u00e3o, Extens\u00e3o e Desenvolvimento <\/strong><\/p><p>Tem a responsabilidade de promover e supervisionar a actividade cient\u00edfica na Universidade Eduardo Mondlane, bem como promover a interac\u00e7\u00e3o entre a institui\u00e7\u00e3o e a sociedade em geral, no intuito de contribuir para o desenvolvimento do pa\u00eds.<\/p><p><strong>O Departamento Editorial, P\u00f3s-Gradua\u00e7\u00e3o e Carreira Docente<\/strong><\/p><p>\u00c9 respons\u00e1vel pela organiza\u00e7\u00e3o de eventos cient\u00edficos, dissemina\u00e7\u00e3o dos resultados da actividade cient\u00edfica, assessoria na concep\u00e7\u00e3o e implementa\u00e7\u00e3o de projectos de cursos de p\u00f3s-gradua\u00e7\u00e3o na UEM, aprecia\u00e7\u00e3o de candidaturas, a forma\u00e7\u00e3o p\u00f3s-graduada de docentes e investigadores, incluindo a aprecia\u00e7\u00e3o de candidaturas \u00e0 promo\u00e7\u00e3o a categorias de Professor Universit\u00e1rio.<\/p><p><strong>O Departamento de Apoio a Projectos<\/strong><\/p><p>Tem a fun\u00e7\u00e3o de coordenar, monitorar programas\/projectos, identificar oportunidades de financiamento a projectos de investiga\u00e7\u00e3o cient\u00edfica, confer\u00eancias e cursos de P\u00f3s-gradua\u00e7\u00e3o.<\/p><p><strong>A Reparti\u00e7\u00e3o de Administra\u00e7\u00e3o e Finan\u00e7as<\/strong><\/p><p>\u00c9 respons\u00e1vel pela administra\u00e7\u00e3o dos recursos humanos, financeiros e patrimoniais da DC e, respons\u00e1vel pela execu\u00e7\u00e3o dos fundos a ela alocados, assim como o bom uso dos mesmos.<\/p>\t\t\t\t\t\t\t\t<\/div>\n\t\t\t\t<\/div>\n\t\t\t\t\t<\/div>\n\t\t\t\t<\/div>\n\t\t\t\t<\/div>\n\t\t","protected":false},"excerpt":{"rendered":"<p>Organograma O Departamento de Investiga\u00e7\u00e3o, Extens\u00e3o e Desenvolvimento Tem a responsabilidade de promover e supervisionar a actividade cient\u00edfica na Universidade Eduardo Mondlane, bem como promover a interac\u00e7\u00e3o entre a institui\u00e7\u00e3o e a sociedade em geral, no intuito de contribuir para o desenvolvimento do pa\u00eds. O Departamento Editorial, P\u00f3s-Gradua\u00e7\u00e3o e Carreira Docente \u00c9 respons\u00e1vel pela organiza\u00e7\u00e3o [&hellip;]<\/p>\n","protected":false},"author":3,"featured_media":0,"parent":0,"menu_order":0,"comment_status":"closed","ping_status":"closed","template":"","meta":{"inline_featured_image":false,"site-sidebar-layout":"no-sidebar","site-content-layout":"","ast-site-content-layout":"full-width-container","site-content-style":"default","site-sidebar-style":"default","ast-global-header-display":"","ast-banner-title-visibility":"","ast-main-header-display":"","ast-hfb-above-header-display":"","ast-hfb-below-header-display":"","ast-hfb-mobile-header-display":"","site-post-title":"disabled","ast-breadcrumbs-content":"","ast-featured-img":"disabled","footer-sml-layout":"","theme-transparent-header-meta":"","adv-header-id-meta":"","stick-header-meta":"","header-above-stick-meta":"","header-main-stick-meta":"","header-below-stick-meta":"","astra-migrate-meta-layouts":"default","ast-page-background-enabled":"default","ast-page-background-meta":{"desktop":{"background-color":"var(--ast-global-color-5)","background-image":"","background-repeat":"repeat","background-position":"center center","background-size":"auto","background-attachment":"scroll","background-type":"","background-media":"","overlay-type":"","overlay-color":"","overlay-opacity":"","overlay-gradient":""},"tablet":{"background-color":"","background-image":"","background-repeat":"repeat","background-position":"center center","background-size":"auto","background-attachment":"scroll","background-type":"","background-media":"","overlay-type":"","overlay-color":"","overlay-opacity":"","overlay-gradient":""},"mobile":{"background-color":"","background-image":"","background-repeat":"repeat","background-position":"center center","background-size":"auto","background-attachment":"scroll","background-type":"","background-media":"","overlay-type":"","overlay-color":"","overlay-opacity":"","overlay-gradient":""}},"ast-content-background-meta":{"desktop":{"background-color":"var(--ast-global-color-4)","background-image":"","background-repeat":"repeat","background-position":"center center","background-size":"auto","background-attachment":"scroll","background-type":"","background-media":"","overlay-type":"","overlay-color":"","overlay-opacity":"","overlay-gradient":""},"tablet":{"background-color":"var(--ast-global-color-4)","background-image":"","background-repeat":"repeat","background-position":"center center","background-size":"auto","background-attachment":"scroll","background-type":"","background-media":"","overlay-type":"","overlay-color":"","overlay-opacity":"","overlay-gradient":""},"mobile":{"background-color":"var(--ast-global-color-4)","background-image":"","background-repeat":"repeat","background-position":"center center","background-size":"auto","background-attachment":"scroll","background-type":"","background-media":"","overlay-type":"","overlay-color":"","overlay-opacity":"","overlay-gradient":""}},"footnotes":""},"class_list":["post-99","page","type-page","status-publish","hentry"],"yoast_head":"<!-- This site is optimized with the Yoast SEO plugin v26.3 - https:\/\/yoast.com\/wordpress\/plugins\/seo\/ -->\n<title>Organograma -<\/title>\n<meta name=\"robots\" content=\"index, follow, max-snippet:-1, max-image-preview:large, max-video-preview:-1\" \/>\n<link rel=\"canonical\" href=\"https:\/\/direcaocientifica.uem.mz\/?page_id=99\" \/>\n<meta property=\"og:locale\" content=\"pt_PT\" \/>\n<meta property=\"og:type\" content=\"article\" \/>\n<meta property=\"og:title\" content=\"Organograma -\" \/>\n<meta property=\"og:description\" content=\"Organograma O Departamento de Investiga\u00e7\u00e3o, Extens\u00e3o e Desenvolvimento Tem a responsabilidade de promover e supervisionar a actividade cient\u00edfica na Universidade Eduardo Mondlane, bem como promover a interac\u00e7\u00e3o entre a institui\u00e7\u00e3o e a sociedade em geral, no intuito de contribuir para o desenvolvimento do pa\u00eds. O Departamento Editorial, P\u00f3s-Gradua\u00e7\u00e3o e Carreira Docente \u00c9 respons\u00e1vel pela organiza\u00e7\u00e3o [&hellip;]\" \/>\n<meta property=\"og:url\" content=\"https:\/\/direcaocientifica.uem.mz\/?page_id=99\" \/>\n<meta property=\"og:site_name\" content=\"Direc\u00e7\u00e3o Cientifica\" \/>\n<meta property=\"og:image\" content=\"https:\/\/direcaocientifica.uem.mz\/wp-content\/uploads\/2024\/09\/organograma.png\" \/>\n\t<meta property=\"og:image:width\" content=\"906\" \/>\n\t<meta property=\"og:image:height\" content=\"527\" \/>\n\t<meta property=\"og:image:type\" content=\"image\/png\" \/>\n<meta name=\"twitter:card\" content=\"summary_large_image\" \/>\n<meta name=\"twitter:label1\" content=\"Tempo estimado de leitura\" \/>\n\t<meta name=\"twitter:data1\" content=\"1 minuto\" \/>\n<script type=\"application\/ld+json\" class=\"yoast-schema-graph\">{\"@context\":\"https:\/\/schema.org\",\"@graph\":[{\"@type\":\"WebPage\",\"@id\":\"https:\/\/direcaocientifica.uem.mz\/?page_id=99\",\"url\":\"https:\/\/direcaocientifica.uem.mz\/?page_id=99\",\"name\":\"Organograma -\",\"isPartOf\":{\"@id\":\"https:\/\/direcaocientifica.uem.mz\/#website\"},\"primaryImageOfPage\":{\"@id\":\"https:\/\/direcaocientifica.uem.mz\/?page_id=99#primaryimage\"},\"image\":{\"@id\":\"https:\/\/direcaocientifica.uem.mz\/?page_id=99#primaryimage\"},\"thumbnailUrl\":\"https:\/\/direcaocientifica.uem.mz\/wp-content\/uploads\/2024\/09\/organograma-768x447.png\",\"datePublished\":\"2024-08-29T13:20:58+00:00\",\"breadcrumb\":{\"@id\":\"https:\/\/direcaocientifica.uem.mz\/?page_id=99#breadcrumb\"},\"inLanguage\":\"pt-PT\",\"potentialAction\":[{\"@type\":\"ReadAction\",\"target\":[\"https:\/\/direcaocientifica.uem.mz\/?page_id=99\"]}]},{\"@type\":\"ImageObject\",\"inLanguage\":\"pt-PT\",\"@id\":\"https:\/\/direcaocientifica.uem.mz\/?page_id=99#primaryimage\",\"url\":\"https:\/\/direcaocientifica.uem.mz\/wp-content\/uploads\/2024\/09\/organograma.png\",\"contentUrl\":\"https:\/\/direcaocientifica.uem.mz\/wp-content\/uploads\/2024\/09\/organograma.png\",\"width\":906,\"height\":527},{\"@type\":\"BreadcrumbList\",\"@id\":\"https:\/\/direcaocientifica.uem.mz\/?page_id=99#breadcrumb\",\"itemListElement\":[{\"@type\":\"ListItem\",\"position\":1,\"name\":\"Home\",\"item\":\"https:\/\/direcaocientifica.uem.mz\/\"},{\"@type\":\"ListItem\",\"position\":2,\"name\":\"Organograma\"}]},{\"@type\":\"WebSite\",\"@id\":\"https:\/\/direcaocientifica.uem.mz\/#website\",\"url\":\"https:\/\/direcaocientifica.uem.mz\/\",\"name\":\"Direc\u00e7\u00e3o Cientifica\",\"description\":\"\",\"alternateName\":\"DC\",\"potentialAction\":[{\"@type\":\"SearchAction\",\"target\":{\"@type\":\"EntryPoint\",\"urlTemplate\":\"https:\/\/direcaocientifica.uem.mz\/?s={search_term_string}\"},\"query-input\":{\"@type\":\"PropertyValueSpecification\",\"valueRequired\":true,\"valueName\":\"search_term_string\"}}],\"inLanguage\":\"pt-PT\"}]}<\/script>\n<!-- \/ Yoast SEO plugin. -->","yoast_head_json":{"title":"Organograma -","robots":{"index":"index","follow":"follow","max-snippet":"max-snippet:-1","max-image-preview":"max-image-preview:large","max-video-preview":"max-video-preview:-1"},"canonical":"https:\/\/direcaocientifica.uem.mz\/?page_id=99","og_locale":"pt_PT","og_type":"article","og_title":"Organograma -","og_description":"Organograma O Departamento de Investiga\u00e7\u00e3o, Extens\u00e3o e Desenvolvimento Tem a responsabilidade de promover e supervisionar a actividade cient\u00edfica na Universidade Eduardo Mondlane, bem como promover a interac\u00e7\u00e3o entre a institui\u00e7\u00e3o e a sociedade em geral, no intuito de contribuir para o desenvolvimento do pa\u00eds. O Departamento Editorial, P\u00f3s-Gradua\u00e7\u00e3o e Carreira Docente \u00c9 respons\u00e1vel pela organiza\u00e7\u00e3o [&hellip;]","og_url":"https:\/\/direcaocientifica.uem.mz\/?page_id=99","og_site_name":"Direc\u00e7\u00e3o Cientifica","og_image":[{"width":906,"height":527,"url":"https:\/\/direcaocientifica.uem.mz\/wp-content\/uploads\/2024\/09\/organograma.png","type":"image\/png"}],"twitter_card":"summary_large_image","twitter_misc":{"Tempo estimado de leitura":"1 minuto"},"schema":{"@context":"https:\/\/schema.org","@graph":[{"@type":"WebPage","@id":"https:\/\/direcaocientifica.uem.mz\/?page_id=99","url":"https:\/\/direcaocientifica.uem.mz\/?page_id=99","name":"Organograma -","isPartOf":{"@id":"https:\/\/direcaocientifica.uem.mz\/#website"},"primaryImageOfPage":{"@id":"https:\/\/direcaocientifica.uem.mz\/?page_id=99#primaryimage"},"image":{"@id":"https:\/\/direcaocientifica.uem.mz\/?page_id=99#primaryimage"},"thumbnailUrl":"https:\/\/direcaocientifica.uem.mz\/wp-content\/uploads\/2024\/09\/organograma-768x447.png","datePublished":"2024-08-29T13:20:58+00:00","breadcrumb":{"@id":"https:\/\/direcaocientifica.uem.mz\/?page_id=99#breadcrumb"},"inLanguage":"pt-PT","potentialAction":[{"@type":"ReadAction","target":["https:\/\/direcaocientifica.uem.mz\/?page_id=99"]}]},{"@type":"ImageObject","inLanguage":"pt-PT","@id":"https:\/\/direcaocientifica.uem.mz\/?page_id=99#primaryimage","url":"https:\/\/direcaocientifica.uem.mz\/wp-content\/uploads\/2024\/09\/organograma.png","contentUrl":"https:\/\/direcaocientifica.uem.mz\/wp-content\/uploads\/2024\/09\/organograma.png","width":906,"height":527},{"@type":"BreadcrumbList","@id":"https:\/\/direcaocientifica.uem.mz\/?page_id=99#breadcrumb","itemListElement":[{"@type":"ListItem","position":1,"name":"Home","item":"https:\/\/direcaocientifica.uem.mz\/"},{"@type":"ListItem","position":2,"name":"Organograma"}]},{"@type":"WebSite","@id":"https:\/\/direcaocientifica.uem.mz\/#website","url":"https:\/\/direcaocientifica.uem.mz\/","name":"Direc\u00e7\u00e3o Cientifica","description":"","alternateName":"DC","potentialAction":[{"@type":"SearchAction","target":{"@type":"EntryPoint","urlTemplate":"https:\/\/direcaocientifica.uem.mz\/?s={search_term_string}"},"query-input":{"@type":"PropertyValueSpecification","valueRequired":true,"valueName":"search_term_string"}}],"inLanguage":"pt-PT"}]}},"rttpg_featured_image_url":null,"rttpg_author":{"display_name":"Arnaldo","author_link":"https:\/\/direcaocientifica.uem.mz\/?author=3"},"rttpg_comment":0,"rttpg_category":null,"rttpg_excerpt":"Organograma O Departamento de Investiga\u00e7\u00e3o, Extens\u00e3o e Desenvolvimento Tem a responsabilidade de promover e supervisionar a actividade cient\u00edfica na Universidade Eduardo Mondlane, bem como promover a interac\u00e7\u00e3o entre a institui\u00e7\u00e3o e a sociedade em geral, no intuito de contribuir para o desenvolvimento do pa\u00eds. O Departamento Editorial, P\u00f3s-Gradua\u00e7\u00e3o e Carreira Docente \u00c9 respons\u00e1vel pela organiza\u00e7\u00e3o&hellip;","_links":{"self":[{"href":"https:\/\/direcaocientifica.uem.mz\/index.php?rest_route=\/wp\/v2\/pages\/99","targetHints":{"allow":["GET"]}}],"collection":[{"href":"https:\/\/direcaocientifica.uem.mz\/index.php?rest_route=\/wp\/v2\/pages"}],"about":[{"href":"https:\/\/direcaocientifica.uem.mz\/index.php?rest_route=\/wp\/v2\/types\/page"}],"author":[{"embeddable":true,"href":"https:\/\/direcaocientifica.uem.mz\/index.php?rest_route=\/wp\/v2\/users\/3"}],"replies":[{"embeddable":true,"href":"https:\/\/direcaocientifica.uem.mz\/index.php?rest_route=%2Fwp%2Fv2%2Fcomments&post=99"}],"version-history":[{"count":0,"href":"https:\/\/direcaocientifica.uem.mz\/index.php?rest_route=\/wp\/v2\/pages\/99\/revisions"}],"wp:attachment":[{"href":"https:\/\/direcaocientifica.uem.mz\/index.php?rest_route=%2Fwp%2Fv2%2Fmedia&parent=99"}],"curies":[{"name":"wp","href":"https:\/\/api.w.org\/{rel}","templated":true}]}}