{"id":179,"date":"2024-08-29T13:31:25","date_gmt":"2024-08-29T13:31:25","guid":{"rendered":"https:\/\/dc.ghost.uem.mz\/?page_id=179"},"modified":"2024-08-29T13:31:25","modified_gmt":"2024-08-29T13:31:25","slug":"normas-e-regulamentos","status":"publish","type":"page","link":"https:\/\/direcaocientifica.uem.mz\/?page_id=179","title":{"rendered":"Normas e regulamentos"},"content":{"rendered":"\t\t<div data-elementor-type=\"wp-page\" data-elementor-id=\"179\" class=\"elementor elementor-179\">\n\t\t\t\t<div class=\"elementor-element elementor-element-64bced2 e-flex e-con-boxed e-con e-parent\" data-id=\"64bced2\" data-element_type=\"container\">\n\t\t\t\t\t<div class=\"e-con-inner\">\n\t\t\t\t<div class=\"elementor-element elementor-element-9afd799 elementor-widget elementor-widget-heading\" data-id=\"9afd799\" data-element_type=\"widget\" data-widget_type=\"heading.default\">\n\t\t\t\t<div class=\"elementor-widget-container\">\n\t\t\t\t\t<h2 class=\"elementor-heading-title elementor-size-default\">Normas e Regulamentos<\/h2>\t\t\t\t<\/div>\n\t\t\t\t<\/div>\n\t\t\t\t\t<\/div>\n\t\t\t\t<\/div>\n\t\t<div class=\"elementor-element elementor-element-1896c3b e-flex e-con-boxed e-con e-parent\" data-id=\"1896c3b\" data-element_type=\"container\">\n\t\t\t\t\t<div class=\"e-con-inner\">\n\t\t\t\t<div class=\"elementor-element elementor-element-a25bec0 elementor-widget elementor-widget-elementskit-accordion\" data-id=\"a25bec0\" data-element_type=\"widget\" data-widget_type=\"elementskit-accordion.default\">\n\t\t\t\t<div class=\"elementor-widget-container\">\n\t\t\t\t\t<div class=\"ekit-wid-con\" >\n        <div class=\"elementskit-accordion accoedion-primary\" id=\"accordion-69f2cc4fc3af2\">\n\n            \n                <div class=\"elementskit-card active\">\n                    <div class=\"elementskit-card-header\" id=\"primaryHeading-0-a25bec0\">\n                        <a href=\"#collapse-d596bf969f2cc4fc3af2\" class=\"ekit-accordion--toggler elementskit-btn-link collapsed\" data-ekit-toggle=\"collapse\" data-target=\"#Collapse-d596bf969f2cc4fc3af2\" aria-expanded=\"true\" aria-controls=\"Collapse-d596bf969f2cc4fc3af2\">\n                            \n                            <span class=\"ekit-accordion-title\">Normas<\/span>\n\n                            \n                                <div class=\"ekit_accordion_icon_group\">\n                                    <div class=\"ekit_accordion_normal_icon\">\n                                        <!-- Normal Icon -->\n\t\t\t\t\t\t\t\t\t\t<i class=\"icon icon-down-arrow1\"><\/i>                                    <\/div>\n\n                                    <div class=\"ekit_accordion_active_icon\">\n                                        <!-- Active Icon -->\n\t\t\t\t\t\t\t\t\t\t<i class=\"icon icon-up-arrow\"><\/i>                                    <\/div>\n                                <\/div>\n\n                            \n                                                    <\/a>\n                    <\/div>\n\n                    <div id=\"Collapse-d596bf969f2cc4fc3af2\" class=\" show collapse\" aria-labelledby=\"primaryHeading-0-a25bec0\" data-parent=\"#accordion-69f2cc4fc3af2\">\n\n                        <div class=\"elementskit-card-body ekit-accordion--content\">\n                            <ul><li><a href=\"#\">Normas de Acesso e Gest\u00e3o do Fundo de Investiga\u00e7\u00e3o Cient\u00edfica<\/a><\/li><li><a href=\"#\">Normas de Acesso ao Fundo de P\u00f3s-gradua\u00e7\u00e3o<\/a><\/li><li><a href=\"#\">Normas de Candidatura para Ingresso e Promo\u00e7\u00e3o na Carreira Docente<\/a><\/li><li><a href=\"#\">Normas do Fundo de Aquisi\u00e7\u00e3o e Manuten\u00e7\u00e3o de Equipamentos<\/a><\/li><\/ul>                        <\/div>\n\n                    <\/div>\n\n                <\/div><!-- .elementskit-card END -->\n\n                \n                <div class=\"elementskit-card \">\n                    <div class=\"elementskit-card-header\" id=\"primaryHeading-1-a25bec0\">\n                        <a href=\"#collapse-32d60c869f2cc4fc3af2\" class=\"ekit-accordion--toggler elementskit-btn-link collapsed\" data-ekit-toggle=\"collapse\" data-target=\"#Collapse-32d60c869f2cc4fc3af2\" aria-expanded=\"false\" aria-controls=\"Collapse-32d60c869f2cc4fc3af2\">\n                            \n                            <span class=\"ekit-accordion-title\">Regulamentos<\/span>\n\n                            \n                                <div class=\"ekit_accordion_icon_group\">\n                                    <div class=\"ekit_accordion_normal_icon\">\n                                        <!-- Normal Icon -->\n\t\t\t\t\t\t\t\t\t\t<i class=\"icon icon-down-arrow1\"><\/i>                                    <\/div>\n\n                                    <div class=\"ekit_accordion_active_icon\">\n                                        <!-- Active Icon -->\n\t\t\t\t\t\t\t\t\t\t<i class=\"icon icon-up-arrow\"><\/i>                                    <\/div>\n                                <\/div>\n\n                            \n                                                    <\/a>\n                    <\/div>\n\n                    <div id=\"Collapse-32d60c869f2cc4fc3af2\" class=\" collapse\" aria-labelledby=\"primaryHeading-1-a25bec0\" data-parent=\"#accordion-69f2cc4fc3af2\">\n\n                        <div class=\"elementskit-card-body ekit-accordion--content\">\n                            <ul><li><a href=\"#\">Regulamento Atribui\u00e7\u00e3o de T\u00edtulos Honor\u00edficos<\/a><\/li><li><a href=\"#\">Regulamento de Avalia\u00e7\u00e3o do Desempenho do Corpo Docente e Investigador da UEM<\/a><\/li><li><a href=\"#\">Regulamento da Carreira Docente da UEM<\/a><\/li><li><a href=\"#\">Regulamento da Carreira de Investiga\u00e7\u00e3o Cient\u00edfica<\/a><\/li><li><a href=\"#\">Regulamento dos Cursos de P\u00f3s-gradua\u00e7\u00e3o da UEM<\/a><\/li><li><a href=\"#\">Regulamento de Financiamento de Participa\u00e7\u00e3o em Eventos Cient\u00edficos<\/a><\/li><li><a href=\"#\">Regulamento de P\u00f3s-gradua\u00e7\u00e3o<\/a><\/li><\/ul>                        <\/div>\n\n                    <\/div>\n\n                <\/div><!-- .elementskit-card END -->\n\n                \n                <div class=\"elementskit-card \">\n                    <div class=\"elementskit-card-header\" id=\"primaryHeading-2-a25bec0\">\n                        <a href=\"#collapse-e73560d69f2cc4fc3af2\" class=\"ekit-accordion--toggler elementskit-btn-link collapsed\" data-ekit-toggle=\"collapse\" data-target=\"#Collapse-e73560d69f2cc4fc3af2\" aria-expanded=\"false\" aria-controls=\"Collapse-e73560d69f2cc4fc3af2\">\n                            \n                            <span class=\"ekit-accordion-title\">Pol\u00edticas<\/span>\n\n                            \n                                <div class=\"ekit_accordion_icon_group\">\n                                    <div class=\"ekit_accordion_normal_icon\">\n                                        <!-- Normal Icon -->\n\t\t\t\t\t\t\t\t\t\t<i class=\"icon icon-down-arrow1\"><\/i>                                    <\/div>\n\n                                    <div class=\"ekit_accordion_active_icon\">\n                                        <!-- Active Icon -->\n\t\t\t\t\t\t\t\t\t\t<i class=\"icon icon-up-arrow\"><\/i>                                    <\/div>\n                                <\/div>\n\n                            \n                                                    <\/a>\n                    <\/div>\n\n                    <div id=\"Collapse-e73560d69f2cc4fc3af2\" class=\" collapse\" aria-labelledby=\"primaryHeading-2-a25bec0\" data-parent=\"#accordion-69f2cc4fc3af2\">\n\n                        <div class=\"elementskit-card-body ekit-accordion--content\">\n                            <ul><li><a href=\"#\">Pol\u00edtica de Extens\u00e3o e Inova\u00e7\u00e3o da UEM<\/a><\/li><li><a href=\"#\">Pol\u00edtica e Estrat\u00e9gia de Propriedade Intelectual da UEM<\/a><\/li><li><a href=\"#\">Pol\u00edtica de Investiga\u00e7\u00e3o da UEM<\/a><\/li><li><a href=\"#\">Pol\u00edtica de Publica\u00e7\u00e3o Cient\u00edfica na UEM<\/a><\/li><li><a href=\"#\">Pol\u00edtica de Publica\u00e7\u00e3o Cient\u00edfica na UEM<\/a><\/li><li><a href=\"#\">Pol\u00edtica de Subsidio de Coordena\u00e7\u00e3o de Programas de Investiga\u00e7\u00e3o Cientifica na UEM<\/a><\/li><\/ul>                        <\/div>\n\n                    <\/div>\n\n                <\/div><!-- .elementskit-card END -->\n\n                \n                <div class=\"elementskit-card \">\n                    <div class=\"elementskit-card-header\" id=\"primaryHeading-3-a25bec0\">\n                        <a href=\"#collapse-8a3c62569f2cc4fc3af2\" class=\"ekit-accordion--toggler elementskit-btn-link collapsed\" data-ekit-toggle=\"collapse\" data-target=\"#Collapse-8a3c62569f2cc4fc3af2\" aria-expanded=\"false\" aria-controls=\"Collapse-8a3c62569f2cc4fc3af2\">\n                            \n                            <span class=\"ekit-accordion-title\">Outros<\/span>\n\n                            \n                                <div class=\"ekit_accordion_icon_group\">\n                                    <div class=\"ekit_accordion_normal_icon\">\n                                        <!-- Normal Icon -->\n\t\t\t\t\t\t\t\t\t\t<i class=\"icon icon-down-arrow1\"><\/i>                                    <\/div>\n\n                                    <div class=\"ekit_accordion_active_icon\">\n                                        <!-- Active Icon -->\n\t\t\t\t\t\t\t\t\t\t<i class=\"icon icon-up-arrow\"><\/i>                                    <\/div>\n                                <\/div>\n\n                            \n                                                    <\/a>\n                    <\/div>\n\n                    <div id=\"Collapse-8a3c62569f2cc4fc3af2\" class=\" collapse\" aria-labelledby=\"primaryHeading-3-a25bec0\" data-parent=\"#accordion-69f2cc4fc3af2\">\n\n                        <div class=\"elementskit-card-body ekit-accordion--content\">\n                            <ul><li><a href=\"#\">Directriz para a Dupla Titula\u00e7\u00e3o a N\u00edvel de Doutoramento<\/a><\/li><li><a href=\"#\">Directiva sobre o Uso dos T\u00edtulos Acad\u00e9micos e categorias Acad\u00e9micas na UEM<\/a><\/li><li><a href=\"#\">Fundo de Incentivo a Publica\u00e7\u00e3o Cient\u00edficas na UEM<\/a><\/li><li><a href=\"#\">Linhas de Investiga\u00e7\u00e3o da UEM<\/a><\/li><li><a href=\"#\">Manual de Procedimentos Operacionais de Gest\u00e3o do Processo Pedag\u00f3gico da P\u00f3s-gradua\u00e7\u00e3o<\/a><\/li><li><a href=\"#\">Manual de Procedimentos Gerais para a Instala\u00e7\u00e3o, Opera\u00e7\u00e3o, Gest\u00e3o e Manuten\u00e7\u00e3o de Laborat\u00f3rios da UEM<\/a><\/li><li><a href=\"#\">Quadro Curricular para P\u00f3s-gradua\u00e7\u00e3o da UEM<\/a><\/li><\/ul>                        <\/div>\n\n                    <\/div>\n\n                <\/div><!-- .elementskit-card END -->\n\n                                        <\/div>\n    <\/div>\t\t\t\t<\/div>\n\t\t\t\t<\/div>\n\t\t\t\t\t<\/div>\n\t\t\t\t<\/div>\n\t\t\t\t<\/div>\n\t\t","protected":false},"excerpt":{"rendered":"<p>Normas e Regulamentos Normas Normas de Acesso e Gest\u00e3o do Fundo de Investiga\u00e7\u00e3o Cient\u00edfica Normas de Acesso ao Fundo de P\u00f3s-gradua\u00e7\u00e3o Normas de Candidatura para Ingresso e Promo\u00e7\u00e3o na Carreira Docente Normas do Fundo de Aquisi\u00e7\u00e3o e Manuten\u00e7\u00e3o de Equipamentos Regulamentos Regulamento Atribui\u00e7\u00e3o de T\u00edtulos Honor\u00edficos Regulamento de Avalia\u00e7\u00e3o do Desempenho do Corpo Docente e [&hellip;]<\/p>\n","protected":false},"author":3,"featured_media":0,"parent":0,"menu_order":0,"comment_status":"closed","ping_status":"closed","template":"","meta":{"inline_featured_image":false,"site-sidebar-layout":"no-sidebar","site-content-layout":"","ast-site-content-layout":"full-width-container","site-content-style":"default","site-sidebar-style":"default","ast-global-header-display":"","ast-banner-title-visibility":"","ast-main-header-display":"","ast-hfb-above-header-display":"","ast-hfb-below-header-display":"","ast-hfb-mobile-header-display":"","site-post-title":"disabled","ast-breadcrumbs-content":"","ast-featured-img":"disabled","footer-sml-layout":"","theme-transparent-header-meta":"","adv-header-id-meta":"","stick-header-meta":"","header-above-stick-meta":"","header-main-stick-meta":"","header-below-stick-meta":"","astra-migrate-meta-layouts":"default","ast-page-background-enabled":"default","ast-page-background-meta":{"desktop":{"background-color":"var(--ast-global-color-5)","background-image":"","background-repeat":"repeat","background-position":"center center","background-size":"auto","background-attachment":"scroll","background-type":"","background-media":"","overlay-type":"","overlay-color":"","overlay-opacity":"","overlay-gradient":""},"tablet":{"background-color":"","background-image":"","background-repeat":"repeat","background-position":"center center","background-size":"auto","background-attachment":"scroll","background-type":"","background-media":"","overlay-type":"","overlay-color":"","overlay-opacity":"","overlay-gradient":""},"mobile":{"background-color":"","background-image":"","background-repeat":"repeat","background-position":"center center","background-size":"auto","background-attachment":"scroll","background-type":"","background-media":"","overlay-type":"","overlay-color":"","overlay-opacity":"","overlay-gradient":""}},"ast-content-background-meta":{"desktop":{"background-color":"var(--ast-global-color-4)","background-image":"","background-repeat":"repeat","background-position":"center center","background-size":"auto","background-attachment":"scroll","background-type":"","background-media":"","overlay-type":"","overlay-color":"","overlay-opacity":"","overlay-gradient":""},"tablet":{"background-color":"var(--ast-global-color-4)","background-image":"","background-repeat":"repeat","background-position":"center center","background-size":"auto","background-attachment":"scroll","background-type":"","background-media":"","overlay-type":"","overlay-color":"","overlay-opacity":"","overlay-gradient":""},"mobile":{"background-color":"var(--ast-global-color-4)","background-image":"","background-repeat":"repeat","background-position":"center center","background-size":"auto","background-attachment":"scroll","background-type":"","background-media":"","overlay-type":"","overlay-color":"","overlay-opacity":"","overlay-gradient":""}},"footnotes":""},"class_list":["post-179","page","type-page","status-publish","hentry"],"yoast_head":"<!-- This site is optimized with the Yoast SEO plugin v26.3 - https:\/\/yoast.com\/wordpress\/plugins\/seo\/ -->\n<title>Normas e regulamentos -<\/title>\n<meta name=\"robots\" content=\"index, follow, max-snippet:-1, max-image-preview:large, max-video-preview:-1\" \/>\n<link rel=\"canonical\" href=\"https:\/\/direcaocientifica.uem.mz\/?page_id=179\" \/>\n<meta property=\"og:locale\" content=\"pt_PT\" \/>\n<meta property=\"og:type\" content=\"article\" \/>\n<meta property=\"og:title\" content=\"Normas e regulamentos -\" \/>\n<meta property=\"og:description\" content=\"Normas e Regulamentos Normas Normas de Acesso e Gest\u00e3o do Fundo de Investiga\u00e7\u00e3o Cient\u00edfica Normas de Acesso ao Fundo de P\u00f3s-gradua\u00e7\u00e3o Normas de Candidatura para Ingresso e Promo\u00e7\u00e3o na Carreira Docente Normas do Fundo de Aquisi\u00e7\u00e3o e Manuten\u00e7\u00e3o de Equipamentos Regulamentos Regulamento Atribui\u00e7\u00e3o de T\u00edtulos Honor\u00edficos Regulamento de Avalia\u00e7\u00e3o do Desempenho do Corpo Docente e [&hellip;]\" \/>\n<meta property=\"og:url\" content=\"https:\/\/direcaocientifica.uem.mz\/?page_id=179\" \/>\n<meta property=\"og:site_name\" content=\"Direc\u00e7\u00e3o Cientifica\" \/>\n<meta name=\"twitter:card\" content=\"summary_large_image\" \/>\n<meta name=\"twitter:label1\" content=\"Tempo estimado de leitura\" \/>\n\t<meta name=\"twitter:data1\" content=\"1 minuto\" \/>\n<script type=\"application\/ld+json\" class=\"yoast-schema-graph\">{\"@context\":\"https:\/\/schema.org\",\"@graph\":[{\"@type\":\"WebPage\",\"@id\":\"https:\/\/direcaocientifica.uem.mz\/?page_id=179\",\"url\":\"https:\/\/direcaocientifica.uem.mz\/?page_id=179\",\"name\":\"Normas e regulamentos -\",\"isPartOf\":{\"@id\":\"https:\/\/direcaocientifica.uem.mz\/#website\"},\"datePublished\":\"2024-08-29T13:31:25+00:00\",\"breadcrumb\":{\"@id\":\"https:\/\/direcaocientifica.uem.mz\/?page_id=179#breadcrumb\"},\"inLanguage\":\"pt-PT\",\"potentialAction\":[{\"@type\":\"ReadAction\",\"target\":[\"https:\/\/direcaocientifica.uem.mz\/?page_id=179\"]}]},{\"@type\":\"BreadcrumbList\",\"@id\":\"https:\/\/direcaocientifica.uem.mz\/?page_id=179#breadcrumb\",\"itemListElement\":[{\"@type\":\"ListItem\",\"position\":1,\"name\":\"Home\",\"item\":\"https:\/\/direcaocientifica.uem.mz\/\"},{\"@type\":\"ListItem\",\"position\":2,\"name\":\"Normas e regulamentos\"}]},{\"@type\":\"WebSite\",\"@id\":\"https:\/\/direcaocientifica.uem.mz\/#website\",\"url\":\"https:\/\/direcaocientifica.uem.mz\/\",\"name\":\"Direc\u00e7\u00e3o Cientifica\",\"description\":\"\",\"alternateName\":\"DC\",\"potentialAction\":[{\"@type\":\"SearchAction\",\"target\":{\"@type\":\"EntryPoint\",\"urlTemplate\":\"https:\/\/direcaocientifica.uem.mz\/?s={search_term_string}\"},\"query-input\":{\"@type\":\"PropertyValueSpecification\",\"valueRequired\":true,\"valueName\":\"search_term_string\"}}],\"inLanguage\":\"pt-PT\"}]}<\/script>\n<!-- \/ Yoast SEO plugin. -->","yoast_head_json":{"title":"Normas e regulamentos -","robots":{"index":"index","follow":"follow","max-snippet":"max-snippet:-1","max-image-preview":"max-image-preview:large","max-video-preview":"max-video-preview:-1"},"canonical":"https:\/\/direcaocientifica.uem.mz\/?page_id=179","og_locale":"pt_PT","og_type":"article","og_title":"Normas e regulamentos -","og_description":"Normas e Regulamentos Normas Normas de Acesso e Gest\u00e3o do Fundo de Investiga\u00e7\u00e3o Cient\u00edfica Normas de Acesso ao Fundo de P\u00f3s-gradua\u00e7\u00e3o Normas de Candidatura para Ingresso e Promo\u00e7\u00e3o na Carreira Docente Normas do Fundo de Aquisi\u00e7\u00e3o e Manuten\u00e7\u00e3o de Equipamentos Regulamentos Regulamento Atribui\u00e7\u00e3o de T\u00edtulos Honor\u00edficos Regulamento de Avalia\u00e7\u00e3o do Desempenho do Corpo Docente e [&hellip;]","og_url":"https:\/\/direcaocientifica.uem.mz\/?page_id=179","og_site_name":"Direc\u00e7\u00e3o Cientifica","twitter_card":"summary_large_image","twitter_misc":{"Tempo estimado de leitura":"1 minuto"},"schema":{"@context":"https:\/\/schema.org","@graph":[{"@type":"WebPage","@id":"https:\/\/direcaocientifica.uem.mz\/?page_id=179","url":"https:\/\/direcaocientifica.uem.mz\/?page_id=179","name":"Normas e regulamentos -","isPartOf":{"@id":"https:\/\/direcaocientifica.uem.mz\/#website"},"datePublished":"2024-08-29T13:31:25+00:00","breadcrumb":{"@id":"https:\/\/direcaocientifica.uem.mz\/?page_id=179#breadcrumb"},"inLanguage":"pt-PT","potentialAction":[{"@type":"ReadAction","target":["https:\/\/direcaocientifica.uem.mz\/?page_id=179"]}]},{"@type":"BreadcrumbList","@id":"https:\/\/direcaocientifica.uem.mz\/?page_id=179#breadcrumb","itemListElement":[{"@type":"ListItem","position":1,"name":"Home","item":"https:\/\/direcaocientifica.uem.mz\/"},{"@type":"ListItem","position":2,"name":"Normas e regulamentos"}]},{"@type":"WebSite","@id":"https:\/\/direcaocientifica.uem.mz\/#website","url":"https:\/\/direcaocientifica.uem.mz\/","name":"Direc\u00e7\u00e3o Cientifica","description":"","alternateName":"DC","potentialAction":[{"@type":"SearchAction","target":{"@type":"EntryPoint","urlTemplate":"https:\/\/direcaocientifica.uem.mz\/?s={search_term_string}"},"query-input":{"@type":"PropertyValueSpecification","valueRequired":true,"valueName":"search_term_string"}}],"inLanguage":"pt-PT"}]}},"rttpg_featured_image_url":null,"rttpg_author":{"display_name":"Arnaldo","author_link":"https:\/\/direcaocientifica.uem.mz\/?author=3"},"rttpg_comment":0,"rttpg_category":null,"rttpg_excerpt":"Normas e Regulamentos Normas Normas de Acesso e Gest\u00e3o do Fundo de Investiga\u00e7\u00e3o Cient\u00edfica Normas de Acesso ao Fundo de P\u00f3s-gradua\u00e7\u00e3o Normas de Candidatura para Ingresso e Promo\u00e7\u00e3o na Carreira Docente Normas do Fundo de Aquisi\u00e7\u00e3o e Manuten\u00e7\u00e3o de Equipamentos Regulamentos Regulamento Atribui\u00e7\u00e3o de T\u00edtulos Honor\u00edficos Regulamento de Avalia\u00e7\u00e3o do Desempenho do Corpo Docente e&hellip;","_links":{"self":[{"href":"https:\/\/direcaocientifica.uem.mz\/index.php?rest_route=\/wp\/v2\/pages\/179","targetHints":{"allow":["GET"]}}],"collection":[{"href":"https:\/\/direcaocientifica.uem.mz\/index.php?rest_route=\/wp\/v2\/pages"}],"about":[{"href":"https:\/\/direcaocientifica.uem.mz\/index.php?rest_route=\/wp\/v2\/types\/page"}],"author":[{"embeddable":true,"href":"https:\/\/direcaocientifica.uem.mz\/index.php?rest_route=\/wp\/v2\/users\/3"}],"replies":[{"embeddable":true,"href":"https:\/\/direcaocientifica.uem.mz\/index.php?rest_route=%2Fwp%2Fv2%2Fcomments&post=179"}],"version-history":[{"count":0,"href":"https:\/\/direcaocientifica.uem.mz\/index.php?rest_route=\/wp\/v2\/pages\/179\/revisions"}],"wp:attachment":[{"href":"https:\/\/direcaocientifica.uem.mz\/index.php?rest_route=%2Fwp%2Fv2%2Fmedia&parent=179"}],"curies":[{"name":"wp","href":"https:\/\/api.w.org\/{rel}","templated":true}]}}