{"id":158,"date":"2024-08-29T13:27:40","date_gmt":"2024-08-29T13:27:40","guid":{"rendered":"https:\/\/dc.ghost.uem.mz\/?page_id=158"},"modified":"2024-08-29T13:27:40","modified_gmt":"2024-08-29T13:27:40","slug":"trabalhos-de-culminacao-de-estudos","status":"publish","type":"page","link":"https:\/\/direcaocientifica.uem.mz\/?page_id=158","title":{"rendered":"Trabalhos de culmina\u00e7\u00e3o de estudos"},"content":{"rendered":"\t\t<div data-elementor-type=\"wp-page\" data-elementor-id=\"158\" class=\"elementor elementor-158\">\n\t\t\t\t<div class=\"elementor-element elementor-element-5191055 e-flex e-con-boxed e-con e-parent\" data-id=\"5191055\" data-element_type=\"container\">\n\t\t\t\t\t<div class=\"e-con-inner\">\n\t\t\t\t<div class=\"elementor-element elementor-element-2800e26 elementor-widget elementor-widget-heading\" data-id=\"2800e26\" data-element_type=\"widget\" data-widget_type=\"heading.default\">\n\t\t\t\t<div class=\"elementor-widget-container\">\n\t\t\t\t\t<h2 class=\"elementor-heading-title elementor-size-default\">Trabalhos de culmina\u00e7\u00e3o de estudos<\/h2>\t\t\t\t<\/div>\n\t\t\t\t<\/div>\n\t\t\t\t<div class=\"elementor-element elementor-element-2a5fc2c elementor-widget elementor-widget-text-editor\" data-id=\"2a5fc2c\" data-element_type=\"widget\" data-widget_type=\"text-editor.default\">\n\t\t\t\t<div class=\"elementor-widget-container\">\n\t\t\t\t\t\t\t\t\t<p>A bolsa para<strong> \u201c<\/strong>financiamento de<strong> trabalhos de investiga\u00e7\u00e3o cient\u00edfica conducentes \u00e0 elabora\u00e7\u00e3o de disserta\u00e7\u00f5es de Mestrado e teses de Doutoramento\u201d <\/strong>integrados nos cursos ministrados na UEM, tem como objetivo, que al\u00e9m de apoiar financeiramente na materializa\u00e7\u00e3o para a finaliza\u00e7\u00e3o dos seus estudos, promover e dinamizar a investiga\u00e7\u00e3o cient\u00edfica nesta Universidade.<\/p><ol><li>Requisitos para a candidatura<\/li><li>Estar matriculado na fase de disserta\u00e7\u00e3o num dos cursos de Mestrado ou Doutoramento da UEM;<\/li><li>Ter conclu\u00eddo a componente curricular com m\u00e9dia igual ou superior a 14 (catorze) valores (se aplic\u00e1vel);<\/li><li>Ter Supervisor na UEM; e<\/li><li>Possuir uma proposta de projecto de investiga\u00e7\u00e3o aprovada pelo Conselho Cient\u00edfico da Faculdade\/Escola.<\/li><\/ol>\t\t\t\t\t\t\t\t<\/div>\n\t\t\t\t<\/div>\n\t\t\t\t\t<\/div>\n\t\t\t\t<\/div>\n\t\t\t\t<\/div>\n\t\t","protected":false},"excerpt":{"rendered":"<p>Trabalhos de culmina\u00e7\u00e3o de estudos A bolsa para \u201cfinanciamento de trabalhos de investiga\u00e7\u00e3o cient\u00edfica conducentes \u00e0 elabora\u00e7\u00e3o de disserta\u00e7\u00f5es de Mestrado e teses de Doutoramento\u201d integrados nos cursos ministrados na UEM, tem como objetivo, que al\u00e9m de apoiar financeiramente na materializa\u00e7\u00e3o para a finaliza\u00e7\u00e3o dos seus estudos, promover e dinamizar a investiga\u00e7\u00e3o cient\u00edfica nesta Universidade. [&hellip;]<\/p>\n","protected":false},"author":3,"featured_media":0,"parent":0,"menu_order":0,"comment_status":"closed","ping_status":"closed","template":"","meta":{"inline_featured_image":false,"site-sidebar-layout":"no-sidebar","site-content-layout":"","ast-site-content-layout":"full-width-container","site-content-style":"default","site-sidebar-style":"default","ast-global-header-display":"","ast-banner-title-visibility":"","ast-main-header-display":"","ast-hfb-above-header-display":"","ast-hfb-below-header-display":"","ast-hfb-mobile-header-display":"","site-post-title":"disabled","ast-breadcrumbs-content":"","ast-featured-img":"disabled","footer-sml-layout":"","theme-transparent-header-meta":"","adv-header-id-meta":"","stick-header-meta":"","header-above-stick-meta":"","header-main-stick-meta":"","header-below-stick-meta":"","astra-migrate-meta-layouts":"default","ast-page-background-enabled":"default","ast-page-background-meta":{"desktop":{"background-color":"var(--ast-global-color-5)","background-image":"","background-repeat":"repeat","background-position":"center center","background-size":"auto","background-attachment":"scroll","background-type":"","background-media":"","overlay-type":"","overlay-color":"","overlay-opacity":"","overlay-gradient":""},"tablet":{"background-color":"","background-image":"","background-repeat":"repeat","background-position":"center center","background-size":"auto","background-attachment":"scroll","background-type":"","background-media":"","overlay-type":"","overlay-color":"","overlay-opacity":"","overlay-gradient":""},"mobile":{"background-color":"","background-image":"","background-repeat":"repeat","background-position":"center center","background-size":"auto","background-attachment":"scroll","background-type":"","background-media":"","overlay-type":"","overlay-color":"","overlay-opacity":"","overlay-gradient":""}},"ast-content-background-meta":{"desktop":{"background-color":"var(--ast-global-color-4)","background-image":"","background-repeat":"repeat","background-position":"center center","background-size":"auto","background-attachment":"scroll","background-type":"","background-media":"","overlay-type":"","overlay-color":"","overlay-opacity":"","overlay-gradient":""},"tablet":{"background-color":"var(--ast-global-color-4)","background-image":"","background-repeat":"repeat","background-position":"center center","background-size":"auto","background-attachment":"scroll","background-type":"","background-media":"","overlay-type":"","overlay-color":"","overlay-opacity":"","overlay-gradient":""},"mobile":{"background-color":"var(--ast-global-color-4)","background-image":"","background-repeat":"repeat","background-position":"center center","background-size":"auto","background-attachment":"scroll","background-type":"","background-media":"","overlay-type":"","overlay-color":"","overlay-opacity":"","overlay-gradient":""}},"footnotes":""},"class_list":["post-158","page","type-page","status-publish","hentry"],"yoast_head":"<!-- This site is optimized with the Yoast SEO plugin v26.3 - https:\/\/yoast.com\/wordpress\/plugins\/seo\/ -->\n<title>Trabalhos de culmina\u00e7\u00e3o de estudos -<\/title>\n<meta name=\"robots\" content=\"index, follow, max-snippet:-1, max-image-preview:large, max-video-preview:-1\" \/>\n<link rel=\"canonical\" href=\"https:\/\/direcaocientifica.uem.mz\/?page_id=158\" \/>\n<meta property=\"og:locale\" content=\"pt_PT\" \/>\n<meta property=\"og:type\" content=\"article\" \/>\n<meta property=\"og:title\" content=\"Trabalhos de culmina\u00e7\u00e3o de estudos -\" \/>\n<meta property=\"og:description\" content=\"Trabalhos de culmina\u00e7\u00e3o de estudos A bolsa para \u201cfinanciamento de trabalhos de investiga\u00e7\u00e3o cient\u00edfica conducentes \u00e0 elabora\u00e7\u00e3o de disserta\u00e7\u00f5es de Mestrado e teses de Doutoramento\u201d integrados nos cursos ministrados na UEM, tem como objetivo, que al\u00e9m de apoiar financeiramente na materializa\u00e7\u00e3o para a finaliza\u00e7\u00e3o dos seus estudos, promover e dinamizar a investiga\u00e7\u00e3o cient\u00edfica nesta Universidade. [&hellip;]\" \/>\n<meta property=\"og:url\" content=\"https:\/\/direcaocientifica.uem.mz\/?page_id=158\" \/>\n<meta property=\"og:site_name\" content=\"Direc\u00e7\u00e3o Cientifica\" \/>\n<meta name=\"twitter:card\" content=\"summary_large_image\" \/>\n<meta name=\"twitter:label1\" content=\"Tempo estimado de leitura\" \/>\n\t<meta name=\"twitter:data1\" content=\"1 minuto\" \/>\n<script type=\"application\/ld+json\" class=\"yoast-schema-graph\">{\"@context\":\"https:\/\/schema.org\",\"@graph\":[{\"@type\":\"WebPage\",\"@id\":\"https:\/\/direcaocientifica.uem.mz\/?page_id=158\",\"url\":\"https:\/\/direcaocientifica.uem.mz\/?page_id=158\",\"name\":\"Trabalhos de culmina\u00e7\u00e3o de estudos -\",\"isPartOf\":{\"@id\":\"https:\/\/direcaocientifica.uem.mz\/#website\"},\"datePublished\":\"2024-08-29T13:27:40+00:00\",\"breadcrumb\":{\"@id\":\"https:\/\/direcaocientifica.uem.mz\/?page_id=158#breadcrumb\"},\"inLanguage\":\"pt-PT\",\"potentialAction\":[{\"@type\":\"ReadAction\",\"target\":[\"https:\/\/direcaocientifica.uem.mz\/?page_id=158\"]}]},{\"@type\":\"BreadcrumbList\",\"@id\":\"https:\/\/direcaocientifica.uem.mz\/?page_id=158#breadcrumb\",\"itemListElement\":[{\"@type\":\"ListItem\",\"position\":1,\"name\":\"Home\",\"item\":\"https:\/\/direcaocientifica.uem.mz\/\"},{\"@type\":\"ListItem\",\"position\":2,\"name\":\"Trabalhos de culmina\u00e7\u00e3o de estudos\"}]},{\"@type\":\"WebSite\",\"@id\":\"https:\/\/direcaocientifica.uem.mz\/#website\",\"url\":\"https:\/\/direcaocientifica.uem.mz\/\",\"name\":\"Direc\u00e7\u00e3o Cientifica\",\"description\":\"\",\"alternateName\":\"DC\",\"potentialAction\":[{\"@type\":\"SearchAction\",\"target\":{\"@type\":\"EntryPoint\",\"urlTemplate\":\"https:\/\/direcaocientifica.uem.mz\/?s={search_term_string}\"},\"query-input\":{\"@type\":\"PropertyValueSpecification\",\"valueRequired\":true,\"valueName\":\"search_term_string\"}}],\"inLanguage\":\"pt-PT\"}]}<\/script>\n<!-- \/ Yoast SEO plugin. -->","yoast_head_json":{"title":"Trabalhos de culmina\u00e7\u00e3o de estudos -","robots":{"index":"index","follow":"follow","max-snippet":"max-snippet:-1","max-image-preview":"max-image-preview:large","max-video-preview":"max-video-preview:-1"},"canonical":"https:\/\/direcaocientifica.uem.mz\/?page_id=158","og_locale":"pt_PT","og_type":"article","og_title":"Trabalhos de culmina\u00e7\u00e3o de estudos -","og_description":"Trabalhos de culmina\u00e7\u00e3o de estudos A bolsa para \u201cfinanciamento de trabalhos de investiga\u00e7\u00e3o cient\u00edfica conducentes \u00e0 elabora\u00e7\u00e3o de disserta\u00e7\u00f5es de Mestrado e teses de Doutoramento\u201d integrados nos cursos ministrados na UEM, tem como objetivo, que al\u00e9m de apoiar financeiramente na materializa\u00e7\u00e3o para a finaliza\u00e7\u00e3o dos seus estudos, promover e dinamizar a investiga\u00e7\u00e3o cient\u00edfica nesta Universidade. [&hellip;]","og_url":"https:\/\/direcaocientifica.uem.mz\/?page_id=158","og_site_name":"Direc\u00e7\u00e3o Cientifica","twitter_card":"summary_large_image","twitter_misc":{"Tempo estimado de leitura":"1 minuto"},"schema":{"@context":"https:\/\/schema.org","@graph":[{"@type":"WebPage","@id":"https:\/\/direcaocientifica.uem.mz\/?page_id=158","url":"https:\/\/direcaocientifica.uem.mz\/?page_id=158","name":"Trabalhos de culmina\u00e7\u00e3o de estudos -","isPartOf":{"@id":"https:\/\/direcaocientifica.uem.mz\/#website"},"datePublished":"2024-08-29T13:27:40+00:00","breadcrumb":{"@id":"https:\/\/direcaocientifica.uem.mz\/?page_id=158#breadcrumb"},"inLanguage":"pt-PT","potentialAction":[{"@type":"ReadAction","target":["https:\/\/direcaocientifica.uem.mz\/?page_id=158"]}]},{"@type":"BreadcrumbList","@id":"https:\/\/direcaocientifica.uem.mz\/?page_id=158#breadcrumb","itemListElement":[{"@type":"ListItem","position":1,"name":"Home","item":"https:\/\/direcaocientifica.uem.mz\/"},{"@type":"ListItem","position":2,"name":"Trabalhos de culmina\u00e7\u00e3o de estudos"}]},{"@type":"WebSite","@id":"https:\/\/direcaocientifica.uem.mz\/#website","url":"https:\/\/direcaocientifica.uem.mz\/","name":"Direc\u00e7\u00e3o Cientifica","description":"","alternateName":"DC","potentialAction":[{"@type":"SearchAction","target":{"@type":"EntryPoint","urlTemplate":"https:\/\/direcaocientifica.uem.mz\/?s={search_term_string}"},"query-input":{"@type":"PropertyValueSpecification","valueRequired":true,"valueName":"search_term_string"}}],"inLanguage":"pt-PT"}]}},"rttpg_featured_image_url":null,"rttpg_author":{"display_name":"Arnaldo","author_link":"https:\/\/direcaocientifica.uem.mz\/?author=3"},"rttpg_comment":0,"rttpg_category":null,"rttpg_excerpt":"Trabalhos de culmina\u00e7\u00e3o de estudos A bolsa para \u201cfinanciamento de trabalhos de investiga\u00e7\u00e3o cient\u00edfica conducentes \u00e0 elabora\u00e7\u00e3o de disserta\u00e7\u00f5es de Mestrado e teses de Doutoramento\u201d integrados nos cursos ministrados na UEM, tem como objetivo, que al\u00e9m de apoiar financeiramente na materializa\u00e7\u00e3o para a finaliza\u00e7\u00e3o dos seus estudos, promover e dinamizar a investiga\u00e7\u00e3o cient\u00edfica nesta Universidade.&hellip;","_links":{"self":[{"href":"https:\/\/direcaocientifica.uem.mz\/index.php?rest_route=\/wp\/v2\/pages\/158","targetHints":{"allow":["GET"]}}],"collection":[{"href":"https:\/\/direcaocientifica.uem.mz\/index.php?rest_route=\/wp\/v2\/pages"}],"about":[{"href":"https:\/\/direcaocientifica.uem.mz\/index.php?rest_route=\/wp\/v2\/types\/page"}],"author":[{"embeddable":true,"href":"https:\/\/direcaocientifica.uem.mz\/index.php?rest_route=\/wp\/v2\/users\/3"}],"replies":[{"embeddable":true,"href":"https:\/\/direcaocientifica.uem.mz\/index.php?rest_route=%2Fwp%2Fv2%2Fcomments&post=158"}],"version-history":[{"count":0,"href":"https:\/\/direcaocientifica.uem.mz\/index.php?rest_route=\/wp\/v2\/pages\/158\/revisions"}],"wp:attachment":[{"href":"https:\/\/direcaocientifica.uem.mz\/index.php?rest_route=%2Fwp%2Fv2%2Fmedia&parent=158"}],"curies":[{"name":"wp","href":"https:\/\/api.w.org\/{rel}","templated":true}]}}