{"id":147,"date":"2024-08-29T13:26:36","date_gmt":"2024-08-29T13:26:36","guid":{"rendered":"https:\/\/dc.ghost.uem.mz\/?page_id=147"},"modified":"2024-08-29T13:26:36","modified_gmt":"2024-08-29T13:26:36","slug":"bolsas-de-estudo","status":"publish","type":"page","link":"https:\/\/direcaocientifica.uem.mz\/?page_id=147","title":{"rendered":"Bolsas de Estudo"},"content":{"rendered":"\t\t<div data-elementor-type=\"wp-page\" data-elementor-id=\"147\" class=\"elementor elementor-147\">\n\t\t\t\t<div class=\"elementor-element elementor-element-a6e4388 e-flex e-con-boxed e-con e-parent\" data-id=\"a6e4388\" data-element_type=\"container\">\n\t\t\t\t\t<div class=\"e-con-inner\">\n\t\t\t\t<div class=\"elementor-element elementor-element-90e7c18 elementor-widget elementor-widget-heading\" data-id=\"90e7c18\" data-element_type=\"widget\" data-widget_type=\"heading.default\">\n\t\t\t\t<div class=\"elementor-widget-container\">\n\t\t\t\t\t<h2 class=\"elementor-heading-title elementor-size-default\">Bolsas de estudo<\/h2>\t\t\t\t<\/div>\n\t\t\t\t<\/div>\n\t\t\t\t\t<\/div>\n\t\t\t\t<\/div>\n\t\t<div class=\"elementor-element elementor-element-dc6f356 e-flex e-con-boxed e-con e-parent\" data-id=\"dc6f356\" data-element_type=\"container\">\n\t\t\t\t\t<div class=\"e-con-inner\">\n\t\t\t\t<div class=\"elementor-element elementor-element-3f3592d elementor-widget elementor-widget-text-editor\" data-id=\"3f3592d\" data-element_type=\"widget\" data-widget_type=\"text-editor.default\">\n\t\t\t\t<div class=\"elementor-widget-container\">\n\t\t\t\t\t\t\t\t\t<p>A UEM oferece anualmente, bolsas de estudo para cursos de P\u00f3s-gradua\u00e7\u00e3o (Mestrado e Doutoramento) ministrados na UEM ao abrigo das Normas de Acesso ao Fundo de P\u00f3s-gradua\u00e7\u00e3o, bem como na comparticipa\u00e7\u00e3o na forma\u00e7\u00e3o de estudo no exterior.<\/p><p>Podem candidatar-se as bolsas:<\/p><ol><li>Pessoal interno: docentes, investigadores, membros do Corpo T\u00e9cnico e Administrativo (CTA) da UEM, de nacionalidade mo\u00e7ambicana, em regime de tempo inteiro;<\/li><li>Pessoal externo: estudantes de Mestrado na UEM, de nacionalidade mo\u00e7ambicana, sem nenhum v\u00ednculo contratual com a institui\u00e7\u00e3o. Tamb\u00e9m s\u00e3o considerados indiv\u00edduos externos os docentes da UEM de nacionalidade mo\u00e7ambicana, em regime de tempo parcial.<\/li><\/ol><p>O per\u00edodo de candidatura \u00e0s bolsas de estudo, sua dimens\u00e3o e os crit\u00e9rios de atribui\u00e7\u00e3o s\u00e3o fixados em edital publicado pela Direc\u00e7\u00e3o Cient\u00edfica que depende, sobretudo, de dota\u00e7\u00e3o or\u00e7amental.<\/p><ol start=\"2\"><li><strong>O processo de candidatura<\/strong><\/li><\/ol><p>O processo de candidatura faz-se atrav\u00e9s da submiss\u00e3o dos seguintes documentos:<\/p><ol><li><em>Carta de candidatura dirigida \u00e0 Vice-Reitora Acad\u00e9mica;<\/em><\/li><li><em>Declara\u00e7\u00e3o de inten\u00e7\u00e3o de pesquisa contendo: Tema de Investiga\u00e7\u00e3o; Objectivos; Justifica\u00e7\u00e3o do Estudo; Metodologia Geral de Investiga\u00e7\u00e3o; Resultados Esperados; Cronograma de Actividades; e Refer\u00eancias Bibliogr\u00e1ficas (num m\u00e1ximo de 4 p\u00e1ginas; Fonte: Times New-Roman, tamanho 12, Espa\u00e7amento 1,5; Sem o nome do(a) candidato(a) em nenhuma das p\u00e1ginas);<\/em><\/li><li><em>Certificado de conclus\u00e3o do n\u00edvel anterior;<\/em><\/li><li><em>Curriculum Vitae detalhado;<\/em><\/li><li><em>Carta de aceita\u00e7\u00e3o no curso de mestrado ou de doutoramento;<\/em><\/li><li><em>Declara\u00e7\u00e3o de rendimentos, para benefici\u00e1rios individuais externos;<\/em><\/li><li><em>Carta a declarar que n\u00e3o trabalha, para os benefici\u00e1rios individuais externos desempregados (anexar comprovativo das entidades competentes);<\/em><\/li><li><em>Carta da Unidade Org\u00e2nica de proveni\u00eancia, autorizando a continua\u00e7\u00e3o dos estudos e;<\/em><\/li><li><em>Factura proforma de propina anual emitido pela Faculdade\/Escola\/Centro<\/em><\/li><\/ol><p>O per\u00edodo de candidatura, sua dimens\u00e3o e os crit\u00e9rios de atribui\u00e7\u00e3o s\u00e3o fixados em edital publicado pela Direc\u00e7\u00e3o Cient\u00edfica que depende, sobretudo, de dota\u00e7\u00e3o or\u00e7amental.<\/p>\t\t\t\t\t\t\t\t<\/div>\n\t\t\t\t<\/div>\n\t\t\t\t\t<\/div>\n\t\t\t\t<\/div>\n\t\t\t\t<\/div>\n\t\t","protected":false},"excerpt":{"rendered":"<p>\/*! elementor &#8211; v3.23.0 &#8211; 25-07-2024 *\/ .elementor-heading-title{padding:0;margin:0;line-height:1}.elementor-widget-heading .elementor-heading-title[class*=elementor-size-]&gt;a{color:inherit;font-size:inherit;line-height:inherit}.elementor-widget-heading .elementor-heading-title.elementor-size-small{font-size:15px}.elementor-widget-heading .elementor-heading-title.elementor-size-medium{font-size:19px}.elementor-widget-heading .elementor-heading-title.elementor-size-large{font-size:29px}.elementor-widget-heading .elementor-heading-title.elementor-size-xl{font-size:39px}.elementor-widget-heading .elementor-heading-title.elementor-size-xxl{font-size:59px} Bolsas de estudo A UEM oferece anualmente, bolsas de estudo para cursos de P\u00f3s-gradua\u00e7\u00e3o (Mestrado e Doutoramento) ministrados na UEM ao abrigo das Normas de Acesso ao Fundo de P\u00f3s-gradua\u00e7\u00e3o, bem como na comparticipa\u00e7\u00e3o na forma\u00e7\u00e3o de estudo no exterior. Podem [&hellip;]<\/p>\n","protected":false},"author":3,"featured_media":0,"parent":0,"menu_order":0,"comment_status":"closed","ping_status":"closed","template":"","meta":{"inline_featured_image":false,"site-sidebar-layout":"no-sidebar","site-content-layout":"","ast-site-content-layout":"full-width-container","site-content-style":"default","site-sidebar-style":"default","ast-global-header-display":"","ast-banner-title-visibility":"","ast-main-header-display":"","ast-hfb-above-header-display":"","ast-hfb-below-header-display":"","ast-hfb-mobile-header-display":"","site-post-title":"disabled","ast-breadcrumbs-content":"","ast-featured-img":"disabled","footer-sml-layout":"","theme-transparent-header-meta":"","adv-header-id-meta":"","stick-header-meta":"","header-above-stick-meta":"","header-main-stick-meta":"","header-below-stick-meta":"","astra-migrate-meta-layouts":"default","ast-page-background-enabled":"default","ast-page-background-meta":{"desktop":{"background-color":"var(--ast-global-color-5)","background-image":"","background-repeat":"repeat","background-position":"center center","background-size":"auto","background-attachment":"scroll","background-type":"","background-media":"","overlay-type":"","overlay-color":"","overlay-opacity":"","overlay-gradient":""},"tablet":{"background-color":"","background-image":"","background-repeat":"repeat","background-position":"center center","background-size":"auto","background-attachment":"scroll","background-type":"","background-media":"","overlay-type":"","overlay-color":"","overlay-opacity":"","overlay-gradient":""},"mobile":{"background-color":"","background-image":"","background-repeat":"repeat","background-position":"center center","background-size":"auto","background-attachment":"scroll","background-type":"","background-media":"","overlay-type":"","overlay-color":"","overlay-opacity":"","overlay-gradient":""}},"ast-content-background-meta":{"desktop":{"background-color":"var(--ast-global-color-4)","background-image":"","background-repeat":"repeat","background-position":"center center","background-size":"auto","background-attachment":"scroll","background-type":"","background-media":"","overlay-type":"","overlay-color":"","overlay-opacity":"","overlay-gradient":""},"tablet":{"background-color":"var(--ast-global-color-4)","background-image":"","background-repeat":"repeat","background-position":"center center","background-size":"auto","background-attachment":"scroll","background-type":"","background-media":"","overlay-type":"","overlay-color":"","overlay-opacity":"","overlay-gradient":""},"mobile":{"background-color":"var(--ast-global-color-4)","background-image":"","background-repeat":"repeat","background-position":"center center","background-size":"auto","background-attachment":"scroll","background-type":"","background-media":"","overlay-type":"","overlay-color":"","overlay-opacity":"","overlay-gradient":""}},"footnotes":""},"class_list":["post-147","page","type-page","status-publish","hentry"],"yoast_head":"<!-- This site is optimized with the Yoast SEO plugin v26.3 - https:\/\/yoast.com\/wordpress\/plugins\/seo\/ -->\n<title>Bolsas de Estudo -<\/title>\n<meta name=\"robots\" content=\"index, follow, max-snippet:-1, max-image-preview:large, max-video-preview:-1\" \/>\n<link rel=\"canonical\" href=\"https:\/\/direcaocientifica.uem.mz\/?page_id=147\" \/>\n<meta property=\"og:locale\" content=\"pt_PT\" \/>\n<meta property=\"og:type\" content=\"article\" \/>\n<meta property=\"og:title\" content=\"Bolsas de Estudo -\" \/>\n<meta property=\"og:description\" content=\"\/*! elementor &#8211; v3.23.0 &#8211; 25-07-2024 *\/ .elementor-heading-title{padding:0;margin:0;line-height:1}.elementor-widget-heading .elementor-heading-title[class*=elementor-size-]&gt;a{color:inherit;font-size:inherit;line-height:inherit}.elementor-widget-heading .elementor-heading-title.elementor-size-small{font-size:15px}.elementor-widget-heading .elementor-heading-title.elementor-size-medium{font-size:19px}.elementor-widget-heading .elementor-heading-title.elementor-size-large{font-size:29px}.elementor-widget-heading .elementor-heading-title.elementor-size-xl{font-size:39px}.elementor-widget-heading .elementor-heading-title.elementor-size-xxl{font-size:59px} Bolsas de estudo A UEM oferece anualmente, bolsas de estudo para cursos de P\u00f3s-gradua\u00e7\u00e3o (Mestrado e Doutoramento) ministrados na UEM ao abrigo das Normas de Acesso ao Fundo de P\u00f3s-gradua\u00e7\u00e3o, bem como na comparticipa\u00e7\u00e3o na forma\u00e7\u00e3o de estudo no exterior. Podem [&hellip;]\" \/>\n<meta property=\"og:url\" content=\"https:\/\/direcaocientifica.uem.mz\/?page_id=147\" \/>\n<meta property=\"og:site_name\" content=\"Direc\u00e7\u00e3o Cientifica\" \/>\n<meta name=\"twitter:card\" content=\"summary_large_image\" \/>\n<meta name=\"twitter:label1\" content=\"Tempo estimado de leitura\" \/>\n\t<meta name=\"twitter:data1\" content=\"2 minutos\" \/>\n<script type=\"application\/ld+json\" class=\"yoast-schema-graph\">{\"@context\":\"https:\/\/schema.org\",\"@graph\":[{\"@type\":\"WebPage\",\"@id\":\"https:\/\/direcaocientifica.uem.mz\/?page_id=147\",\"url\":\"https:\/\/direcaocientifica.uem.mz\/?page_id=147\",\"name\":\"Bolsas de Estudo -\",\"isPartOf\":{\"@id\":\"https:\/\/direcaocientifica.uem.mz\/#website\"},\"datePublished\":\"2024-08-29T13:26:36+00:00\",\"breadcrumb\":{\"@id\":\"https:\/\/direcaocientifica.uem.mz\/?page_id=147#breadcrumb\"},\"inLanguage\":\"pt-PT\",\"potentialAction\":[{\"@type\":\"ReadAction\",\"target\":[\"https:\/\/direcaocientifica.uem.mz\/?page_id=147\"]}]},{\"@type\":\"BreadcrumbList\",\"@id\":\"https:\/\/direcaocientifica.uem.mz\/?page_id=147#breadcrumb\",\"itemListElement\":[{\"@type\":\"ListItem\",\"position\":1,\"name\":\"Home\",\"item\":\"https:\/\/direcaocientifica.uem.mz\/\"},{\"@type\":\"ListItem\",\"position\":2,\"name\":\"Bolsas de Estudo\"}]},{\"@type\":\"WebSite\",\"@id\":\"https:\/\/direcaocientifica.uem.mz\/#website\",\"url\":\"https:\/\/direcaocientifica.uem.mz\/\",\"name\":\"Direc\u00e7\u00e3o Cientifica\",\"description\":\"\",\"alternateName\":\"DC\",\"potentialAction\":[{\"@type\":\"SearchAction\",\"target\":{\"@type\":\"EntryPoint\",\"urlTemplate\":\"https:\/\/direcaocientifica.uem.mz\/?s={search_term_string}\"},\"query-input\":{\"@type\":\"PropertyValueSpecification\",\"valueRequired\":true,\"valueName\":\"search_term_string\"}}],\"inLanguage\":\"pt-PT\"}]}<\/script>\n<!-- \/ Yoast SEO plugin. -->","yoast_head_json":{"title":"Bolsas de Estudo -","robots":{"index":"index","follow":"follow","max-snippet":"max-snippet:-1","max-image-preview":"max-image-preview:large","max-video-preview":"max-video-preview:-1"},"canonical":"https:\/\/direcaocientifica.uem.mz\/?page_id=147","og_locale":"pt_PT","og_type":"article","og_title":"Bolsas de Estudo -","og_description":"\/*! elementor &#8211; v3.23.0 &#8211; 25-07-2024 *\/ .elementor-heading-title{padding:0;margin:0;line-height:1}.elementor-widget-heading .elementor-heading-title[class*=elementor-size-]&gt;a{color:inherit;font-size:inherit;line-height:inherit}.elementor-widget-heading .elementor-heading-title.elementor-size-small{font-size:15px}.elementor-widget-heading .elementor-heading-title.elementor-size-medium{font-size:19px}.elementor-widget-heading .elementor-heading-title.elementor-size-large{font-size:29px}.elementor-widget-heading .elementor-heading-title.elementor-size-xl{font-size:39px}.elementor-widget-heading .elementor-heading-title.elementor-size-xxl{font-size:59px} Bolsas de estudo A UEM oferece anualmente, bolsas de estudo para cursos de P\u00f3s-gradua\u00e7\u00e3o (Mestrado e Doutoramento) ministrados na UEM ao abrigo das Normas de Acesso ao Fundo de P\u00f3s-gradua\u00e7\u00e3o, bem como na comparticipa\u00e7\u00e3o na forma\u00e7\u00e3o de estudo no exterior. Podem [&hellip;]","og_url":"https:\/\/direcaocientifica.uem.mz\/?page_id=147","og_site_name":"Direc\u00e7\u00e3o Cientifica","twitter_card":"summary_large_image","twitter_misc":{"Tempo estimado de leitura":"2 minutos"},"schema":{"@context":"https:\/\/schema.org","@graph":[{"@type":"WebPage","@id":"https:\/\/direcaocientifica.uem.mz\/?page_id=147","url":"https:\/\/direcaocientifica.uem.mz\/?page_id=147","name":"Bolsas de Estudo -","isPartOf":{"@id":"https:\/\/direcaocientifica.uem.mz\/#website"},"datePublished":"2024-08-29T13:26:36+00:00","breadcrumb":{"@id":"https:\/\/direcaocientifica.uem.mz\/?page_id=147#breadcrumb"},"inLanguage":"pt-PT","potentialAction":[{"@type":"ReadAction","target":["https:\/\/direcaocientifica.uem.mz\/?page_id=147"]}]},{"@type":"BreadcrumbList","@id":"https:\/\/direcaocientifica.uem.mz\/?page_id=147#breadcrumb","itemListElement":[{"@type":"ListItem","position":1,"name":"Home","item":"https:\/\/direcaocientifica.uem.mz\/"},{"@type":"ListItem","position":2,"name":"Bolsas de Estudo"}]},{"@type":"WebSite","@id":"https:\/\/direcaocientifica.uem.mz\/#website","url":"https:\/\/direcaocientifica.uem.mz\/","name":"Direc\u00e7\u00e3o Cientifica","description":"","alternateName":"DC","potentialAction":[{"@type":"SearchAction","target":{"@type":"EntryPoint","urlTemplate":"https:\/\/direcaocientifica.uem.mz\/?s={search_term_string}"},"query-input":{"@type":"PropertyValueSpecification","valueRequired":true,"valueName":"search_term_string"}}],"inLanguage":"pt-PT"}]}},"rttpg_featured_image_url":null,"rttpg_author":{"display_name":"Arnaldo","author_link":"https:\/\/direcaocientifica.uem.mz\/?author=3"},"rttpg_comment":0,"rttpg_category":null,"rttpg_excerpt":"\/*! elementor &#8211; v3.23.0 &#8211; 25-07-2024 *\/ .elementor-heading-title{padding:0;margin:0;line-height:1}.elementor-widget-heading .elementor-heading-title[class*=elementor-size-]&gt;a{color:inherit;font-size:inherit;line-height:inherit}.elementor-widget-heading .elementor-heading-title.elementor-size-small{font-size:15px}.elementor-widget-heading .elementor-heading-title.elementor-size-medium{font-size:19px}.elementor-widget-heading .elementor-heading-title.elementor-size-large{font-size:29px}.elementor-widget-heading .elementor-heading-title.elementor-size-xl{font-size:39px}.elementor-widget-heading .elementor-heading-title.elementor-size-xxl{font-size:59px} Bolsas de estudo A UEM oferece anualmente, bolsas de estudo para cursos de P\u00f3s-gradua\u00e7\u00e3o (Mestrado e Doutoramento) ministrados na UEM ao abrigo das Normas de Acesso ao Fundo de P\u00f3s-gradua\u00e7\u00e3o, bem como na comparticipa\u00e7\u00e3o na forma\u00e7\u00e3o de estudo no exterior. Podem&hellip;","_links":{"self":[{"href":"https:\/\/direcaocientifica.uem.mz\/index.php?rest_route=\/wp\/v2\/pages\/147","targetHints":{"allow":["GET"]}}],"collection":[{"href":"https:\/\/direcaocientifica.uem.mz\/index.php?rest_route=\/wp\/v2\/pages"}],"about":[{"href":"https:\/\/direcaocientifica.uem.mz\/index.php?rest_route=\/wp\/v2\/types\/page"}],"author":[{"embeddable":true,"href":"https:\/\/direcaocientifica.uem.mz\/index.php?rest_route=\/wp\/v2\/users\/3"}],"replies":[{"embeddable":true,"href":"https:\/\/direcaocientifica.uem.mz\/index.php?rest_route=%2Fwp%2Fv2%2Fcomments&post=147"}],"version-history":[{"count":0,"href":"https:\/\/direcaocientifica.uem.mz\/index.php?rest_route=\/wp\/v2\/pages\/147\/revisions"}],"wp:attachment":[{"href":"https:\/\/direcaocientifica.uem.mz\/index.php?rest_route=%2Fwp%2Fv2%2Fmedia&parent=147"}],"curies":[{"name":"wp","href":"https:\/\/api.w.org\/{rel}","templated":true}]}}