{"id":146,"date":"2024-08-29T13:26:36","date_gmt":"2024-08-29T13:26:36","guid":{"rendered":"https:\/\/dc.ghost.uem.mz\/?page_id=146"},"modified":"2024-08-29T13:26:36","modified_gmt":"2024-08-29T13:26:36","slug":"requisitos-gerais-de-admissao","status":"publish","type":"page","link":"https:\/\/direcaocientifica.uem.mz\/?page_id=146","title":{"rendered":"Requisitos Gerais de Admiss\u00e3o"},"content":{"rendered":"\t\t<div data-elementor-type=\"wp-page\" data-elementor-id=\"146\" class=\"elementor elementor-146\">\n\t\t\t\t<div class=\"elementor-element elementor-element-89ab295 e-flex e-con-boxed e-con e-parent\" data-id=\"89ab295\" data-element_type=\"container\">\n\t\t\t\t\t<div class=\"e-con-inner\">\n\t\t\t\t<div class=\"elementor-element elementor-element-d69bde3 elementor-widget elementor-widget-heading\" data-id=\"d69bde3\" data-element_type=\"widget\" data-widget_type=\"heading.default\">\n\t\t\t\t<div class=\"elementor-widget-container\">\n\t\t\t\t\t<h2 class=\"elementor-heading-title elementor-size-default\">Requisitos gerais de admiss\u00e3o<\/h2>\t\t\t\t<\/div>\n\t\t\t\t<\/div>\n\t\t\t\t\t<\/div>\n\t\t\t\t<\/div>\n\t\t<div class=\"elementor-element elementor-element-540bae4 e-flex e-con-boxed e-con e-parent\" data-id=\"540bae4\" data-element_type=\"container\">\n\t\t\t\t\t<div class=\"e-con-inner\">\n\t\t\t\t<div class=\"elementor-element elementor-element-6c81a82 elementor-widget elementor-widget-text-editor\" data-id=\"6c81a82\" data-element_type=\"widget\" data-widget_type=\"text-editor.default\">\n\t\t\t\t<div class=\"elementor-widget-container\">\n\t\t\t\t\t\t\t\t\t<ol><li>Podem candidatar-se \u00e0 frequencia dos Cursos de P\u00f3s-gradua\u00e7\u00e3o na UEM:<\/li><li>Os titulares do grau de Licenciatura ou equivalente legal, para um curso de especializa\u00e7\u00e3o e de Mestrado;<\/li><li>Os titulares do grau Mestrado Acad\u00e9mico ou equivalente, para um curso de Doutoramento.<\/li><li>Possuir a nota de conclus\u00e3o do grau de Licenciatura igual ou superior a 14 valores ou n\u00e3o inferior a 12 valores desde apresente comprovada experi\u00eancia profissional de 3 anos, para o Mestrado.<\/li><li>Possuir a nota de conclus\u00e3o do grau de Mestrado Acad\u00e9mico igual ou superior a 14 valores, para o Doutoramento.<\/li><\/ol><p>As Faculdades\/Escolas\/Centros que oferecem os cursos de P\u00f3s-gradua\u00e7\u00e3o podem indicar os requisitos ou elementos de m\u00e9rito especificos do curso para a candidatura.<\/p><p>\u00a0<\/p>\t\t\t\t\t\t\t\t<\/div>\n\t\t\t\t<\/div>\n\t\t\t\t\t<\/div>\n\t\t\t\t<\/div>\n\t\t\t\t<\/div>\n\t\t","protected":false},"excerpt":{"rendered":"<p>Requisitos gerais de admiss\u00e3o Podem candidatar-se \u00e0 frequencia dos Cursos de P\u00f3s-gradua\u00e7\u00e3o na UEM: Os titulares do grau de Licenciatura ou equivalente legal, para um curso de especializa\u00e7\u00e3o e de Mestrado; Os titulares do grau Mestrado Acad\u00e9mico ou equivalente, para um curso de Doutoramento. Possuir a nota de conclus\u00e3o do grau de Licenciatura igual ou [&hellip;]<\/p>\n","protected":false},"author":3,"featured_media":0,"parent":0,"menu_order":0,"comment_status":"closed","ping_status":"closed","template":"","meta":{"inline_featured_image":false,"site-sidebar-layout":"no-sidebar","site-content-layout":"","ast-site-content-layout":"full-width-container","site-content-style":"default","site-sidebar-style":"default","ast-global-header-display":"","ast-banner-title-visibility":"","ast-main-header-display":"","ast-hfb-above-header-display":"","ast-hfb-below-header-display":"","ast-hfb-mobile-header-display":"","site-post-title":"disabled","ast-breadcrumbs-content":"","ast-featured-img":"disabled","footer-sml-layout":"","theme-transparent-header-meta":"","adv-header-id-meta":"","stick-header-meta":"","header-above-stick-meta":"","header-main-stick-meta":"","header-below-stick-meta":"","astra-migrate-meta-layouts":"default","ast-page-background-enabled":"default","ast-page-background-meta":{"desktop":{"background-color":"var(--ast-global-color-5)","background-image":"","background-repeat":"repeat","background-position":"center center","background-size":"auto","background-attachment":"scroll","background-type":"","background-media":"","overlay-type":"","overlay-color":"","overlay-opacity":"","overlay-gradient":""},"tablet":{"background-color":"","background-image":"","background-repeat":"repeat","background-position":"center center","background-size":"auto","background-attachment":"scroll","background-type":"","background-media":"","overlay-type":"","overlay-color":"","overlay-opacity":"","overlay-gradient":""},"mobile":{"background-color":"","background-image":"","background-repeat":"repeat","background-position":"center center","background-size":"auto","background-attachment":"scroll","background-type":"","background-media":"","overlay-type":"","overlay-color":"","overlay-opacity":"","overlay-gradient":""}},"ast-content-background-meta":{"desktop":{"background-color":"var(--ast-global-color-4)","background-image":"","background-repeat":"repeat","background-position":"center center","background-size":"auto","background-attachment":"scroll","background-type":"","background-media":"","overlay-type":"","overlay-color":"","overlay-opacity":"","overlay-gradient":""},"tablet":{"background-color":"var(--ast-global-color-4)","background-image":"","background-repeat":"repeat","background-position":"center center","background-size":"auto","background-attachment":"scroll","background-type":"","background-media":"","overlay-type":"","overlay-color":"","overlay-opacity":"","overlay-gradient":""},"mobile":{"background-color":"var(--ast-global-color-4)","background-image":"","background-repeat":"repeat","background-position":"center center","background-size":"auto","background-attachment":"scroll","background-type":"","background-media":"","overlay-type":"","overlay-color":"","overlay-opacity":"","overlay-gradient":""}},"footnotes":""},"class_list":["post-146","page","type-page","status-publish","hentry"],"yoast_head":"<!-- This site is optimized with the Yoast SEO plugin v26.3 - https:\/\/yoast.com\/wordpress\/plugins\/seo\/ -->\n<title>Requisitos Gerais de Admiss\u00e3o -<\/title>\n<meta name=\"robots\" content=\"index, follow, max-snippet:-1, max-image-preview:large, max-video-preview:-1\" \/>\n<link rel=\"canonical\" href=\"https:\/\/direcaocientifica.uem.mz\/?page_id=146\" \/>\n<meta property=\"og:locale\" content=\"pt_PT\" \/>\n<meta property=\"og:type\" content=\"article\" \/>\n<meta property=\"og:title\" content=\"Requisitos Gerais de Admiss\u00e3o -\" \/>\n<meta property=\"og:description\" content=\"Requisitos gerais de admiss\u00e3o Podem candidatar-se \u00e0 frequencia dos Cursos de P\u00f3s-gradua\u00e7\u00e3o na UEM: Os titulares do grau de Licenciatura ou equivalente legal, para um curso de especializa\u00e7\u00e3o e de Mestrado; Os titulares do grau Mestrado Acad\u00e9mico ou equivalente, para um curso de Doutoramento. Possuir a nota de conclus\u00e3o do grau de Licenciatura igual ou [&hellip;]\" \/>\n<meta property=\"og:url\" content=\"https:\/\/direcaocientifica.uem.mz\/?page_id=146\" \/>\n<meta property=\"og:site_name\" content=\"Direc\u00e7\u00e3o Cientifica\" \/>\n<meta name=\"twitter:card\" content=\"summary_large_image\" \/>\n<meta name=\"twitter:label1\" content=\"Tempo estimado de leitura\" \/>\n\t<meta name=\"twitter:data1\" content=\"1 minuto\" \/>\n<script type=\"application\/ld+json\" class=\"yoast-schema-graph\">{\"@context\":\"https:\/\/schema.org\",\"@graph\":[{\"@type\":\"WebPage\",\"@id\":\"https:\/\/direcaocientifica.uem.mz\/?page_id=146\",\"url\":\"https:\/\/direcaocientifica.uem.mz\/?page_id=146\",\"name\":\"Requisitos Gerais de Admiss\u00e3o -\",\"isPartOf\":{\"@id\":\"https:\/\/direcaocientifica.uem.mz\/#website\"},\"datePublished\":\"2024-08-29T13:26:36+00:00\",\"breadcrumb\":{\"@id\":\"https:\/\/direcaocientifica.uem.mz\/?page_id=146#breadcrumb\"},\"inLanguage\":\"pt-PT\",\"potentialAction\":[{\"@type\":\"ReadAction\",\"target\":[\"https:\/\/direcaocientifica.uem.mz\/?page_id=146\"]}]},{\"@type\":\"BreadcrumbList\",\"@id\":\"https:\/\/direcaocientifica.uem.mz\/?page_id=146#breadcrumb\",\"itemListElement\":[{\"@type\":\"ListItem\",\"position\":1,\"name\":\"Home\",\"item\":\"https:\/\/direcaocientifica.uem.mz\/\"},{\"@type\":\"ListItem\",\"position\":2,\"name\":\"Requisitos Gerais de Admiss\u00e3o\"}]},{\"@type\":\"WebSite\",\"@id\":\"https:\/\/direcaocientifica.uem.mz\/#website\",\"url\":\"https:\/\/direcaocientifica.uem.mz\/\",\"name\":\"Direc\u00e7\u00e3o Cientifica\",\"description\":\"\",\"alternateName\":\"DC\",\"potentialAction\":[{\"@type\":\"SearchAction\",\"target\":{\"@type\":\"EntryPoint\",\"urlTemplate\":\"https:\/\/direcaocientifica.uem.mz\/?s={search_term_string}\"},\"query-input\":{\"@type\":\"PropertyValueSpecification\",\"valueRequired\":true,\"valueName\":\"search_term_string\"}}],\"inLanguage\":\"pt-PT\"}]}<\/script>\n<!-- \/ Yoast SEO plugin. -->","yoast_head_json":{"title":"Requisitos Gerais de Admiss\u00e3o -","robots":{"index":"index","follow":"follow","max-snippet":"max-snippet:-1","max-image-preview":"max-image-preview:large","max-video-preview":"max-video-preview:-1"},"canonical":"https:\/\/direcaocientifica.uem.mz\/?page_id=146","og_locale":"pt_PT","og_type":"article","og_title":"Requisitos Gerais de Admiss\u00e3o -","og_description":"Requisitos gerais de admiss\u00e3o Podem candidatar-se \u00e0 frequencia dos Cursos de P\u00f3s-gradua\u00e7\u00e3o na UEM: Os titulares do grau de Licenciatura ou equivalente legal, para um curso de especializa\u00e7\u00e3o e de Mestrado; Os titulares do grau Mestrado Acad\u00e9mico ou equivalente, para um curso de Doutoramento. Possuir a nota de conclus\u00e3o do grau de Licenciatura igual ou [&hellip;]","og_url":"https:\/\/direcaocientifica.uem.mz\/?page_id=146","og_site_name":"Direc\u00e7\u00e3o Cientifica","twitter_card":"summary_large_image","twitter_misc":{"Tempo estimado de leitura":"1 minuto"},"schema":{"@context":"https:\/\/schema.org","@graph":[{"@type":"WebPage","@id":"https:\/\/direcaocientifica.uem.mz\/?page_id=146","url":"https:\/\/direcaocientifica.uem.mz\/?page_id=146","name":"Requisitos Gerais de Admiss\u00e3o -","isPartOf":{"@id":"https:\/\/direcaocientifica.uem.mz\/#website"},"datePublished":"2024-08-29T13:26:36+00:00","breadcrumb":{"@id":"https:\/\/direcaocientifica.uem.mz\/?page_id=146#breadcrumb"},"inLanguage":"pt-PT","potentialAction":[{"@type":"ReadAction","target":["https:\/\/direcaocientifica.uem.mz\/?page_id=146"]}]},{"@type":"BreadcrumbList","@id":"https:\/\/direcaocientifica.uem.mz\/?page_id=146#breadcrumb","itemListElement":[{"@type":"ListItem","position":1,"name":"Home","item":"https:\/\/direcaocientifica.uem.mz\/"},{"@type":"ListItem","position":2,"name":"Requisitos Gerais de Admiss\u00e3o"}]},{"@type":"WebSite","@id":"https:\/\/direcaocientifica.uem.mz\/#website","url":"https:\/\/direcaocientifica.uem.mz\/","name":"Direc\u00e7\u00e3o Cientifica","description":"","alternateName":"DC","potentialAction":[{"@type":"SearchAction","target":{"@type":"EntryPoint","urlTemplate":"https:\/\/direcaocientifica.uem.mz\/?s={search_term_string}"},"query-input":{"@type":"PropertyValueSpecification","valueRequired":true,"valueName":"search_term_string"}}],"inLanguage":"pt-PT"}]}},"rttpg_featured_image_url":null,"rttpg_author":{"display_name":"Arnaldo","author_link":"https:\/\/direcaocientifica.uem.mz\/?author=3"},"rttpg_comment":0,"rttpg_category":null,"rttpg_excerpt":"Requisitos gerais de admiss\u00e3o Podem candidatar-se \u00e0 frequencia dos Cursos de P\u00f3s-gradua\u00e7\u00e3o na UEM: Os titulares do grau de Licenciatura ou equivalente legal, para um curso de especializa\u00e7\u00e3o e de Mestrado; Os titulares do grau Mestrado Acad\u00e9mico ou equivalente, para um curso de Doutoramento. Possuir a nota de conclus\u00e3o do grau de Licenciatura igual ou&hellip;","_links":{"self":[{"href":"https:\/\/direcaocientifica.uem.mz\/index.php?rest_route=\/wp\/v2\/pages\/146","targetHints":{"allow":["GET"]}}],"collection":[{"href":"https:\/\/direcaocientifica.uem.mz\/index.php?rest_route=\/wp\/v2\/pages"}],"about":[{"href":"https:\/\/direcaocientifica.uem.mz\/index.php?rest_route=\/wp\/v2\/types\/page"}],"author":[{"embeddable":true,"href":"https:\/\/direcaocientifica.uem.mz\/index.php?rest_route=\/wp\/v2\/users\/3"}],"replies":[{"embeddable":true,"href":"https:\/\/direcaocientifica.uem.mz\/index.php?rest_route=%2Fwp%2Fv2%2Fcomments&post=146"}],"version-history":[{"count":0,"href":"https:\/\/direcaocientifica.uem.mz\/index.php?rest_route=\/wp\/v2\/pages\/146\/revisions"}],"wp:attachment":[{"href":"https:\/\/direcaocientifica.uem.mz\/index.php?rest_route=%2Fwp%2Fv2%2Fmedia&parent=146"}],"curies":[{"name":"wp","href":"https:\/\/api.w.org\/{rel}","templated":true}]}}