{"id":145,"date":"2024-08-29T13:26:36","date_gmt":"2024-08-29T13:26:36","guid":{"rendered":"https:\/\/dc.ghost.uem.mz\/?page_id=145"},"modified":"2024-08-29T13:26:36","modified_gmt":"2024-08-29T13:26:36","slug":"mestrado-e-doutoramento","status":"publish","type":"page","link":"https:\/\/direcaocientifica.uem.mz\/?page_id=145","title":{"rendered":"Mestrado e Doutoramento"},"content":{"rendered":"\t\t<div data-elementor-type=\"wp-page\" data-elementor-id=\"145\" class=\"elementor elementor-145\">\n\t\t\t\t<div class=\"elementor-element elementor-element-d229ba9 e-flex e-con-boxed e-con e-parent\" data-id=\"d229ba9\" data-element_type=\"container\">\n\t\t\t\t\t<div class=\"e-con-inner\">\n\t\t\t\t<div class=\"elementor-element elementor-element-7a63308 elementor-widget elementor-widget-heading\" data-id=\"7a63308\" data-element_type=\"widget\" data-widget_type=\"heading.default\">\n\t\t\t\t<div class=\"elementor-widget-container\">\n\t\t\t\t\t<h2 class=\"elementor-heading-title elementor-size-default\">Mestrado e Doutoramento<\/h2>\t\t\t\t<\/div>\n\t\t\t\t<\/div>\n\t\t\t\t\t<\/div>\n\t\t\t\t<\/div>\n\t\t<div class=\"elementor-element elementor-element-990624f e-flex e-con-boxed e-con e-parent\" data-id=\"990624f\" data-element_type=\"container\">\n\t\t\t\t\t<div class=\"e-con-inner\">\n\t\t\t\t<div class=\"elementor-element elementor-element-f42b8b0 elementor-widget elementor-widget-text-editor\" data-id=\"f42b8b0\" data-element_type=\"widget\" data-widget_type=\"text-editor.default\">\n\t\t\t\t<div class=\"elementor-widget-container\">\n\t\t\t\t\t\t\t\t\t<ol><li><h4><strong>Mestrado<\/strong><\/h4><\/li><\/ol><p>O Mestrado corresponde ao 2\u00ba ciclo de forma\u00e7\u00e3o que possibilita conhecimento mais profunda e promove actividades de investiga\u00e7\u00e3o.<\/p><p>Na UEM, o Mestrado \u00e9 dividido em duas modalidades: <strong>profissionalizante e acad\u00e9mico<\/strong>.<\/p><ul><li><strong>O M<\/strong><strong>estrado profissionalizante <\/strong>forma profissionais de alto nivel de qualifica\u00e7\u00e3o que est\u00e3o focados no mercado de trabalho, pois nele o aluno ter\u00e1 maior contato com conhecimentos te\u00f3ricos-praticos e anal\u00edticos sobre determinada \u00e1rea. Para se formar \u00e9 necess\u00e1rio apresentar uma disserta\u00e7\u00e3o (monografia) em forma de projeto ou um estudo de caso.<\/li><\/ul><p>Dura\u00e7\u00e3o: <strong>3 semestres <\/strong>| Cr\u00e9ditos: <strong>90 <\/strong>|Grau a obter: <strong>Mestre<\/strong><\/p><ul><li><strong>O Mestrado Acad\u00e9mico<\/strong> \u00e9 voltado para quem deseja ampliar o conhecimento a respeito de uma \u00e1rea ou assunto visto durante a gradua\u00e7\u00e3o (licenciatura). \u00c9 indicado para quem gosta de fazer pesquisas e, principalmente, para aqueles que querem ser docentes e se destacarem na \u00e1rea acad\u00e9mica.<\/li><\/ul><p>Dura\u00e7\u00e3o: <strong>4 semestres<\/strong> | Cr\u00e9ditos: <strong>120 <\/strong>|Grau a obter: <strong>Mestre<\/strong><\/p><p><strong>\u00a0<\/strong><\/p><ol start=\"2\"><li><h4><strong>Doutoramento<\/strong><\/h4><\/li><\/ol><p>O Doutoramento corresponde ao 3\u00ba Ciclo de forma\u00e7\u00e3o e \u00e9 voltado para forma\u00e7\u00e3o aprofundada de pesquisadores, dedicando se essencialmente \u00e0 vida acad\u00e9mica e que busca o aprofundamento de um determinado campo de saber.<\/p><p>Dura\u00e7\u00e3o: <strong>6-8 Semestres<\/strong> | Cr\u00e9ditos: <strong>150-180 <\/strong>| Grau a obter: <strong>Doutor<\/strong><\/p><p><strong>Curso de especializa\u00e7\u00e3o<\/strong><\/p><p>Os Cursos de Especializa\u00e7\u00e3o consistem numa modalidade de P\u00f3s-gradua\u00e7\u00e3o, em que a forma\u00e7\u00e3o est\u00e1 orientada para o crescimento profissional e desenvolvimento cultural e\/ou t\u00e9cnico-cient\u00edfico. Estes cursos n\u00e3o conferem nenhum grau acad\u00e9mico e visam o aprimoramento acad\u00e9mico e profissional, tendo um caracter de educa\u00e7\u00e3o continuada. Geralmente, s\u00e3o cursos especificos e oferecidos exclusivamente a portadores de diploma de gradua\u00e7\u00e3o.<\/p><p>Dura\u00e7\u00e3o: <strong>1-2 Semestres<\/strong> | Cr\u00e9ditos: <strong>60 <\/strong>| Grau a obter: <strong>Nenhum<\/strong><\/p>\t\t\t\t\t\t\t\t<\/div>\n\t\t\t\t<\/div>\n\t\t\t\t\t<\/div>\n\t\t\t\t<\/div>\n\t\t\t\t<\/div>\n\t\t","protected":false},"excerpt":{"rendered":"<p>Mestrado e Doutoramento Mestrado O Mestrado corresponde ao 2\u00ba ciclo de forma\u00e7\u00e3o que possibilita conhecimento mais profunda e promove actividades de investiga\u00e7\u00e3o. Na UEM, o Mestrado \u00e9 dividido em duas modalidades: profissionalizante e acad\u00e9mico. O Mestrado profissionalizante forma profissionais de alto nivel de qualifica\u00e7\u00e3o que est\u00e3o focados no mercado de trabalho, pois nele o aluno [&hellip;]<\/p>\n","protected":false},"author":3,"featured_media":0,"parent":0,"menu_order":0,"comment_status":"closed","ping_status":"closed","template":"","meta":{"inline_featured_image":false,"site-sidebar-layout":"no-sidebar","site-content-layout":"","ast-site-content-layout":"full-width-container","site-content-style":"default","site-sidebar-style":"default","ast-global-header-display":"","ast-banner-title-visibility":"","ast-main-header-display":"","ast-hfb-above-header-display":"","ast-hfb-below-header-display":"","ast-hfb-mobile-header-display":"","site-post-title":"disabled","ast-breadcrumbs-content":"","ast-featured-img":"disabled","footer-sml-layout":"","theme-transparent-header-meta":"","adv-header-id-meta":"","stick-header-meta":"","header-above-stick-meta":"","header-main-stick-meta":"","header-below-stick-meta":"","astra-migrate-meta-layouts":"default","ast-page-background-enabled":"default","ast-page-background-meta":{"desktop":{"background-color":"var(--ast-global-color-5)","background-image":"","background-repeat":"repeat","background-position":"center center","background-size":"auto","background-attachment":"scroll","background-type":"","background-media":"","overlay-type":"","overlay-color":"","overlay-opacity":"","overlay-gradient":""},"tablet":{"background-color":"","background-image":"","background-repeat":"repeat","background-position":"center center","background-size":"auto","background-attachment":"scroll","background-type":"","background-media":"","overlay-type":"","overlay-color":"","overlay-opacity":"","overlay-gradient":""},"mobile":{"background-color":"","background-image":"","background-repeat":"repeat","background-position":"center center","background-size":"auto","background-attachment":"scroll","background-type":"","background-media":"","overlay-type":"","overlay-color":"","overlay-opacity":"","overlay-gradient":""}},"ast-content-background-meta":{"desktop":{"background-color":"var(--ast-global-color-4)","background-image":"","background-repeat":"repeat","background-position":"center center","background-size":"auto","background-attachment":"scroll","background-type":"","background-media":"","overlay-type":"","overlay-color":"","overlay-opacity":"","overlay-gradient":""},"tablet":{"background-color":"var(--ast-global-color-4)","background-image":"","background-repeat":"repeat","background-position":"center center","background-size":"auto","background-attachment":"scroll","background-type":"","background-media":"","overlay-type":"","overlay-color":"","overlay-opacity":"","overlay-gradient":""},"mobile":{"background-color":"var(--ast-global-color-4)","background-image":"","background-repeat":"repeat","background-position":"center center","background-size":"auto","background-attachment":"scroll","background-type":"","background-media":"","overlay-type":"","overlay-color":"","overlay-opacity":"","overlay-gradient":""}},"footnotes":""},"class_list":["post-145","page","type-page","status-publish","hentry"],"yoast_head":"<!-- This site is optimized with the Yoast SEO plugin v26.3 - https:\/\/yoast.com\/wordpress\/plugins\/seo\/ -->\n<title>Mestrado e Doutoramento -<\/title>\n<meta name=\"robots\" content=\"index, follow, max-snippet:-1, max-image-preview:large, max-video-preview:-1\" \/>\n<link rel=\"canonical\" href=\"https:\/\/direcaocientifica.uem.mz\/?page_id=145\" \/>\n<meta property=\"og:locale\" content=\"pt_PT\" \/>\n<meta property=\"og:type\" content=\"article\" \/>\n<meta property=\"og:title\" content=\"Mestrado e Doutoramento -\" \/>\n<meta property=\"og:description\" content=\"Mestrado e Doutoramento Mestrado O Mestrado corresponde ao 2\u00ba ciclo de forma\u00e7\u00e3o que possibilita conhecimento mais profunda e promove actividades de investiga\u00e7\u00e3o. Na UEM, o Mestrado \u00e9 dividido em duas modalidades: profissionalizante e acad\u00e9mico. O Mestrado profissionalizante forma profissionais de alto nivel de qualifica\u00e7\u00e3o que est\u00e3o focados no mercado de trabalho, pois nele o aluno [&hellip;]\" \/>\n<meta property=\"og:url\" content=\"https:\/\/direcaocientifica.uem.mz\/?page_id=145\" \/>\n<meta property=\"og:site_name\" content=\"Direc\u00e7\u00e3o Cientifica\" \/>\n<meta name=\"twitter:card\" content=\"summary_large_image\" \/>\n<meta name=\"twitter:label1\" content=\"Tempo estimado de leitura\" \/>\n\t<meta name=\"twitter:data1\" content=\"1 minuto\" \/>\n<script type=\"application\/ld+json\" class=\"yoast-schema-graph\">{\"@context\":\"https:\/\/schema.org\",\"@graph\":[{\"@type\":\"WebPage\",\"@id\":\"https:\/\/direcaocientifica.uem.mz\/?page_id=145\",\"url\":\"https:\/\/direcaocientifica.uem.mz\/?page_id=145\",\"name\":\"Mestrado e Doutoramento -\",\"isPartOf\":{\"@id\":\"https:\/\/direcaocientifica.uem.mz\/#website\"},\"datePublished\":\"2024-08-29T13:26:36+00:00\",\"breadcrumb\":{\"@id\":\"https:\/\/direcaocientifica.uem.mz\/?page_id=145#breadcrumb\"},\"inLanguage\":\"pt-PT\",\"potentialAction\":[{\"@type\":\"ReadAction\",\"target\":[\"https:\/\/direcaocientifica.uem.mz\/?page_id=145\"]}]},{\"@type\":\"BreadcrumbList\",\"@id\":\"https:\/\/direcaocientifica.uem.mz\/?page_id=145#breadcrumb\",\"itemListElement\":[{\"@type\":\"ListItem\",\"position\":1,\"name\":\"Home\",\"item\":\"https:\/\/direcaocientifica.uem.mz\/\"},{\"@type\":\"ListItem\",\"position\":2,\"name\":\"Mestrado e Doutoramento\"}]},{\"@type\":\"WebSite\",\"@id\":\"https:\/\/direcaocientifica.uem.mz\/#website\",\"url\":\"https:\/\/direcaocientifica.uem.mz\/\",\"name\":\"Direc\u00e7\u00e3o Cientifica\",\"description\":\"\",\"alternateName\":\"DC\",\"potentialAction\":[{\"@type\":\"SearchAction\",\"target\":{\"@type\":\"EntryPoint\",\"urlTemplate\":\"https:\/\/direcaocientifica.uem.mz\/?s={search_term_string}\"},\"query-input\":{\"@type\":\"PropertyValueSpecification\",\"valueRequired\":true,\"valueName\":\"search_term_string\"}}],\"inLanguage\":\"pt-PT\"}]}<\/script>\n<!-- \/ Yoast SEO plugin. -->","yoast_head_json":{"title":"Mestrado e Doutoramento -","robots":{"index":"index","follow":"follow","max-snippet":"max-snippet:-1","max-image-preview":"max-image-preview:large","max-video-preview":"max-video-preview:-1"},"canonical":"https:\/\/direcaocientifica.uem.mz\/?page_id=145","og_locale":"pt_PT","og_type":"article","og_title":"Mestrado e Doutoramento -","og_description":"Mestrado e Doutoramento Mestrado O Mestrado corresponde ao 2\u00ba ciclo de forma\u00e7\u00e3o que possibilita conhecimento mais profunda e promove actividades de investiga\u00e7\u00e3o. Na UEM, o Mestrado \u00e9 dividido em duas modalidades: profissionalizante e acad\u00e9mico. O Mestrado profissionalizante forma profissionais de alto nivel de qualifica\u00e7\u00e3o que est\u00e3o focados no mercado de trabalho, pois nele o aluno [&hellip;]","og_url":"https:\/\/direcaocientifica.uem.mz\/?page_id=145","og_site_name":"Direc\u00e7\u00e3o Cientifica","twitter_card":"summary_large_image","twitter_misc":{"Tempo estimado de leitura":"1 minuto"},"schema":{"@context":"https:\/\/schema.org","@graph":[{"@type":"WebPage","@id":"https:\/\/direcaocientifica.uem.mz\/?page_id=145","url":"https:\/\/direcaocientifica.uem.mz\/?page_id=145","name":"Mestrado e Doutoramento -","isPartOf":{"@id":"https:\/\/direcaocientifica.uem.mz\/#website"},"datePublished":"2024-08-29T13:26:36+00:00","breadcrumb":{"@id":"https:\/\/direcaocientifica.uem.mz\/?page_id=145#breadcrumb"},"inLanguage":"pt-PT","potentialAction":[{"@type":"ReadAction","target":["https:\/\/direcaocientifica.uem.mz\/?page_id=145"]}]},{"@type":"BreadcrumbList","@id":"https:\/\/direcaocientifica.uem.mz\/?page_id=145#breadcrumb","itemListElement":[{"@type":"ListItem","position":1,"name":"Home","item":"https:\/\/direcaocientifica.uem.mz\/"},{"@type":"ListItem","position":2,"name":"Mestrado e Doutoramento"}]},{"@type":"WebSite","@id":"https:\/\/direcaocientifica.uem.mz\/#website","url":"https:\/\/direcaocientifica.uem.mz\/","name":"Direc\u00e7\u00e3o Cientifica","description":"","alternateName":"DC","potentialAction":[{"@type":"SearchAction","target":{"@type":"EntryPoint","urlTemplate":"https:\/\/direcaocientifica.uem.mz\/?s={search_term_string}"},"query-input":{"@type":"PropertyValueSpecification","valueRequired":true,"valueName":"search_term_string"}}],"inLanguage":"pt-PT"}]}},"rttpg_featured_image_url":null,"rttpg_author":{"display_name":"Arnaldo","author_link":"https:\/\/direcaocientifica.uem.mz\/?author=3"},"rttpg_comment":0,"rttpg_category":null,"rttpg_excerpt":"Mestrado e Doutoramento Mestrado O Mestrado corresponde ao 2\u00ba ciclo de forma\u00e7\u00e3o que possibilita conhecimento mais profunda e promove actividades de investiga\u00e7\u00e3o. Na UEM, o Mestrado \u00e9 dividido em duas modalidades: profissionalizante e acad\u00e9mico. O Mestrado profissionalizante forma profissionais de alto nivel de qualifica\u00e7\u00e3o que est\u00e3o focados no mercado de trabalho, pois nele o aluno&hellip;","_links":{"self":[{"href":"https:\/\/direcaocientifica.uem.mz\/index.php?rest_route=\/wp\/v2\/pages\/145","targetHints":{"allow":["GET"]}}],"collection":[{"href":"https:\/\/direcaocientifica.uem.mz\/index.php?rest_route=\/wp\/v2\/pages"}],"about":[{"href":"https:\/\/direcaocientifica.uem.mz\/index.php?rest_route=\/wp\/v2\/types\/page"}],"author":[{"embeddable":true,"href":"https:\/\/direcaocientifica.uem.mz\/index.php?rest_route=\/wp\/v2\/users\/3"}],"replies":[{"embeddable":true,"href":"https:\/\/direcaocientifica.uem.mz\/index.php?rest_route=%2Fwp%2Fv2%2Fcomments&post=145"}],"version-history":[{"count":0,"href":"https:\/\/direcaocientifica.uem.mz\/index.php?rest_route=\/wp\/v2\/pages\/145\/revisions"}],"wp:attachment":[{"href":"https:\/\/direcaocientifica.uem.mz\/index.php?rest_route=%2Fwp%2Fv2%2Fmedia&parent=145"}],"curies":[{"name":"wp","href":"https:\/\/api.w.org\/{rel}","templated":true}]}}