{"id":111,"date":"2024-08-29T13:20:59","date_gmt":"2024-08-29T13:20:59","guid":{"rendered":"https:\/\/dc.ghost.uem.mz\/?page_id=111"},"modified":"2024-08-29T13:20:59","modified_gmt":"2024-08-29T13:20:59","slug":"incentivo-a-publicacao","status":"publish","type":"page","link":"https:\/\/direcaocientifica.uem.mz\/?page_id=111","title":{"rendered":"Incentivo \u00e0 publica\u00e7\u00e3o"},"content":{"rendered":"\t\t<div data-elementor-type=\"wp-page\" data-elementor-id=\"111\" class=\"elementor elementor-111\">\n\t\t\t\t<div class=\"elementor-element elementor-element-3ae431b e-flex e-con-boxed e-con e-parent\" data-id=\"3ae431b\" data-element_type=\"container\">\n\t\t\t\t\t<div class=\"e-con-inner\">\n\t\t\t\t<div class=\"elementor-element elementor-element-5a5190b elementor-widget elementor-widget-heading\" data-id=\"5a5190b\" data-element_type=\"widget\" data-widget_type=\"heading.default\">\n\t\t\t\t<div class=\"elementor-widget-container\">\n\t\t\t\t\t<h2 class=\"elementor-heading-title elementor-size-default\">Incentivo \u00e0 publica\u00e7\u00e3o<\/h2>\t\t\t\t<\/div>\n\t\t\t\t<\/div>\n\t\t\t\t\t<\/div>\n\t\t\t\t<\/div>\n\t\t<div class=\"elementor-element elementor-element-d1abe46 e-flex e-con-boxed e-con e-parent\" data-id=\"d1abe46\" data-element_type=\"container\">\n\t\t\t\t\t<div class=\"e-con-inner\">\n\t\t\t\t<div class=\"elementor-element elementor-element-7c43c9c elementor-widget elementor-widget-text-editor\" data-id=\"7c43c9c\" data-element_type=\"widget\" data-widget_type=\"text-editor.default\">\n\t\t\t\t<div class=\"elementor-widget-container\">\n\t\t\t\t\t\t\t\t\t<p>O fundo de Incentivo \u00e0 Publica\u00e7\u00e3o Cient\u00edfica no ambito da Iniciativa de Excel\u00eancia\u00a0 da UEM (FIPC-IdE-UEM) \u00e9, no contexto do ensino superior mo\u00e7ambicano, uma proposta inovadora no que concerne ao est\u00edmulo da investiga\u00e7\u00e3o cient\u00edfica e subsequente publica\u00e7\u00e3o dos respectivo resultados. O objectivo do Fundo \u00e9 de estimular maior produ\u00e7\u00e3o, produtividade, publica\u00e7\u00e3o e divulga\u00e7\u00e3o cient\u00edfica da UEM e, deste modo, projectar a Universidade para lugares de destaque no contexto das Universidades, no continente e mundo.<\/p><p>FIPC-IdE\/UEM \u00e9 um fundo que bonifica docentes-investigadores docentes-investigadores mais produtivos com incentivo financeiro, para aumentar as taxas de publica\u00e7\u00e3o cient\u00edfica inovadora de especialidade, acreditada, indexada e com sistemas estruturado e sistematico de revis\u00e3o de pares, como previsto pela PIUEM. Embora o Fundo seja gerido pela Direc\u00e7\u00e3o Cient\u00edfica, a Unidade da Revista Cient\u00edfica da UEM \u00e9 que atribui mediante o reconhecimento as publica\u00e7\u00f5es obedecendo os criterios de publica\u00e7\u00e3o cient\u00edfica, como publica\u00e7\u00f5es de especialidade, submetidos a um processo estruturado e sistem\u00e1tico de revis\u00e3o de pares, acreditadas, indexadas em bancos de dados internacionais.<\/p><p>O processo de aloca\u00e7\u00e3o do FIPC-IdE\/UEM \u00e9 feita mediante a publica\u00e7\u00e3o de um Edital para o efeito.<\/p><p>Para mais detalhes encontre as Normas de \u2026..<\/p>\t\t\t\t\t\t\t\t<\/div>\n\t\t\t\t<\/div>\n\t\t\t\t\t<\/div>\n\t\t\t\t<\/div>\n\t\t\t\t<\/div>\n\t\t","protected":false},"excerpt":{"rendered":"<p>Incentivo \u00e0 publica\u00e7\u00e3o O fundo de Incentivo \u00e0 Publica\u00e7\u00e3o Cient\u00edfica no ambito da Iniciativa de Excel\u00eancia\u00a0 da UEM (FIPC-IdE-UEM) \u00e9, no contexto do ensino superior mo\u00e7ambicano, uma proposta inovadora no que concerne ao est\u00edmulo da investiga\u00e7\u00e3o cient\u00edfica e subsequente publica\u00e7\u00e3o dos respectivo resultados. O objectivo do Fundo \u00e9 de estimular maior produ\u00e7\u00e3o, produtividade, publica\u00e7\u00e3o e [&hellip;]<\/p>\n","protected":false},"author":3,"featured_media":0,"parent":0,"menu_order":0,"comment_status":"closed","ping_status":"closed","template":"","meta":{"inline_featured_image":false,"site-sidebar-layout":"no-sidebar","site-content-layout":"","ast-site-content-layout":"full-width-container","site-content-style":"default","site-sidebar-style":"default","ast-global-header-display":"","ast-banner-title-visibility":"","ast-main-header-display":"","ast-hfb-above-header-display":"","ast-hfb-below-header-display":"","ast-hfb-mobile-header-display":"","site-post-title":"disabled","ast-breadcrumbs-content":"","ast-featured-img":"disabled","footer-sml-layout":"","theme-transparent-header-meta":"","adv-header-id-meta":"","stick-header-meta":"","header-above-stick-meta":"","header-main-stick-meta":"","header-below-stick-meta":"","astra-migrate-meta-layouts":"default","ast-page-background-enabled":"default","ast-page-background-meta":{"desktop":{"background-color":"var(--ast-global-color-5)","background-image":"","background-repeat":"repeat","background-position":"center center","background-size":"auto","background-attachment":"scroll","background-type":"","background-media":"","overlay-type":"","overlay-color":"","overlay-opacity":"","overlay-gradient":""},"tablet":{"background-color":"","background-image":"","background-repeat":"repeat","background-position":"center center","background-size":"auto","background-attachment":"scroll","background-type":"","background-media":"","overlay-type":"","overlay-color":"","overlay-opacity":"","overlay-gradient":""},"mobile":{"background-color":"","background-image":"","background-repeat":"repeat","background-position":"center center","background-size":"auto","background-attachment":"scroll","background-type":"","background-media":"","overlay-type":"","overlay-color":"","overlay-opacity":"","overlay-gradient":""}},"ast-content-background-meta":{"desktop":{"background-color":"var(--ast-global-color-4)","background-image":"","background-repeat":"repeat","background-position":"center center","background-size":"auto","background-attachment":"scroll","background-type":"","background-media":"","overlay-type":"","overlay-color":"","overlay-opacity":"","overlay-gradient":""},"tablet":{"background-color":"var(--ast-global-color-4)","background-image":"","background-repeat":"repeat","background-position":"center center","background-size":"auto","background-attachment":"scroll","background-type":"","background-media":"","overlay-type":"","overlay-color":"","overlay-opacity":"","overlay-gradient":""},"mobile":{"background-color":"var(--ast-global-color-4)","background-image":"","background-repeat":"repeat","background-position":"center center","background-size":"auto","background-attachment":"scroll","background-type":"","background-media":"","overlay-type":"","overlay-color":"","overlay-opacity":"","overlay-gradient":""}},"footnotes":""},"class_list":["post-111","page","type-page","status-publish","hentry"],"yoast_head":"<!-- This site is optimized with the Yoast SEO plugin v26.3 - https:\/\/yoast.com\/wordpress\/plugins\/seo\/ -->\n<title>Incentivo \u00e0 publica\u00e7\u00e3o -<\/title>\n<meta name=\"robots\" content=\"index, follow, max-snippet:-1, max-image-preview:large, max-video-preview:-1\" \/>\n<link rel=\"canonical\" href=\"https:\/\/direcaocientifica.uem.mz\/?page_id=111\" \/>\n<meta property=\"og:locale\" content=\"pt_PT\" \/>\n<meta property=\"og:type\" content=\"article\" \/>\n<meta property=\"og:title\" content=\"Incentivo \u00e0 publica\u00e7\u00e3o -\" \/>\n<meta property=\"og:description\" content=\"Incentivo \u00e0 publica\u00e7\u00e3o O fundo de Incentivo \u00e0 Publica\u00e7\u00e3o Cient\u00edfica no ambito da Iniciativa de Excel\u00eancia\u00a0 da UEM (FIPC-IdE-UEM) \u00e9, no contexto do ensino superior mo\u00e7ambicano, uma proposta inovadora no que concerne ao est\u00edmulo da investiga\u00e7\u00e3o cient\u00edfica e subsequente publica\u00e7\u00e3o dos respectivo resultados. O objectivo do Fundo \u00e9 de estimular maior produ\u00e7\u00e3o, produtividade, publica\u00e7\u00e3o e [&hellip;]\" \/>\n<meta property=\"og:url\" content=\"https:\/\/direcaocientifica.uem.mz\/?page_id=111\" \/>\n<meta property=\"og:site_name\" content=\"Direc\u00e7\u00e3o Cientifica\" \/>\n<meta name=\"twitter:card\" content=\"summary_large_image\" \/>\n<meta name=\"twitter:label1\" content=\"Tempo estimado de leitura\" \/>\n\t<meta name=\"twitter:data1\" content=\"1 minuto\" \/>\n<script type=\"application\/ld+json\" class=\"yoast-schema-graph\">{\"@context\":\"https:\/\/schema.org\",\"@graph\":[{\"@type\":\"WebPage\",\"@id\":\"https:\/\/direcaocientifica.uem.mz\/?page_id=111\",\"url\":\"https:\/\/direcaocientifica.uem.mz\/?page_id=111\",\"name\":\"Incentivo \u00e0 publica\u00e7\u00e3o -\",\"isPartOf\":{\"@id\":\"https:\/\/direcaocientifica.uem.mz\/#website\"},\"datePublished\":\"2024-08-29T13:20:59+00:00\",\"breadcrumb\":{\"@id\":\"https:\/\/direcaocientifica.uem.mz\/?page_id=111#breadcrumb\"},\"inLanguage\":\"pt-PT\",\"potentialAction\":[{\"@type\":\"ReadAction\",\"target\":[\"https:\/\/direcaocientifica.uem.mz\/?page_id=111\"]}]},{\"@type\":\"BreadcrumbList\",\"@id\":\"https:\/\/direcaocientifica.uem.mz\/?page_id=111#breadcrumb\",\"itemListElement\":[{\"@type\":\"ListItem\",\"position\":1,\"name\":\"Home\",\"item\":\"https:\/\/direcaocientifica.uem.mz\/\"},{\"@type\":\"ListItem\",\"position\":2,\"name\":\"Incentivo \u00e0 publica\u00e7\u00e3o\"}]},{\"@type\":\"WebSite\",\"@id\":\"https:\/\/direcaocientifica.uem.mz\/#website\",\"url\":\"https:\/\/direcaocientifica.uem.mz\/\",\"name\":\"Direc\u00e7\u00e3o Cientifica\",\"description\":\"\",\"alternateName\":\"DC\",\"potentialAction\":[{\"@type\":\"SearchAction\",\"target\":{\"@type\":\"EntryPoint\",\"urlTemplate\":\"https:\/\/direcaocientifica.uem.mz\/?s={search_term_string}\"},\"query-input\":{\"@type\":\"PropertyValueSpecification\",\"valueRequired\":true,\"valueName\":\"search_term_string\"}}],\"inLanguage\":\"pt-PT\"}]}<\/script>\n<!-- \/ Yoast SEO plugin. -->","yoast_head_json":{"title":"Incentivo \u00e0 publica\u00e7\u00e3o -","robots":{"index":"index","follow":"follow","max-snippet":"max-snippet:-1","max-image-preview":"max-image-preview:large","max-video-preview":"max-video-preview:-1"},"canonical":"https:\/\/direcaocientifica.uem.mz\/?page_id=111","og_locale":"pt_PT","og_type":"article","og_title":"Incentivo \u00e0 publica\u00e7\u00e3o -","og_description":"Incentivo \u00e0 publica\u00e7\u00e3o O fundo de Incentivo \u00e0 Publica\u00e7\u00e3o Cient\u00edfica no ambito da Iniciativa de Excel\u00eancia\u00a0 da UEM (FIPC-IdE-UEM) \u00e9, no contexto do ensino superior mo\u00e7ambicano, uma proposta inovadora no que concerne ao est\u00edmulo da investiga\u00e7\u00e3o cient\u00edfica e subsequente publica\u00e7\u00e3o dos respectivo resultados. O objectivo do Fundo \u00e9 de estimular maior produ\u00e7\u00e3o, produtividade, publica\u00e7\u00e3o e [&hellip;]","og_url":"https:\/\/direcaocientifica.uem.mz\/?page_id=111","og_site_name":"Direc\u00e7\u00e3o Cientifica","twitter_card":"summary_large_image","twitter_misc":{"Tempo estimado de leitura":"1 minuto"},"schema":{"@context":"https:\/\/schema.org","@graph":[{"@type":"WebPage","@id":"https:\/\/direcaocientifica.uem.mz\/?page_id=111","url":"https:\/\/direcaocientifica.uem.mz\/?page_id=111","name":"Incentivo \u00e0 publica\u00e7\u00e3o -","isPartOf":{"@id":"https:\/\/direcaocientifica.uem.mz\/#website"},"datePublished":"2024-08-29T13:20:59+00:00","breadcrumb":{"@id":"https:\/\/direcaocientifica.uem.mz\/?page_id=111#breadcrumb"},"inLanguage":"pt-PT","potentialAction":[{"@type":"ReadAction","target":["https:\/\/direcaocientifica.uem.mz\/?page_id=111"]}]},{"@type":"BreadcrumbList","@id":"https:\/\/direcaocientifica.uem.mz\/?page_id=111#breadcrumb","itemListElement":[{"@type":"ListItem","position":1,"name":"Home","item":"https:\/\/direcaocientifica.uem.mz\/"},{"@type":"ListItem","position":2,"name":"Incentivo \u00e0 publica\u00e7\u00e3o"}]},{"@type":"WebSite","@id":"https:\/\/direcaocientifica.uem.mz\/#website","url":"https:\/\/direcaocientifica.uem.mz\/","name":"Direc\u00e7\u00e3o Cientifica","description":"","alternateName":"DC","potentialAction":[{"@type":"SearchAction","target":{"@type":"EntryPoint","urlTemplate":"https:\/\/direcaocientifica.uem.mz\/?s={search_term_string}"},"query-input":{"@type":"PropertyValueSpecification","valueRequired":true,"valueName":"search_term_string"}}],"inLanguage":"pt-PT"}]}},"rttpg_featured_image_url":null,"rttpg_author":{"display_name":"Arnaldo","author_link":"https:\/\/direcaocientifica.uem.mz\/?author=3"},"rttpg_comment":0,"rttpg_category":null,"rttpg_excerpt":"Incentivo \u00e0 publica\u00e7\u00e3o O fundo de Incentivo \u00e0 Publica\u00e7\u00e3o Cient\u00edfica no ambito da Iniciativa de Excel\u00eancia\u00a0 da UEM (FIPC-IdE-UEM) \u00e9, no contexto do ensino superior mo\u00e7ambicano, uma proposta inovadora no que concerne ao est\u00edmulo da investiga\u00e7\u00e3o cient\u00edfica e subsequente publica\u00e7\u00e3o dos respectivo resultados. O objectivo do Fundo \u00e9 de estimular maior produ\u00e7\u00e3o, produtividade, publica\u00e7\u00e3o e&hellip;","_links":{"self":[{"href":"https:\/\/direcaocientifica.uem.mz\/index.php?rest_route=\/wp\/v2\/pages\/111","targetHints":{"allow":["GET"]}}],"collection":[{"href":"https:\/\/direcaocientifica.uem.mz\/index.php?rest_route=\/wp\/v2\/pages"}],"about":[{"href":"https:\/\/direcaocientifica.uem.mz\/index.php?rest_route=\/wp\/v2\/types\/page"}],"author":[{"embeddable":true,"href":"https:\/\/direcaocientifica.uem.mz\/index.php?rest_route=\/wp\/v2\/users\/3"}],"replies":[{"embeddable":true,"href":"https:\/\/direcaocientifica.uem.mz\/index.php?rest_route=%2Fwp%2Fv2%2Fcomments&post=111"}],"version-history":[{"count":0,"href":"https:\/\/direcaocientifica.uem.mz\/index.php?rest_route=\/wp\/v2\/pages\/111\/revisions"}],"wp:attachment":[{"href":"https:\/\/direcaocientifica.uem.mz\/index.php?rest_route=%2Fwp%2Fv2%2Fmedia&parent=111"}],"curies":[{"name":"wp","href":"https:\/\/api.w.org\/{rel}","templated":true}]}}