{"id":110,"date":"2024-08-29T13:20:59","date_gmt":"2024-08-29T13:20:59","guid":{"rendered":"https:\/\/dc.ghost.uem.mz\/?page_id=110"},"modified":"2024-08-29T13:20:59","modified_gmt":"2024-08-29T13:20:59","slug":"subsidio-de-investigacao","status":"publish","type":"page","link":"https:\/\/direcaocientifica.uem.mz\/?page_id=110","title":{"rendered":"Subs\u00eddio de investiga\u00e7\u00e3o"},"content":{"rendered":"\t\t<div data-elementor-type=\"wp-page\" data-elementor-id=\"110\" class=\"elementor elementor-110\">\n\t\t\t\t<div class=\"elementor-element elementor-element-0f8188f e-flex e-con-boxed e-con e-parent\" data-id=\"0f8188f\" data-element_type=\"container\">\n\t\t\t\t\t<div class=\"e-con-inner\">\n\t\t\t\t<div class=\"elementor-element elementor-element-6cba2f3 elementor-widget elementor-widget-heading\" data-id=\"6cba2f3\" data-element_type=\"widget\" data-widget_type=\"heading.default\">\n\t\t\t\t<div class=\"elementor-widget-container\">\n\t\t\t\t\t<h2 class=\"elementor-heading-title elementor-size-default\">Subs\u00eddio de investiga\u00e7\u00e3o<\/h2>\t\t\t\t<\/div>\n\t\t\t\t<\/div>\n\t\t\t\t\t<\/div>\n\t\t\t\t<\/div>\n\t\t<div class=\"elementor-element elementor-element-83ce408 e-flex e-con-boxed e-con e-parent\" data-id=\"83ce408\" data-element_type=\"container\">\n\t\t\t\t\t<div class=\"e-con-inner\">\n\t\t\t\t<div class=\"elementor-element elementor-element-c944d06 elementor-widget elementor-widget-text-editor\" data-id=\"c944d06\" data-element_type=\"widget\" data-widget_type=\"text-editor.default\">\n\t\t\t\t<div class=\"elementor-widget-container\">\n\t\t\t\t\t\t\t\t\t<p>Aprovado atrav\u00e9s do Despacho n.\u00ba 89\/99 de 29 de Dezembro, que define o regime laboral dos docentes das institui\u00e7\u00f5es p\u00fablicas do ensino superior, o subsidio de investiga\u00e7\u00e3o tem como objectivo estimular a dedica\u00e7\u00e3o completa \u00e0s actividades de doc\u00eancia, investiga\u00e7\u00e3o e extens\u00e3o ao abrigo da al\u00ednea g) do n.\u00ba 1 do artigo 153 da Constitui\u00e7\u00e3o da Rep\u00fablica.<\/p><p>Ao pessoal visado ser\u00e3o pagos os suplementos previstos no artigo 25 do Decreto n.\u00ba 64\/98, de 3 de Dezembro, com as modifica\u00e7\u00f5es que a seguir se enumeram:<\/p><ol><li>\u00c9 estabelecido em 25% do vencimento base o subsidio de exclusividade para os professores e de 15% para os assistentes;<\/li><li>\u00c9 fixada em 15% do vencimento base o subsidio de investiga\u00e7\u00e3o a ser pago a professores e assistentes, quando envolvidos em programas de investiga\u00e7\u00e3o e\/ou p\u00f3s-gradua\u00e7\u00e3o.<\/li><\/ol>\t\t\t\t\t\t\t\t<\/div>\n\t\t\t\t<\/div>\n\t\t\t\t\t<\/div>\n\t\t\t\t<\/div>\n\t\t\t\t<\/div>\n\t\t","protected":false},"excerpt":{"rendered":"<p>Subs\u00eddio de investiga\u00e7\u00e3o Aprovado atrav\u00e9s do Despacho n.\u00ba 89\/99 de 29 de Dezembro, que define o regime laboral dos docentes das institui\u00e7\u00f5es p\u00fablicas do ensino superior, o subsidio de investiga\u00e7\u00e3o tem como objectivo estimular a dedica\u00e7\u00e3o completa \u00e0s actividades de doc\u00eancia, investiga\u00e7\u00e3o e extens\u00e3o ao abrigo da al\u00ednea g) do n.\u00ba 1 do artigo 153 [&hellip;]<\/p>\n","protected":false},"author":3,"featured_media":0,"parent":0,"menu_order":0,"comment_status":"closed","ping_status":"closed","template":"","meta":{"inline_featured_image":false,"site-sidebar-layout":"no-sidebar","site-content-layout":"","ast-site-content-layout":"full-width-container","site-content-style":"default","site-sidebar-style":"default","ast-global-header-display":"","ast-banner-title-visibility":"","ast-main-header-display":"","ast-hfb-above-header-display":"","ast-hfb-below-header-display":"","ast-hfb-mobile-header-display":"","site-post-title":"disabled","ast-breadcrumbs-content":"","ast-featured-img":"disabled","footer-sml-layout":"","theme-transparent-header-meta":"","adv-header-id-meta":"","stick-header-meta":"","header-above-stick-meta":"","header-main-stick-meta":"","header-below-stick-meta":"","astra-migrate-meta-layouts":"default","ast-page-background-enabled":"default","ast-page-background-meta":{"desktop":{"background-color":"var(--ast-global-color-5)","background-image":"","background-repeat":"repeat","background-position":"center center","background-size":"auto","background-attachment":"scroll","background-type":"","background-media":"","overlay-type":"","overlay-color":"","overlay-opacity":"","overlay-gradient":""},"tablet":{"background-color":"","background-image":"","background-repeat":"repeat","background-position":"center center","background-size":"auto","background-attachment":"scroll","background-type":"","background-media":"","overlay-type":"","overlay-color":"","overlay-opacity":"","overlay-gradient":""},"mobile":{"background-color":"","background-image":"","background-repeat":"repeat","background-position":"center center","background-size":"auto","background-attachment":"scroll","background-type":"","background-media":"","overlay-type":"","overlay-color":"","overlay-opacity":"","overlay-gradient":""}},"ast-content-background-meta":{"desktop":{"background-color":"var(--ast-global-color-4)","background-image":"","background-repeat":"repeat","background-position":"center center","background-size":"auto","background-attachment":"scroll","background-type":"","background-media":"","overlay-type":"","overlay-color":"","overlay-opacity":"","overlay-gradient":""},"tablet":{"background-color":"var(--ast-global-color-4)","background-image":"","background-repeat":"repeat","background-position":"center center","background-size":"auto","background-attachment":"scroll","background-type":"","background-media":"","overlay-type":"","overlay-color":"","overlay-opacity":"","overlay-gradient":""},"mobile":{"background-color":"var(--ast-global-color-4)","background-image":"","background-repeat":"repeat","background-position":"center center","background-size":"auto","background-attachment":"scroll","background-type":"","background-media":"","overlay-type":"","overlay-color":"","overlay-opacity":"","overlay-gradient":""}},"footnotes":""},"class_list":["post-110","page","type-page","status-publish","hentry"],"yoast_head":"<!-- This site is optimized with the Yoast SEO plugin v26.3 - https:\/\/yoast.com\/wordpress\/plugins\/seo\/ -->\n<title>Subs\u00eddio de investiga\u00e7\u00e3o -<\/title>\n<meta name=\"robots\" content=\"index, follow, max-snippet:-1, max-image-preview:large, max-video-preview:-1\" \/>\n<link rel=\"canonical\" href=\"https:\/\/direcaocientifica.uem.mz\/?page_id=110\" \/>\n<meta property=\"og:locale\" content=\"pt_PT\" \/>\n<meta property=\"og:type\" content=\"article\" \/>\n<meta property=\"og:title\" content=\"Subs\u00eddio de investiga\u00e7\u00e3o -\" \/>\n<meta property=\"og:description\" content=\"Subs\u00eddio de investiga\u00e7\u00e3o Aprovado atrav\u00e9s do Despacho n.\u00ba 89\/99 de 29 de Dezembro, que define o regime laboral dos docentes das institui\u00e7\u00f5es p\u00fablicas do ensino superior, o subsidio de investiga\u00e7\u00e3o tem como objectivo estimular a dedica\u00e7\u00e3o completa \u00e0s actividades de doc\u00eancia, investiga\u00e7\u00e3o e extens\u00e3o ao abrigo da al\u00ednea g) do n.\u00ba 1 do artigo 153 [&hellip;]\" \/>\n<meta property=\"og:url\" content=\"https:\/\/direcaocientifica.uem.mz\/?page_id=110\" \/>\n<meta property=\"og:site_name\" content=\"Direc\u00e7\u00e3o Cientifica\" \/>\n<meta name=\"twitter:card\" content=\"summary_large_image\" \/>\n<meta name=\"twitter:label1\" content=\"Tempo estimado de leitura\" \/>\n\t<meta name=\"twitter:data1\" content=\"1 minuto\" \/>\n<script type=\"application\/ld+json\" class=\"yoast-schema-graph\">{\"@context\":\"https:\/\/schema.org\",\"@graph\":[{\"@type\":\"WebPage\",\"@id\":\"https:\/\/direcaocientifica.uem.mz\/?page_id=110\",\"url\":\"https:\/\/direcaocientifica.uem.mz\/?page_id=110\",\"name\":\"Subs\u00eddio de investiga\u00e7\u00e3o -\",\"isPartOf\":{\"@id\":\"https:\/\/direcaocientifica.uem.mz\/#website\"},\"datePublished\":\"2024-08-29T13:20:59+00:00\",\"breadcrumb\":{\"@id\":\"https:\/\/direcaocientifica.uem.mz\/?page_id=110#breadcrumb\"},\"inLanguage\":\"pt-PT\",\"potentialAction\":[{\"@type\":\"ReadAction\",\"target\":[\"https:\/\/direcaocientifica.uem.mz\/?page_id=110\"]}]},{\"@type\":\"BreadcrumbList\",\"@id\":\"https:\/\/direcaocientifica.uem.mz\/?page_id=110#breadcrumb\",\"itemListElement\":[{\"@type\":\"ListItem\",\"position\":1,\"name\":\"Home\",\"item\":\"https:\/\/direcaocientifica.uem.mz\/\"},{\"@type\":\"ListItem\",\"position\":2,\"name\":\"Subs\u00eddio de investiga\u00e7\u00e3o\"}]},{\"@type\":\"WebSite\",\"@id\":\"https:\/\/direcaocientifica.uem.mz\/#website\",\"url\":\"https:\/\/direcaocientifica.uem.mz\/\",\"name\":\"Direc\u00e7\u00e3o Cientifica\",\"description\":\"\",\"alternateName\":\"DC\",\"potentialAction\":[{\"@type\":\"SearchAction\",\"target\":{\"@type\":\"EntryPoint\",\"urlTemplate\":\"https:\/\/direcaocientifica.uem.mz\/?s={search_term_string}\"},\"query-input\":{\"@type\":\"PropertyValueSpecification\",\"valueRequired\":true,\"valueName\":\"search_term_string\"}}],\"inLanguage\":\"pt-PT\"}]}<\/script>\n<!-- \/ Yoast SEO plugin. -->","yoast_head_json":{"title":"Subs\u00eddio de investiga\u00e7\u00e3o -","robots":{"index":"index","follow":"follow","max-snippet":"max-snippet:-1","max-image-preview":"max-image-preview:large","max-video-preview":"max-video-preview:-1"},"canonical":"https:\/\/direcaocientifica.uem.mz\/?page_id=110","og_locale":"pt_PT","og_type":"article","og_title":"Subs\u00eddio de investiga\u00e7\u00e3o -","og_description":"Subs\u00eddio de investiga\u00e7\u00e3o Aprovado atrav\u00e9s do Despacho n.\u00ba 89\/99 de 29 de Dezembro, que define o regime laboral dos docentes das institui\u00e7\u00f5es p\u00fablicas do ensino superior, o subsidio de investiga\u00e7\u00e3o tem como objectivo estimular a dedica\u00e7\u00e3o completa \u00e0s actividades de doc\u00eancia, investiga\u00e7\u00e3o e extens\u00e3o ao abrigo da al\u00ednea g) do n.\u00ba 1 do artigo 153 [&hellip;]","og_url":"https:\/\/direcaocientifica.uem.mz\/?page_id=110","og_site_name":"Direc\u00e7\u00e3o Cientifica","twitter_card":"summary_large_image","twitter_misc":{"Tempo estimado de leitura":"1 minuto"},"schema":{"@context":"https:\/\/schema.org","@graph":[{"@type":"WebPage","@id":"https:\/\/direcaocientifica.uem.mz\/?page_id=110","url":"https:\/\/direcaocientifica.uem.mz\/?page_id=110","name":"Subs\u00eddio de investiga\u00e7\u00e3o -","isPartOf":{"@id":"https:\/\/direcaocientifica.uem.mz\/#website"},"datePublished":"2024-08-29T13:20:59+00:00","breadcrumb":{"@id":"https:\/\/direcaocientifica.uem.mz\/?page_id=110#breadcrumb"},"inLanguage":"pt-PT","potentialAction":[{"@type":"ReadAction","target":["https:\/\/direcaocientifica.uem.mz\/?page_id=110"]}]},{"@type":"BreadcrumbList","@id":"https:\/\/direcaocientifica.uem.mz\/?page_id=110#breadcrumb","itemListElement":[{"@type":"ListItem","position":1,"name":"Home","item":"https:\/\/direcaocientifica.uem.mz\/"},{"@type":"ListItem","position":2,"name":"Subs\u00eddio de investiga\u00e7\u00e3o"}]},{"@type":"WebSite","@id":"https:\/\/direcaocientifica.uem.mz\/#website","url":"https:\/\/direcaocientifica.uem.mz\/","name":"Direc\u00e7\u00e3o Cientifica","description":"","alternateName":"DC","potentialAction":[{"@type":"SearchAction","target":{"@type":"EntryPoint","urlTemplate":"https:\/\/direcaocientifica.uem.mz\/?s={search_term_string}"},"query-input":{"@type":"PropertyValueSpecification","valueRequired":true,"valueName":"search_term_string"}}],"inLanguage":"pt-PT"}]}},"rttpg_featured_image_url":null,"rttpg_author":{"display_name":"Arnaldo","author_link":"https:\/\/direcaocientifica.uem.mz\/?author=3"},"rttpg_comment":0,"rttpg_category":null,"rttpg_excerpt":"Subs\u00eddio de investiga\u00e7\u00e3o Aprovado atrav\u00e9s do Despacho n.\u00ba 89\/99 de 29 de Dezembro, que define o regime laboral dos docentes das institui\u00e7\u00f5es p\u00fablicas do ensino superior, o subsidio de investiga\u00e7\u00e3o tem como objectivo estimular a dedica\u00e7\u00e3o completa \u00e0s actividades de doc\u00eancia, investiga\u00e7\u00e3o e extens\u00e3o ao abrigo da al\u00ednea g) do n.\u00ba 1 do artigo 153&hellip;","_links":{"self":[{"href":"https:\/\/direcaocientifica.uem.mz\/index.php?rest_route=\/wp\/v2\/pages\/110","targetHints":{"allow":["GET"]}}],"collection":[{"href":"https:\/\/direcaocientifica.uem.mz\/index.php?rest_route=\/wp\/v2\/pages"}],"about":[{"href":"https:\/\/direcaocientifica.uem.mz\/index.php?rest_route=\/wp\/v2\/types\/page"}],"author":[{"embeddable":true,"href":"https:\/\/direcaocientifica.uem.mz\/index.php?rest_route=\/wp\/v2\/users\/3"}],"replies":[{"embeddable":true,"href":"https:\/\/direcaocientifica.uem.mz\/index.php?rest_route=%2Fwp%2Fv2%2Fcomments&post=110"}],"version-history":[{"count":0,"href":"https:\/\/direcaocientifica.uem.mz\/index.php?rest_route=\/wp\/v2\/pages\/110\/revisions"}],"wp:attachment":[{"href":"https:\/\/direcaocientifica.uem.mz\/index.php?rest_route=%2Fwp%2Fv2%2Fmedia&parent=110"}],"curies":[{"name":"wp","href":"https:\/\/api.w.org\/{rel}","templated":true}]}}