{"id":109,"date":"2024-08-29T13:20:59","date_gmt":"2024-08-29T13:20:59","guid":{"rendered":"https:\/\/dc.ghost.uem.mz\/?page_id=109"},"modified":"2024-08-29T13:20:59","modified_gmt":"2024-08-29T13:20:59","slug":"jornadas-cientificas","status":"publish","type":"page","link":"https:\/\/direcaocientifica.uem.mz\/?page_id=109","title":{"rendered":"Jornadas cient\u00edficas"},"content":{"rendered":"\t\t<div data-elementor-type=\"wp-page\" data-elementor-id=\"109\" class=\"elementor elementor-109\">\n\t\t\t\t<div class=\"elementor-element elementor-element-bf725de e-flex e-con-boxed e-con e-parent\" data-id=\"bf725de\" data-element_type=\"container\">\n\t\t\t\t\t<div class=\"e-con-inner\">\n\t\t\t\t<div class=\"elementor-element elementor-element-bf60f82 elementor-widget elementor-widget-heading\" data-id=\"bf60f82\" data-element_type=\"widget\" data-widget_type=\"heading.default\">\n\t\t\t\t<div class=\"elementor-widget-container\">\n\t\t\t\t\t<h2 class=\"elementor-heading-title elementor-size-default\">Jornadas cient\u00edficas<\/h2>\t\t\t\t<\/div>\n\t\t\t\t<\/div>\n\t\t\t\t\t<\/div>\n\t\t\t\t<\/div>\n\t\t<div class=\"elementor-element elementor-element-acc17ae e-flex e-con-boxed e-con e-parent\" data-id=\"acc17ae\" data-element_type=\"container\">\n\t\t\t\t\t<div class=\"e-con-inner\">\n\t\t\t\t<div class=\"elementor-element elementor-element-d0e42e6 elementor-widget elementor-widget-text-editor\" data-id=\"d0e42e6\" data-element_type=\"widget\" data-widget_type=\"text-editor.default\">\n\t\t\t\t<div class=\"elementor-widget-container\">\n\t\t\t\t\t\t\t\t\t<p>As Jornadas Cient\u00edficas na Universidade Eduardo Mondlane t\u00eam como objectivo partilhar o conhecimento cient\u00edfico produzido pela comunidade universit\u00e1ria e incentivar a pr\u00e1tica da investiga\u00e7\u00e3o cient\u00edfica no seio desta comunidade na resolu\u00e7\u00e3o de problemas da sociedade. As Jornadas Cient\u00edficas s\u00e3o uma actividade de car\u00e1cter cient\u00edfico, que visam incentivar o gosto e melhoria das capacidades de pesquisa e de apresenta\u00e7\u00e3o de trabalhos cient\u00edficos por parte dos estudantes de gradua\u00e7\u00e3o e de p\u00f3s-gradua\u00e7\u00e3o, na perspectiva da consolida\u00e7\u00e3o do processo de ensino e aprendizagem. Estas actividades s\u00e3o realizadas bienalmente pelas Faculdades, Escolas e Centros da Universidade Eduardo Mondlane e contam com a participa\u00e7\u00e3o de estudantes, docentes e investigadores.<\/p>\t\t\t\t\t\t\t\t<\/div>\n\t\t\t\t<\/div>\n\t\t\t\t\t<\/div>\n\t\t\t\t<\/div>\n\t\t\t\t<\/div>\n\t\t","protected":false},"excerpt":{"rendered":"<p>Jornadas cient\u00edficas As Jornadas Cient\u00edficas na Universidade Eduardo Mondlane t\u00eam como objectivo partilhar o conhecimento cient\u00edfico produzido pela comunidade universit\u00e1ria e incentivar a pr\u00e1tica da investiga\u00e7\u00e3o cient\u00edfica no seio desta comunidade na resolu\u00e7\u00e3o de problemas da sociedade. As Jornadas Cient\u00edficas s\u00e3o uma actividade de car\u00e1cter cient\u00edfico, que visam incentivar o gosto e melhoria das capacidades [&hellip;]<\/p>\n","protected":false},"author":3,"featured_media":0,"parent":0,"menu_order":0,"comment_status":"closed","ping_status":"closed","template":"","meta":{"inline_featured_image":false,"site-sidebar-layout":"no-sidebar","site-content-layout":"","ast-site-content-layout":"full-width-container","site-content-style":"default","site-sidebar-style":"default","ast-global-header-display":"","ast-banner-title-visibility":"","ast-main-header-display":"","ast-hfb-above-header-display":"","ast-hfb-below-header-display":"","ast-hfb-mobile-header-display":"","site-post-title":"disabled","ast-breadcrumbs-content":"","ast-featured-img":"disabled","footer-sml-layout":"","theme-transparent-header-meta":"","adv-header-id-meta":"","stick-header-meta":"","header-above-stick-meta":"","header-main-stick-meta":"","header-below-stick-meta":"","astra-migrate-meta-layouts":"default","ast-page-background-enabled":"default","ast-page-background-meta":{"desktop":{"background-color":"var(--ast-global-color-5)","background-image":"","background-repeat":"repeat","background-position":"center center","background-size":"auto","background-attachment":"scroll","background-type":"","background-media":"","overlay-type":"","overlay-color":"","overlay-opacity":"","overlay-gradient":""},"tablet":{"background-color":"","background-image":"","background-repeat":"repeat","background-position":"center center","background-size":"auto","background-attachment":"scroll","background-type":"","background-media":"","overlay-type":"","overlay-color":"","overlay-opacity":"","overlay-gradient":""},"mobile":{"background-color":"","background-image":"","background-repeat":"repeat","background-position":"center center","background-size":"auto","background-attachment":"scroll","background-type":"","background-media":"","overlay-type":"","overlay-color":"","overlay-opacity":"","overlay-gradient":""}},"ast-content-background-meta":{"desktop":{"background-color":"var(--ast-global-color-4)","background-image":"","background-repeat":"repeat","background-position":"center center","background-size":"auto","background-attachment":"scroll","background-type":"","background-media":"","overlay-type":"","overlay-color":"","overlay-opacity":"","overlay-gradient":""},"tablet":{"background-color":"var(--ast-global-color-4)","background-image":"","background-repeat":"repeat","background-position":"center center","background-size":"auto","background-attachment":"scroll","background-type":"","background-media":"","overlay-type":"","overlay-color":"","overlay-opacity":"","overlay-gradient":""},"mobile":{"background-color":"var(--ast-global-color-4)","background-image":"","background-repeat":"repeat","background-position":"center center","background-size":"auto","background-attachment":"scroll","background-type":"","background-media":"","overlay-type":"","overlay-color":"","overlay-opacity":"","overlay-gradient":""}},"footnotes":""},"class_list":["post-109","page","type-page","status-publish","hentry"],"yoast_head":"<!-- This site is optimized with the Yoast SEO plugin v26.3 - https:\/\/yoast.com\/wordpress\/plugins\/seo\/ -->\n<title>Jornadas cient\u00edficas -<\/title>\n<meta name=\"robots\" content=\"index, follow, max-snippet:-1, max-image-preview:large, max-video-preview:-1\" \/>\n<link rel=\"canonical\" href=\"https:\/\/direcaocientifica.uem.mz\/?page_id=109\" \/>\n<meta property=\"og:locale\" content=\"pt_PT\" \/>\n<meta property=\"og:type\" content=\"article\" \/>\n<meta property=\"og:title\" content=\"Jornadas cient\u00edficas -\" \/>\n<meta property=\"og:description\" content=\"Jornadas cient\u00edficas As Jornadas Cient\u00edficas na Universidade Eduardo Mondlane t\u00eam como objectivo partilhar o conhecimento cient\u00edfico produzido pela comunidade universit\u00e1ria e incentivar a pr\u00e1tica da investiga\u00e7\u00e3o cient\u00edfica no seio desta comunidade na resolu\u00e7\u00e3o de problemas da sociedade. As Jornadas Cient\u00edficas s\u00e3o uma actividade de car\u00e1cter cient\u00edfico, que visam incentivar o gosto e melhoria das capacidades [&hellip;]\" \/>\n<meta property=\"og:url\" content=\"https:\/\/direcaocientifica.uem.mz\/?page_id=109\" \/>\n<meta property=\"og:site_name\" content=\"Direc\u00e7\u00e3o Cientifica\" \/>\n<meta name=\"twitter:card\" content=\"summary_large_image\" \/>\n<meta name=\"twitter:label1\" content=\"Tempo estimado de leitura\" \/>\n\t<meta name=\"twitter:data1\" content=\"1 minuto\" \/>\n<script type=\"application\/ld+json\" class=\"yoast-schema-graph\">{\"@context\":\"https:\/\/schema.org\",\"@graph\":[{\"@type\":\"WebPage\",\"@id\":\"https:\/\/direcaocientifica.uem.mz\/?page_id=109\",\"url\":\"https:\/\/direcaocientifica.uem.mz\/?page_id=109\",\"name\":\"Jornadas cient\u00edficas -\",\"isPartOf\":{\"@id\":\"https:\/\/direcaocientifica.uem.mz\/#website\"},\"datePublished\":\"2024-08-29T13:20:59+00:00\",\"breadcrumb\":{\"@id\":\"https:\/\/direcaocientifica.uem.mz\/?page_id=109#breadcrumb\"},\"inLanguage\":\"pt-PT\",\"potentialAction\":[{\"@type\":\"ReadAction\",\"target\":[\"https:\/\/direcaocientifica.uem.mz\/?page_id=109\"]}]},{\"@type\":\"BreadcrumbList\",\"@id\":\"https:\/\/direcaocientifica.uem.mz\/?page_id=109#breadcrumb\",\"itemListElement\":[{\"@type\":\"ListItem\",\"position\":1,\"name\":\"Home\",\"item\":\"https:\/\/direcaocientifica.uem.mz\/\"},{\"@type\":\"ListItem\",\"position\":2,\"name\":\"Jornadas cient\u00edficas\"}]},{\"@type\":\"WebSite\",\"@id\":\"https:\/\/direcaocientifica.uem.mz\/#website\",\"url\":\"https:\/\/direcaocientifica.uem.mz\/\",\"name\":\"Direc\u00e7\u00e3o Cientifica\",\"description\":\"\",\"alternateName\":\"DC\",\"potentialAction\":[{\"@type\":\"SearchAction\",\"target\":{\"@type\":\"EntryPoint\",\"urlTemplate\":\"https:\/\/direcaocientifica.uem.mz\/?s={search_term_string}\"},\"query-input\":{\"@type\":\"PropertyValueSpecification\",\"valueRequired\":true,\"valueName\":\"search_term_string\"}}],\"inLanguage\":\"pt-PT\"}]}<\/script>\n<!-- \/ Yoast SEO plugin. -->","yoast_head_json":{"title":"Jornadas cient\u00edficas -","robots":{"index":"index","follow":"follow","max-snippet":"max-snippet:-1","max-image-preview":"max-image-preview:large","max-video-preview":"max-video-preview:-1"},"canonical":"https:\/\/direcaocientifica.uem.mz\/?page_id=109","og_locale":"pt_PT","og_type":"article","og_title":"Jornadas cient\u00edficas -","og_description":"Jornadas cient\u00edficas As Jornadas Cient\u00edficas na Universidade Eduardo Mondlane t\u00eam como objectivo partilhar o conhecimento cient\u00edfico produzido pela comunidade universit\u00e1ria e incentivar a pr\u00e1tica da investiga\u00e7\u00e3o cient\u00edfica no seio desta comunidade na resolu\u00e7\u00e3o de problemas da sociedade. As Jornadas Cient\u00edficas s\u00e3o uma actividade de car\u00e1cter cient\u00edfico, que visam incentivar o gosto e melhoria das capacidades [&hellip;]","og_url":"https:\/\/direcaocientifica.uem.mz\/?page_id=109","og_site_name":"Direc\u00e7\u00e3o Cientifica","twitter_card":"summary_large_image","twitter_misc":{"Tempo estimado de leitura":"1 minuto"},"schema":{"@context":"https:\/\/schema.org","@graph":[{"@type":"WebPage","@id":"https:\/\/direcaocientifica.uem.mz\/?page_id=109","url":"https:\/\/direcaocientifica.uem.mz\/?page_id=109","name":"Jornadas cient\u00edficas -","isPartOf":{"@id":"https:\/\/direcaocientifica.uem.mz\/#website"},"datePublished":"2024-08-29T13:20:59+00:00","breadcrumb":{"@id":"https:\/\/direcaocientifica.uem.mz\/?page_id=109#breadcrumb"},"inLanguage":"pt-PT","potentialAction":[{"@type":"ReadAction","target":["https:\/\/direcaocientifica.uem.mz\/?page_id=109"]}]},{"@type":"BreadcrumbList","@id":"https:\/\/direcaocientifica.uem.mz\/?page_id=109#breadcrumb","itemListElement":[{"@type":"ListItem","position":1,"name":"Home","item":"https:\/\/direcaocientifica.uem.mz\/"},{"@type":"ListItem","position":2,"name":"Jornadas cient\u00edficas"}]},{"@type":"WebSite","@id":"https:\/\/direcaocientifica.uem.mz\/#website","url":"https:\/\/direcaocientifica.uem.mz\/","name":"Direc\u00e7\u00e3o Cientifica","description":"","alternateName":"DC","potentialAction":[{"@type":"SearchAction","target":{"@type":"EntryPoint","urlTemplate":"https:\/\/direcaocientifica.uem.mz\/?s={search_term_string}"},"query-input":{"@type":"PropertyValueSpecification","valueRequired":true,"valueName":"search_term_string"}}],"inLanguage":"pt-PT"}]}},"rttpg_featured_image_url":null,"rttpg_author":{"display_name":"Arnaldo","author_link":"https:\/\/direcaocientifica.uem.mz\/?author=3"},"rttpg_comment":0,"rttpg_category":null,"rttpg_excerpt":"Jornadas cient\u00edficas As Jornadas Cient\u00edficas na Universidade Eduardo Mondlane t\u00eam como objectivo partilhar o conhecimento cient\u00edfico produzido pela comunidade universit\u00e1ria e incentivar a pr\u00e1tica da investiga\u00e7\u00e3o cient\u00edfica no seio desta comunidade na resolu\u00e7\u00e3o de problemas da sociedade. As Jornadas Cient\u00edficas s\u00e3o uma actividade de car\u00e1cter cient\u00edfico, que visam incentivar o gosto e melhoria das capacidades&hellip;","_links":{"self":[{"href":"https:\/\/direcaocientifica.uem.mz\/index.php?rest_route=\/wp\/v2\/pages\/109","targetHints":{"allow":["GET"]}}],"collection":[{"href":"https:\/\/direcaocientifica.uem.mz\/index.php?rest_route=\/wp\/v2\/pages"}],"about":[{"href":"https:\/\/direcaocientifica.uem.mz\/index.php?rest_route=\/wp\/v2\/types\/page"}],"author":[{"embeddable":true,"href":"https:\/\/direcaocientifica.uem.mz\/index.php?rest_route=\/wp\/v2\/users\/3"}],"replies":[{"embeddable":true,"href":"https:\/\/direcaocientifica.uem.mz\/index.php?rest_route=%2Fwp%2Fv2%2Fcomments&post=109"}],"version-history":[{"count":0,"href":"https:\/\/direcaocientifica.uem.mz\/index.php?rest_route=\/wp\/v2\/pages\/109\/revisions"}],"wp:attachment":[{"href":"https:\/\/direcaocientifica.uem.mz\/index.php?rest_route=%2Fwp%2Fv2%2Fmedia&parent=109"}],"curies":[{"name":"wp","href":"https:\/\/api.w.org\/{rel}","templated":true}]}}