{"id":105,"date":"2024-08-29T13:20:58","date_gmt":"2024-08-29T13:20:58","guid":{"rendered":"https:\/\/dc.ghost.uem.mz\/?page_id=105"},"modified":"2024-08-29T13:20:58","modified_gmt":"2024-08-29T13:20:58","slug":"projectos-de-investigacao","status":"publish","type":"page","link":"https:\/\/direcaocientifica.uem.mz\/?page_id=105","title":{"rendered":"Projectos de investiga\u00e7\u00e3o"},"content":{"rendered":"\t\t<div data-elementor-type=\"wp-page\" data-elementor-id=\"105\" class=\"elementor elementor-105\">\n\t\t\t\t<div class=\"elementor-element elementor-element-253e5ab e-flex e-con-boxed e-con e-parent\" data-id=\"253e5ab\" data-element_type=\"container\">\n\t\t\t\t\t<div class=\"e-con-inner\">\n\t\t\t\t<div class=\"elementor-element elementor-element-630e22b elementor-widget elementor-widget-heading\" data-id=\"630e22b\" data-element_type=\"widget\" data-widget_type=\"heading.default\">\n\t\t\t\t<div class=\"elementor-widget-container\">\n\t\t\t\t\t<h2 class=\"elementor-heading-title elementor-size-default\">Projectos de investiga\u00e7\u00e3o<\/h2>\t\t\t\t<\/div>\n\t\t\t\t<\/div>\n\t\t\t\t\t<\/div>\n\t\t\t\t<\/div>\n\t\t<div class=\"elementor-element elementor-element-98ec170 e-flex e-con-boxed e-con e-parent\" data-id=\"98ec170\" data-element_type=\"container\">\n\t\t\t\t\t<div class=\"e-con-inner\">\n\t\t\t\t<div class=\"elementor-element elementor-element-7cb0490 elementor-widget elementor-widget-text-editor\" data-id=\"7cb0490\" data-element_type=\"widget\" data-widget_type=\"text-editor.default\">\n\t\t\t\t<div class=\"elementor-widget-container\">\n\t\t\t\t\t\t\t\t\t<p>As actividades de investiga\u00e7\u00e3o na UEM s\u00e3o financiadas pelo Estado Mo\u00e7ambicano, em parceria com as institui\u00e7\u00f5es de financiamento externas. O financiamento externo ocupa um lugar de destaque no apoio \u00e0 totalidade de investiga\u00e7\u00e3o praticada na UEM. Neste tipo de financiamento, as negocia\u00e7\u00f5es dos contratos podem ocorrer directamente com as Faculdades, Escolas e Centros, atrav\u00e9s de financiamento de projectos singulares identificados nos departamentos, os quais, por via de acordos m\u00fatuos, s\u00e3o providenciados fundos pelas institui\u00e7\u00f5es financeiras ou de pesquisa externas. Esses projectos, geralmente, podem ser interdisciplinares, como, tamb\u00e9m podem incorporar a componente de forma\u00e7\u00e3o do corpo acad\u00e9mico.<\/p><p>\u00a0A segunda forma ocorre atrav\u00e9s de negocia\u00e7\u00f5es promovidas a n\u00edvel central com vista ao financiamento de fundos centrais para a investiga\u00e7\u00e3o, que s\u00e3o geridos pela Direc\u00e7\u00e3o Cient\u00edfica. Estes fundos, na sua maioria s\u00e3o suportados pelos parceiros externos, servem para dinamizar a investiga\u00e7\u00e3o cient\u00edfica na UEM, atrav\u00e9s de financiamento de grandes programas de investiga\u00e7\u00e3o ou projectos individuais, publica\u00e7\u00f5es, participa\u00e7\u00e3o em confer\u00eancias, capacita\u00e7\u00e3o em metodologias de investiga\u00e7\u00e3o, aquisi\u00e7\u00e3o em manuten\u00e7\u00e3o de equipamentos laboratoriais, entre outras actividades. Actualmente, est\u00e3o institucionalizados os seguintes fundos Centrais:<\/p><ul><li>Fundo de Investiga\u00e7\u00e3o<\/li><li>Fundo de Aquisi\u00e7\u00e3o e Manuten\u00e7\u00e3o de Equipamentos<\/li><li>Fundo de P\u00f3s-gradua\u00e7\u00e3o<\/li><\/ul><p>\u00a0<\/p><p>Para mais informa\u00e7\u00e3o, por favor, consulte aba de Normas e Regulamentos<\/p>\t\t\t\t\t\t\t\t<\/div>\n\t\t\t\t<\/div>\n\t\t\t\t\t<\/div>\n\t\t\t\t<\/div>\n\t\t\t\t<\/div>\n\t\t","protected":false},"excerpt":{"rendered":"<p>Projectos de investiga\u00e7\u00e3o As actividades de investiga\u00e7\u00e3o na UEM s\u00e3o financiadas pelo Estado Mo\u00e7ambicano, em parceria com as institui\u00e7\u00f5es de financiamento externas. O financiamento externo ocupa um lugar de destaque no apoio \u00e0 totalidade de investiga\u00e7\u00e3o praticada na UEM. Neste tipo de financiamento, as negocia\u00e7\u00f5es dos contratos podem ocorrer directamente com as Faculdades, Escolas e [&hellip;]<\/p>\n","protected":false},"author":3,"featured_media":0,"parent":0,"menu_order":0,"comment_status":"closed","ping_status":"closed","template":"","meta":{"inline_featured_image":false,"site-sidebar-layout":"no-sidebar","site-content-layout":"","ast-site-content-layout":"full-width-container","site-content-style":"default","site-sidebar-style":"default","ast-global-header-display":"","ast-banner-title-visibility":"","ast-main-header-display":"","ast-hfb-above-header-display":"","ast-hfb-below-header-display":"","ast-hfb-mobile-header-display":"","site-post-title":"disabled","ast-breadcrumbs-content":"","ast-featured-img":"disabled","footer-sml-layout":"","theme-transparent-header-meta":"","adv-header-id-meta":"","stick-header-meta":"","header-above-stick-meta":"","header-main-stick-meta":"","header-below-stick-meta":"","astra-migrate-meta-layouts":"default","ast-page-background-enabled":"default","ast-page-background-meta":{"desktop":{"background-color":"var(--ast-global-color-5)","background-image":"","background-repeat":"repeat","background-position":"center center","background-size":"auto","background-attachment":"scroll","background-type":"","background-media":"","overlay-type":"","overlay-color":"","overlay-opacity":"","overlay-gradient":""},"tablet":{"background-color":"","background-image":"","background-repeat":"repeat","background-position":"center center","background-size":"auto","background-attachment":"scroll","background-type":"","background-media":"","overlay-type":"","overlay-color":"","overlay-opacity":"","overlay-gradient":""},"mobile":{"background-color":"","background-image":"","background-repeat":"repeat","background-position":"center center","background-size":"auto","background-attachment":"scroll","background-type":"","background-media":"","overlay-type":"","overlay-color":"","overlay-opacity":"","overlay-gradient":""}},"ast-content-background-meta":{"desktop":{"background-color":"var(--ast-global-color-4)","background-image":"","background-repeat":"repeat","background-position":"center center","background-size":"auto","background-attachment":"scroll","background-type":"","background-media":"","overlay-type":"","overlay-color":"","overlay-opacity":"","overlay-gradient":""},"tablet":{"background-color":"var(--ast-global-color-4)","background-image":"","background-repeat":"repeat","background-position":"center center","background-size":"auto","background-attachment":"scroll","background-type":"","background-media":"","overlay-type":"","overlay-color":"","overlay-opacity":"","overlay-gradient":""},"mobile":{"background-color":"var(--ast-global-color-4)","background-image":"","background-repeat":"repeat","background-position":"center center","background-size":"auto","background-attachment":"scroll","background-type":"","background-media":"","overlay-type":"","overlay-color":"","overlay-opacity":"","overlay-gradient":""}},"footnotes":""},"class_list":["post-105","page","type-page","status-publish","hentry"],"yoast_head":"<!-- This site is optimized with the Yoast SEO plugin v26.3 - https:\/\/yoast.com\/wordpress\/plugins\/seo\/ -->\n<title>Projectos de investiga\u00e7\u00e3o -<\/title>\n<meta name=\"robots\" content=\"index, follow, max-snippet:-1, max-image-preview:large, max-video-preview:-1\" \/>\n<link rel=\"canonical\" href=\"https:\/\/direcaocientifica.uem.mz\/?page_id=105\" \/>\n<meta property=\"og:locale\" content=\"pt_PT\" \/>\n<meta property=\"og:type\" content=\"article\" \/>\n<meta property=\"og:title\" content=\"Projectos de investiga\u00e7\u00e3o -\" \/>\n<meta property=\"og:description\" content=\"Projectos de investiga\u00e7\u00e3o As actividades de investiga\u00e7\u00e3o na UEM s\u00e3o financiadas pelo Estado Mo\u00e7ambicano, em parceria com as institui\u00e7\u00f5es de financiamento externas. O financiamento externo ocupa um lugar de destaque no apoio \u00e0 totalidade de investiga\u00e7\u00e3o praticada na UEM. Neste tipo de financiamento, as negocia\u00e7\u00f5es dos contratos podem ocorrer directamente com as Faculdades, Escolas e [&hellip;]\" \/>\n<meta property=\"og:url\" content=\"https:\/\/direcaocientifica.uem.mz\/?page_id=105\" \/>\n<meta property=\"og:site_name\" content=\"Direc\u00e7\u00e3o Cientifica\" \/>\n<meta name=\"twitter:card\" content=\"summary_large_image\" \/>\n<meta name=\"twitter:label1\" content=\"Tempo estimado de leitura\" \/>\n\t<meta name=\"twitter:data1\" content=\"1 minuto\" \/>\n<script type=\"application\/ld+json\" class=\"yoast-schema-graph\">{\"@context\":\"https:\/\/schema.org\",\"@graph\":[{\"@type\":\"WebPage\",\"@id\":\"https:\/\/direcaocientifica.uem.mz\/?page_id=105\",\"url\":\"https:\/\/direcaocientifica.uem.mz\/?page_id=105\",\"name\":\"Projectos de investiga\u00e7\u00e3o -\",\"isPartOf\":{\"@id\":\"https:\/\/direcaocientifica.uem.mz\/#website\"},\"datePublished\":\"2024-08-29T13:20:58+00:00\",\"breadcrumb\":{\"@id\":\"https:\/\/direcaocientifica.uem.mz\/?page_id=105#breadcrumb\"},\"inLanguage\":\"pt-PT\",\"potentialAction\":[{\"@type\":\"ReadAction\",\"target\":[\"https:\/\/direcaocientifica.uem.mz\/?page_id=105\"]}]},{\"@type\":\"BreadcrumbList\",\"@id\":\"https:\/\/direcaocientifica.uem.mz\/?page_id=105#breadcrumb\",\"itemListElement\":[{\"@type\":\"ListItem\",\"position\":1,\"name\":\"Home\",\"item\":\"https:\/\/direcaocientifica.uem.mz\/\"},{\"@type\":\"ListItem\",\"position\":2,\"name\":\"Projectos de investiga\u00e7\u00e3o\"}]},{\"@type\":\"WebSite\",\"@id\":\"https:\/\/direcaocientifica.uem.mz\/#website\",\"url\":\"https:\/\/direcaocientifica.uem.mz\/\",\"name\":\"Direc\u00e7\u00e3o Cientifica\",\"description\":\"\",\"alternateName\":\"DC\",\"potentialAction\":[{\"@type\":\"SearchAction\",\"target\":{\"@type\":\"EntryPoint\",\"urlTemplate\":\"https:\/\/direcaocientifica.uem.mz\/?s={search_term_string}\"},\"query-input\":{\"@type\":\"PropertyValueSpecification\",\"valueRequired\":true,\"valueName\":\"search_term_string\"}}],\"inLanguage\":\"pt-PT\"}]}<\/script>\n<!-- \/ Yoast SEO plugin. -->","yoast_head_json":{"title":"Projectos de investiga\u00e7\u00e3o -","robots":{"index":"index","follow":"follow","max-snippet":"max-snippet:-1","max-image-preview":"max-image-preview:large","max-video-preview":"max-video-preview:-1"},"canonical":"https:\/\/direcaocientifica.uem.mz\/?page_id=105","og_locale":"pt_PT","og_type":"article","og_title":"Projectos de investiga\u00e7\u00e3o -","og_description":"Projectos de investiga\u00e7\u00e3o As actividades de investiga\u00e7\u00e3o na UEM s\u00e3o financiadas pelo Estado Mo\u00e7ambicano, em parceria com as institui\u00e7\u00f5es de financiamento externas. O financiamento externo ocupa um lugar de destaque no apoio \u00e0 totalidade de investiga\u00e7\u00e3o praticada na UEM. Neste tipo de financiamento, as negocia\u00e7\u00f5es dos contratos podem ocorrer directamente com as Faculdades, Escolas e [&hellip;]","og_url":"https:\/\/direcaocientifica.uem.mz\/?page_id=105","og_site_name":"Direc\u00e7\u00e3o Cientifica","twitter_card":"summary_large_image","twitter_misc":{"Tempo estimado de leitura":"1 minuto"},"schema":{"@context":"https:\/\/schema.org","@graph":[{"@type":"WebPage","@id":"https:\/\/direcaocientifica.uem.mz\/?page_id=105","url":"https:\/\/direcaocientifica.uem.mz\/?page_id=105","name":"Projectos de investiga\u00e7\u00e3o -","isPartOf":{"@id":"https:\/\/direcaocientifica.uem.mz\/#website"},"datePublished":"2024-08-29T13:20:58+00:00","breadcrumb":{"@id":"https:\/\/direcaocientifica.uem.mz\/?page_id=105#breadcrumb"},"inLanguage":"pt-PT","potentialAction":[{"@type":"ReadAction","target":["https:\/\/direcaocientifica.uem.mz\/?page_id=105"]}]},{"@type":"BreadcrumbList","@id":"https:\/\/direcaocientifica.uem.mz\/?page_id=105#breadcrumb","itemListElement":[{"@type":"ListItem","position":1,"name":"Home","item":"https:\/\/direcaocientifica.uem.mz\/"},{"@type":"ListItem","position":2,"name":"Projectos de investiga\u00e7\u00e3o"}]},{"@type":"WebSite","@id":"https:\/\/direcaocientifica.uem.mz\/#website","url":"https:\/\/direcaocientifica.uem.mz\/","name":"Direc\u00e7\u00e3o Cientifica","description":"","alternateName":"DC","potentialAction":[{"@type":"SearchAction","target":{"@type":"EntryPoint","urlTemplate":"https:\/\/direcaocientifica.uem.mz\/?s={search_term_string}"},"query-input":{"@type":"PropertyValueSpecification","valueRequired":true,"valueName":"search_term_string"}}],"inLanguage":"pt-PT"}]}},"rttpg_featured_image_url":null,"rttpg_author":{"display_name":"Arnaldo","author_link":"https:\/\/direcaocientifica.uem.mz\/?author=3"},"rttpg_comment":0,"rttpg_category":null,"rttpg_excerpt":"Projectos de investiga\u00e7\u00e3o As actividades de investiga\u00e7\u00e3o na UEM s\u00e3o financiadas pelo Estado Mo\u00e7ambicano, em parceria com as institui\u00e7\u00f5es de financiamento externas. O financiamento externo ocupa um lugar de destaque no apoio \u00e0 totalidade de investiga\u00e7\u00e3o praticada na UEM. Neste tipo de financiamento, as negocia\u00e7\u00f5es dos contratos podem ocorrer directamente com as Faculdades, Escolas e&hellip;","_links":{"self":[{"href":"https:\/\/direcaocientifica.uem.mz\/index.php?rest_route=\/wp\/v2\/pages\/105","targetHints":{"allow":["GET"]}}],"collection":[{"href":"https:\/\/direcaocientifica.uem.mz\/index.php?rest_route=\/wp\/v2\/pages"}],"about":[{"href":"https:\/\/direcaocientifica.uem.mz\/index.php?rest_route=\/wp\/v2\/types\/page"}],"author":[{"embeddable":true,"href":"https:\/\/direcaocientifica.uem.mz\/index.php?rest_route=\/wp\/v2\/users\/3"}],"replies":[{"embeddable":true,"href":"https:\/\/direcaocientifica.uem.mz\/index.php?rest_route=%2Fwp%2Fv2%2Fcomments&post=105"}],"version-history":[{"count":0,"href":"https:\/\/direcaocientifica.uem.mz\/index.php?rest_route=\/wp\/v2\/pages\/105\/revisions"}],"wp:attachment":[{"href":"https:\/\/direcaocientifica.uem.mz\/index.php?rest_route=%2Fwp%2Fv2%2Fmedia&parent=105"}],"curies":[{"name":"wp","href":"https:\/\/api.w.org\/{rel}","templated":true}]}}