{"id":103,"date":"2024-08-29T13:20:58","date_gmt":"2024-08-29T13:20:58","guid":{"rendered":"https:\/\/dc.ghost.uem.mz\/?page_id=103"},"modified":"2024-08-29T13:20:58","modified_gmt":"2024-08-29T13:20:58","slug":"linhas-de-investigacao","status":"publish","type":"page","link":"https:\/\/direcaocientifica.uem.mz\/?page_id=103","title":{"rendered":"Linhas de Investiga\u00e7\u00e3o"},"content":{"rendered":"\t\t<div data-elementor-type=\"wp-page\" data-elementor-id=\"103\" class=\"elementor elementor-103\">\n\t\t\t\t<div class=\"elementor-element elementor-element-177fd0d e-flex e-con-boxed e-con e-parent\" data-id=\"177fd0d\" data-element_type=\"container\">\n\t\t\t\t\t<div class=\"e-con-inner\">\n\t\t\t\t<div class=\"elementor-element elementor-element-0589887 elementor-widget elementor-widget-heading\" data-id=\"0589887\" data-element_type=\"widget\" data-widget_type=\"heading.default\">\n\t\t\t\t<div class=\"elementor-widget-container\">\n\t\t\t\t\t<h2 class=\"elementor-heading-title elementor-size-default\">Linhas de Investiga\u00e7\u00e3o<\/h2>\t\t\t\t<\/div>\n\t\t\t\t<\/div>\n\t\t\t\t<div class=\"elementor-element elementor-element-e33d47a elementor-widget elementor-widget-text-editor\" data-id=\"e33d47a\" data-element_type=\"widget\" data-widget_type=\"text-editor.default\">\n\t\t\t\t<div class=\"elementor-widget-container\">\n\t\t\t\t\t\t\t\t\t<p>Tomando em considera\u00e7\u00e3o as caracter\u00edsticas da Universidade Eduardo Mondlane, s\u00e3o definidas sete linhas de investiga\u00e7\u00e3o que procuram valorizar a situa\u00e7\u00e3o actual da UEM, promover a interdisciplinaridade, incentivar a liga\u00e7\u00e3o entre a investiga\u00e7\u00e3o e os programas de p\u00f3s-gradua\u00e7\u00e3o, e contribuir para o desenvolvimento social. As linhas de investiga\u00e7\u00e3o s\u00e3o apresentadas na sua generalidade e est\u00e3o indicadas no Anexo 1 com os respectivos potenciais programas de investiga\u00e7\u00e3o, os quais podem ser melhorados e ajustados de acordo com a avalia\u00e7\u00e3o dos especialistas de cada linha. Dada a dimens\u00e3o transversal de certas \u00e1reas tem\u00e1ticas tais como g\u00e9nero, conhecimento local, biotecnologia, tecnologias de comunica\u00e7\u00e3o e informa\u00e7\u00e3o, estas fazem parte de qualquer uma das sete linhas de investiga\u00e7\u00e3o.<\/p><p>__________________________________________________________________________________<\/p><p><span style=\"color: #000000\"><strong><em>Linha 1. Sa\u00fade<\/em><\/strong><\/span><\/p><p>A investiga\u00e7\u00e3o em sa\u00fade est\u00e1 orientada para atender os desafios concretos da sa\u00fade da popula\u00e7\u00e3o (humana e animal) no pa\u00eds e inclui aspectos de medicina convencional e medicina alternativa e complementar, promo\u00e7\u00e3o de sa\u00fade, aspectos s\u00f3cio-culturais e bem-estar.<\/p><p><span style=\"color: #000000\"><strong><em>Linha 2. Recursos Naturais e Ambiente<\/em><\/strong><\/span><\/p><p>Esta linha de investiga\u00e7\u00e3o tem como enfoque a caracteriza\u00e7\u00e3o, distribui\u00e7\u00e3o e desenvolvimento de sistemas de gest\u00e3o integrada dos recursos naturais.<\/p><p><span style=\"color: #000000\"><strong><em>Linha 3. Engenharia e Inova\u00e7\u00e3o Tecnol\u00f3gica<\/em><\/strong><\/span><\/p><p>Esta linha focaliza assuntos ligados a inova\u00e7\u00f5es tecnol\u00f3gicas em processos industriais o que inclui as fontes de energia, layout, sistemas de transporte, automatiza\u00e7\u00e3o, manuseio de materiais e tecnologias de informa\u00e7\u00e3o e comunica\u00e7\u00e3o.<\/p><p><span style=\"color: #000000\"><strong><em>Linha 4. Produ\u00e7\u00e3o Agr\u00edcola, Animal e Florestal<\/em><\/strong><\/span><\/p><p>O enfoque desta linha de investiga\u00e7\u00e3o \u00e9 a melhoria dos sistemas de produ\u00e7\u00e3o agr\u00edcola e animal orientada a pequenos, m\u00e9dios e grandes produtores, cobrindo toda a cadeia de valor e sistemas de mercados ag\u00edcolas para uma produ\u00e7\u00e3o sustentada e integrada.<\/p><p><span style=\"color: #000000\"><strong><em>Linha 5. Governa\u00e7\u00e3o, Economia e Direitos Humanos<\/em><\/strong><\/span><\/p><p>O enfoque desta linha \u00e9 a an\u00e1lise de pol\u00edticas, de quest\u00f5es relativas a direitos e deveres dos cidad\u00e3os, quest\u00f5es de \u00e9tica, assim como a promo\u00e7\u00e3o da sustentabilidade econ\u00f3mica, competitividade empresarial, empreendedorismo e rela\u00e7\u00f5es de trabalho.<\/p><p><span style=\"color: #000000\"><strong><em>Linha 6. Territ\u00f3rio, Popula\u00e7\u00e3o e Desenvolvimento<\/em><\/strong><\/span><\/p><p>Esta linha de investiga\u00e7\u00e3o trata das componentes da din\u00e2mica demogr\u00e1fica, distribui\u00e7\u00e3o e redistribui\u00e7\u00e3o da popula\u00e7\u00e3o, formas de ocupa\u00e7\u00e3o no espa\u00e7o, assim como as rela\u00e7\u00f5es s\u00f3cio-econ\u00f3micas, pol\u00edticas e com a natureza, desenvolvimento compat\u00edvel com o clima, e desenvolvimento sustent\u00e1vel integrativo no contexto nacional e regional.<\/p><p><span style=\"color: #000000\"><strong><em>Linha 7. Cultura, Sociedade e Educa\u00e7\u00e3o<\/em><\/strong><\/span><\/p><p>Esta linha de investiga\u00e7\u00e3o tem como enfoque o conhecimento da sociedade, as pr\u00e1ticas da vida quotidiana, a comunica\u00e7\u00e3o e a educa\u00e7\u00e3o. Dedica-se aos estudos comportamentais e de l\u00ednguas, aos<\/p><p>espa\u00e7os de interac\u00e7\u00e3o cultural e din\u00e2mica de identidades.<\/p>\t\t\t\t\t\t\t\t<\/div>\n\t\t\t\t<\/div>\n\t\t\t\t\t<\/div>\n\t\t\t\t<\/div>\n\t\t\t\t<\/div>\n\t\t","protected":false},"excerpt":{"rendered":"<p>Linhas de Investiga\u00e7\u00e3o Tomando em considera\u00e7\u00e3o as caracter\u00edsticas da Universidade Eduardo Mondlane, s\u00e3o definidas sete linhas de investiga\u00e7\u00e3o que procuram valorizar a situa\u00e7\u00e3o actual da UEM, promover a interdisciplinaridade, incentivar a liga\u00e7\u00e3o entre a investiga\u00e7\u00e3o e os programas de p\u00f3s-gradua\u00e7\u00e3o, e contribuir para o desenvolvimento social. As linhas de investiga\u00e7\u00e3o s\u00e3o apresentadas na sua generalidade [&hellip;]<\/p>\n","protected":false},"author":3,"featured_media":0,"parent":0,"menu_order":0,"comment_status":"closed","ping_status":"closed","template":"","meta":{"inline_featured_image":false,"site-sidebar-layout":"no-sidebar","site-content-layout":"","ast-site-content-layout":"full-width-container","site-content-style":"default","site-sidebar-style":"default","ast-global-header-display":"","ast-banner-title-visibility":"","ast-main-header-display":"","ast-hfb-above-header-display":"","ast-hfb-below-header-display":"","ast-hfb-mobile-header-display":"","site-post-title":"disabled","ast-breadcrumbs-content":"","ast-featured-img":"disabled","footer-sml-layout":"","theme-transparent-header-meta":"","adv-header-id-meta":"","stick-header-meta":"","header-above-stick-meta":"","header-main-stick-meta":"","header-below-stick-meta":"","astra-migrate-meta-layouts":"default","ast-page-background-enabled":"default","ast-page-background-meta":{"desktop":{"background-color":"var(--ast-global-color-5)","background-image":"","background-repeat":"repeat","background-position":"center center","background-size":"auto","background-attachment":"scroll","background-type":"","background-media":"","overlay-type":"","overlay-color":"","overlay-opacity":"","overlay-gradient":""},"tablet":{"background-color":"","background-image":"","background-repeat":"repeat","background-position":"center center","background-size":"auto","background-attachment":"scroll","background-type":"","background-media":"","overlay-type":"","overlay-color":"","overlay-opacity":"","overlay-gradient":""},"mobile":{"background-color":"","background-image":"","background-repeat":"repeat","background-position":"center center","background-size":"auto","background-attachment":"scroll","background-type":"","background-media":"","overlay-type":"","overlay-color":"","overlay-opacity":"","overlay-gradient":""}},"ast-content-background-meta":{"desktop":{"background-color":"var(--ast-global-color-4)","background-image":"","background-repeat":"repeat","background-position":"center center","background-size":"auto","background-attachment":"scroll","background-type":"","background-media":"","overlay-type":"","overlay-color":"","overlay-opacity":"","overlay-gradient":""},"tablet":{"background-color":"var(--ast-global-color-4)","background-image":"","background-repeat":"repeat","background-position":"center center","background-size":"auto","background-attachment":"scroll","background-type":"","background-media":"","overlay-type":"","overlay-color":"","overlay-opacity":"","overlay-gradient":""},"mobile":{"background-color":"var(--ast-global-color-4)","background-image":"","background-repeat":"repeat","background-position":"center center","background-size":"auto","background-attachment":"scroll","background-type":"","background-media":"","overlay-type":"","overlay-color":"","overlay-opacity":"","overlay-gradient":""}},"footnotes":""},"class_list":["post-103","page","type-page","status-publish","hentry"],"yoast_head":"<!-- This site is optimized with the Yoast SEO plugin v26.3 - https:\/\/yoast.com\/wordpress\/plugins\/seo\/ -->\n<title>Linhas de Investiga\u00e7\u00e3o -<\/title>\n<meta name=\"robots\" content=\"index, follow, max-snippet:-1, max-image-preview:large, max-video-preview:-1\" \/>\n<link rel=\"canonical\" href=\"https:\/\/direcaocientifica.uem.mz\/?page_id=103\" \/>\n<meta property=\"og:locale\" content=\"pt_PT\" \/>\n<meta property=\"og:type\" content=\"article\" \/>\n<meta property=\"og:title\" content=\"Linhas de Investiga\u00e7\u00e3o -\" \/>\n<meta property=\"og:description\" content=\"Linhas de Investiga\u00e7\u00e3o Tomando em considera\u00e7\u00e3o as caracter\u00edsticas da Universidade Eduardo Mondlane, s\u00e3o definidas sete linhas de investiga\u00e7\u00e3o que procuram valorizar a situa\u00e7\u00e3o actual da UEM, promover a interdisciplinaridade, incentivar a liga\u00e7\u00e3o entre a investiga\u00e7\u00e3o e os programas de p\u00f3s-gradua\u00e7\u00e3o, e contribuir para o desenvolvimento social. As linhas de investiga\u00e7\u00e3o s\u00e3o apresentadas na sua generalidade [&hellip;]\" \/>\n<meta property=\"og:url\" content=\"https:\/\/direcaocientifica.uem.mz\/?page_id=103\" \/>\n<meta property=\"og:site_name\" content=\"Direc\u00e7\u00e3o Cientifica\" \/>\n<meta name=\"twitter:card\" content=\"summary_large_image\" \/>\n<meta name=\"twitter:label1\" content=\"Tempo estimado de leitura\" \/>\n\t<meta name=\"twitter:data1\" content=\"2 minutos\" \/>\n<script type=\"application\/ld+json\" class=\"yoast-schema-graph\">{\"@context\":\"https:\/\/schema.org\",\"@graph\":[{\"@type\":\"WebPage\",\"@id\":\"https:\/\/direcaocientifica.uem.mz\/?page_id=103\",\"url\":\"https:\/\/direcaocientifica.uem.mz\/?page_id=103\",\"name\":\"Linhas de Investiga\u00e7\u00e3o -\",\"isPartOf\":{\"@id\":\"https:\/\/direcaocientifica.uem.mz\/#website\"},\"datePublished\":\"2024-08-29T13:20:58+00:00\",\"breadcrumb\":{\"@id\":\"https:\/\/direcaocientifica.uem.mz\/?page_id=103#breadcrumb\"},\"inLanguage\":\"pt-PT\",\"potentialAction\":[{\"@type\":\"ReadAction\",\"target\":[\"https:\/\/direcaocientifica.uem.mz\/?page_id=103\"]}]},{\"@type\":\"BreadcrumbList\",\"@id\":\"https:\/\/direcaocientifica.uem.mz\/?page_id=103#breadcrumb\",\"itemListElement\":[{\"@type\":\"ListItem\",\"position\":1,\"name\":\"Home\",\"item\":\"https:\/\/direcaocientifica.uem.mz\/\"},{\"@type\":\"ListItem\",\"position\":2,\"name\":\"Linhas de Investiga\u00e7\u00e3o\"}]},{\"@type\":\"WebSite\",\"@id\":\"https:\/\/direcaocientifica.uem.mz\/#website\",\"url\":\"https:\/\/direcaocientifica.uem.mz\/\",\"name\":\"Direc\u00e7\u00e3o Cientifica\",\"description\":\"\",\"alternateName\":\"DC\",\"potentialAction\":[{\"@type\":\"SearchAction\",\"target\":{\"@type\":\"EntryPoint\",\"urlTemplate\":\"https:\/\/direcaocientifica.uem.mz\/?s={search_term_string}\"},\"query-input\":{\"@type\":\"PropertyValueSpecification\",\"valueRequired\":true,\"valueName\":\"search_term_string\"}}],\"inLanguage\":\"pt-PT\"}]}<\/script>\n<!-- \/ Yoast SEO plugin. -->","yoast_head_json":{"title":"Linhas de Investiga\u00e7\u00e3o -","robots":{"index":"index","follow":"follow","max-snippet":"max-snippet:-1","max-image-preview":"max-image-preview:large","max-video-preview":"max-video-preview:-1"},"canonical":"https:\/\/direcaocientifica.uem.mz\/?page_id=103","og_locale":"pt_PT","og_type":"article","og_title":"Linhas de Investiga\u00e7\u00e3o -","og_description":"Linhas de Investiga\u00e7\u00e3o Tomando em considera\u00e7\u00e3o as caracter\u00edsticas da Universidade Eduardo Mondlane, s\u00e3o definidas sete linhas de investiga\u00e7\u00e3o que procuram valorizar a situa\u00e7\u00e3o actual da UEM, promover a interdisciplinaridade, incentivar a liga\u00e7\u00e3o entre a investiga\u00e7\u00e3o e os programas de p\u00f3s-gradua\u00e7\u00e3o, e contribuir para o desenvolvimento social. As linhas de investiga\u00e7\u00e3o s\u00e3o apresentadas na sua generalidade [&hellip;]","og_url":"https:\/\/direcaocientifica.uem.mz\/?page_id=103","og_site_name":"Direc\u00e7\u00e3o Cientifica","twitter_card":"summary_large_image","twitter_misc":{"Tempo estimado de leitura":"2 minutos"},"schema":{"@context":"https:\/\/schema.org","@graph":[{"@type":"WebPage","@id":"https:\/\/direcaocientifica.uem.mz\/?page_id=103","url":"https:\/\/direcaocientifica.uem.mz\/?page_id=103","name":"Linhas de Investiga\u00e7\u00e3o -","isPartOf":{"@id":"https:\/\/direcaocientifica.uem.mz\/#website"},"datePublished":"2024-08-29T13:20:58+00:00","breadcrumb":{"@id":"https:\/\/direcaocientifica.uem.mz\/?page_id=103#breadcrumb"},"inLanguage":"pt-PT","potentialAction":[{"@type":"ReadAction","target":["https:\/\/direcaocientifica.uem.mz\/?page_id=103"]}]},{"@type":"BreadcrumbList","@id":"https:\/\/direcaocientifica.uem.mz\/?page_id=103#breadcrumb","itemListElement":[{"@type":"ListItem","position":1,"name":"Home","item":"https:\/\/direcaocientifica.uem.mz\/"},{"@type":"ListItem","position":2,"name":"Linhas de Investiga\u00e7\u00e3o"}]},{"@type":"WebSite","@id":"https:\/\/direcaocientifica.uem.mz\/#website","url":"https:\/\/direcaocientifica.uem.mz\/","name":"Direc\u00e7\u00e3o Cientifica","description":"","alternateName":"DC","potentialAction":[{"@type":"SearchAction","target":{"@type":"EntryPoint","urlTemplate":"https:\/\/direcaocientifica.uem.mz\/?s={search_term_string}"},"query-input":{"@type":"PropertyValueSpecification","valueRequired":true,"valueName":"search_term_string"}}],"inLanguage":"pt-PT"}]}},"rttpg_featured_image_url":null,"rttpg_author":{"display_name":"Arnaldo","author_link":"https:\/\/direcaocientifica.uem.mz\/?author=3"},"rttpg_comment":0,"rttpg_category":null,"rttpg_excerpt":"Linhas de Investiga\u00e7\u00e3o Tomando em considera\u00e7\u00e3o as caracter\u00edsticas da Universidade Eduardo Mondlane, s\u00e3o definidas sete linhas de investiga\u00e7\u00e3o que procuram valorizar a situa\u00e7\u00e3o actual da UEM, promover a interdisciplinaridade, incentivar a liga\u00e7\u00e3o entre a investiga\u00e7\u00e3o e os programas de p\u00f3s-gradua\u00e7\u00e3o, e contribuir para o desenvolvimento social. As linhas de investiga\u00e7\u00e3o s\u00e3o apresentadas na sua generalidade&hellip;","_links":{"self":[{"href":"https:\/\/direcaocientifica.uem.mz\/index.php?rest_route=\/wp\/v2\/pages\/103","targetHints":{"allow":["GET"]}}],"collection":[{"href":"https:\/\/direcaocientifica.uem.mz\/index.php?rest_route=\/wp\/v2\/pages"}],"about":[{"href":"https:\/\/direcaocientifica.uem.mz\/index.php?rest_route=\/wp\/v2\/types\/page"}],"author":[{"embeddable":true,"href":"https:\/\/direcaocientifica.uem.mz\/index.php?rest_route=\/wp\/v2\/users\/3"}],"replies":[{"embeddable":true,"href":"https:\/\/direcaocientifica.uem.mz\/index.php?rest_route=%2Fwp%2Fv2%2Fcomments&post=103"}],"version-history":[{"count":0,"href":"https:\/\/direcaocientifica.uem.mz\/index.php?rest_route=\/wp\/v2\/pages\/103\/revisions"}],"wp:attachment":[{"href":"https:\/\/direcaocientifica.uem.mz\/index.php?rest_route=%2Fwp%2Fv2%2Fmedia&parent=103"}],"curies":[{"name":"wp","href":"https:\/\/api.w.org\/{rel}","templated":true}]}}