{"id":100,"date":"2024-08-29T13:20:58","date_gmt":"2024-08-29T13:20:58","guid":{"rendered":"https:\/\/dc.ghost.uem.mz\/?page_id=100"},"modified":"2024-08-29T13:20:58","modified_gmt":"2024-08-29T13:20:58","slug":"actividades-da-dc","status":"publish","type":"page","link":"https:\/\/direcaocientifica.uem.mz\/?page_id=100","title":{"rendered":"Actividades da DC"},"content":{"rendered":"\t\t<div data-elementor-type=\"wp-page\" data-elementor-id=\"100\" class=\"elementor elementor-100\">\n\t\t\t\t<div class=\"elementor-element elementor-element-062136e e-flex e-con-boxed e-con e-parent\" data-id=\"062136e\" data-element_type=\"container\">\n\t\t\t\t\t<div class=\"e-con-inner\">\n\t\t\t\t<div class=\"elementor-element elementor-element-8f800ed elementor-widget elementor-widget-heading\" data-id=\"8f800ed\" data-element_type=\"widget\" data-widget_type=\"heading.default\">\n\t\t\t\t<div class=\"elementor-widget-container\">\n\t\t\t\t\t<h2 class=\"elementor-heading-title elementor-size-default\">Actividades da Direc\u00e7\u00e3o Cient\u00edfica<\/h2>\t\t\t\t<\/div>\n\t\t\t\t<\/div>\n\t\t\t\t\t<\/div>\n\t\t\t\t<\/div>\n\t\t<div class=\"elementor-element elementor-element-ac26a36 e-flex e-con-boxed e-con e-parent\" data-id=\"ac26a36\" data-element_type=\"container\">\n\t\t\t\t\t<div class=\"e-con-inner\">\n\t\t\t\t<div class=\"elementor-element elementor-element-737fe83 elementor-widget elementor-widget-text-editor\" data-id=\"737fe83\" data-element_type=\"widget\" data-widget_type=\"text-editor.default\">\n\t\t\t\t<div class=\"elementor-widget-container\">\n\t\t\t\t\t\t\t\t\t<p>A Direc\u00e7\u00e3o Cient\u00edfica prossegue objectivos gerais de administra\u00e7\u00e3o e gest\u00e3o universit\u00e1ria, da sua \u00e1rea de actua\u00e7\u00e3o, fixados nos Estatutos da Universidade Eduardo Mondlane. Assim, compete \u00e0 Direc\u00e7\u00e3o Cient\u00edfica realizar as seguintes actividades:<\/p><ol><li>Coordenar a implementa\u00e7\u00e3o do plano estrat\u00e9gico da UEM, no que tange \u00e0 investiga\u00e7\u00e3o e extens\u00e3o;<\/li><li>Assegurar a dissemina\u00e7\u00e3o, a implementa\u00e7\u00e3o e monitoria da politica de investiga\u00e7\u00e3o da UEM;<\/li><li>Dinamizar o processo de desenvolvimento da investiga\u00e7\u00e3o e extens\u00e3o cientifica na UEM;<\/li><li>Preparar, divulgar e controlar a implementa\u00e7\u00e3o de normas e orienta\u00e7\u00f5es pertinentes \u00e0 elabora\u00e7\u00e3o e realiza\u00e7\u00e3o de actividades cientificas;<\/li><li>Prestar assessoria aos \u00f3rg\u00e3os e ao corpo docente, nas actividades referidas na al\u00ednea anterior;<\/li><li>Identificar e divulgar oportunidades de financiamento \u00e0 investiga\u00e7\u00e3o;<\/li><li>Promover ac\u00e7\u00f5es relativas a: capacita\u00e7\u00e3o em mat\u00e9ria de elabora\u00e7\u00e3o de projectos e metodologias de investiga\u00e7\u00e3o; realiza\u00e7\u00e3o, na institui\u00e7\u00e3o, de eventos cient\u00edficos (ex.: congressos, semin\u00e1rios, simp\u00f3sios, conferencias e jornadas cientificas); intercambio acad\u00e9mico com institui\u00e7\u00f5es t\u00e9cnico-cient\u00edficas, culturais e socioecon\u00f3micas nacionais e estrangeiras; transfer\u00eancia de conhecimento e inova\u00e7\u00f5es tecnol\u00f3gicas para o desenvolvimento econ\u00f3mico e social;<\/li><li>Assegurar o registo, sistematiza\u00e7\u00e3o e divulga\u00e7\u00e3o de dados e informa\u00e7\u00e3o sobre a actividade cient\u00edfica na UEM;<\/li><li>Monitorar a execu\u00e7\u00e3o da politica de capacita\u00e7\u00e3o e desenvolvimento do corpo acad\u00e9mico;<\/li><li>Preparar, divulgar e monitorar a implementa\u00e7\u00e3o de normas que regem o funcionamento de programas de p\u00f3s-gradua\u00e7\u00e3o na UEM;<\/li><li>Propor memorandos, conv\u00e9nios, contratos e acordos de colabora\u00e7\u00e3o nas suas \u00e1reas de actua\u00e7\u00e3o;<\/li><li>Planificar, organizar e controlar a execu\u00e7\u00e3o das suas actividades, tanto na \u00e1rea cient\u00edfica como na administrativa-financeira;<\/li><li>Preparar e implementar normas e\/ou mecanismos de garantia de qualidade de investiga\u00e7\u00e3o.<\/li><\/ol>\t\t\t\t\t\t\t\t<\/div>\n\t\t\t\t<\/div>\n\t\t\t\t\t<\/div>\n\t\t\t\t<\/div>\n\t\t\t\t<\/div>\n\t\t","protected":false},"excerpt":{"rendered":"<p>Actividades da Direc\u00e7\u00e3o Cient\u00edfica A Direc\u00e7\u00e3o Cient\u00edfica prossegue objectivos gerais de administra\u00e7\u00e3o e gest\u00e3o universit\u00e1ria, da sua \u00e1rea de actua\u00e7\u00e3o, fixados nos Estatutos da Universidade Eduardo Mondlane. Assim, compete \u00e0 Direc\u00e7\u00e3o Cient\u00edfica realizar as seguintes actividades: Coordenar a implementa\u00e7\u00e3o do plano estrat\u00e9gico da UEM, no que tange \u00e0 investiga\u00e7\u00e3o e extens\u00e3o; Assegurar a dissemina\u00e7\u00e3o, a [&hellip;]<\/p>\n","protected":false},"author":3,"featured_media":0,"parent":0,"menu_order":0,"comment_status":"closed","ping_status":"closed","template":"","meta":{"inline_featured_image":false,"site-sidebar-layout":"no-sidebar","site-content-layout":"","ast-site-content-layout":"full-width-container","site-content-style":"default","site-sidebar-style":"default","ast-global-header-display":"","ast-banner-title-visibility":"","ast-main-header-display":"","ast-hfb-above-header-display":"","ast-hfb-below-header-display":"","ast-hfb-mobile-header-display":"","site-post-title":"disabled","ast-breadcrumbs-content":"","ast-featured-img":"disabled","footer-sml-layout":"","theme-transparent-header-meta":"","adv-header-id-meta":"","stick-header-meta":"","header-above-stick-meta":"","header-main-stick-meta":"","header-below-stick-meta":"","astra-migrate-meta-layouts":"default","ast-page-background-enabled":"default","ast-page-background-meta":{"desktop":{"background-color":"var(--ast-global-color-5)","background-image":"","background-repeat":"repeat","background-position":"center center","background-size":"auto","background-attachment":"scroll","background-type":"","background-media":"","overlay-type":"","overlay-color":"","overlay-opacity":"","overlay-gradient":""},"tablet":{"background-color":"","background-image":"","background-repeat":"repeat","background-position":"center center","background-size":"auto","background-attachment":"scroll","background-type":"","background-media":"","overlay-type":"","overlay-color":"","overlay-opacity":"","overlay-gradient":""},"mobile":{"background-color":"","background-image":"","background-repeat":"repeat","background-position":"center center","background-size":"auto","background-attachment":"scroll","background-type":"","background-media":"","overlay-type":"","overlay-color":"","overlay-opacity":"","overlay-gradient":""}},"ast-content-background-meta":{"desktop":{"background-color":"var(--ast-global-color-4)","background-image":"","background-repeat":"repeat","background-position":"center center","background-size":"auto","background-attachment":"scroll","background-type":"","background-media":"","overlay-type":"","overlay-color":"","overlay-opacity":"","overlay-gradient":""},"tablet":{"background-color":"var(--ast-global-color-4)","background-image":"","background-repeat":"repeat","background-position":"center center","background-size":"auto","background-attachment":"scroll","background-type":"","background-media":"","overlay-type":"","overlay-color":"","overlay-opacity":"","overlay-gradient":""},"mobile":{"background-color":"var(--ast-global-color-4)","background-image":"","background-repeat":"repeat","background-position":"center center","background-size":"auto","background-attachment":"scroll","background-type":"","background-media":"","overlay-type":"","overlay-color":"","overlay-opacity":"","overlay-gradient":""}},"footnotes":""},"class_list":["post-100","page","type-page","status-publish","hentry"],"yoast_head":"<!-- This site is optimized with the Yoast SEO plugin v26.3 - https:\/\/yoast.com\/wordpress\/plugins\/seo\/ -->\n<title>Actividades da DC -<\/title>\n<meta name=\"robots\" content=\"index, follow, max-snippet:-1, max-image-preview:large, max-video-preview:-1\" \/>\n<link rel=\"canonical\" href=\"https:\/\/direcaocientifica.uem.mz\/?page_id=100\" \/>\n<meta property=\"og:locale\" content=\"pt_PT\" \/>\n<meta property=\"og:type\" content=\"article\" \/>\n<meta property=\"og:title\" content=\"Actividades da DC -\" \/>\n<meta property=\"og:description\" content=\"Actividades da Direc\u00e7\u00e3o Cient\u00edfica A Direc\u00e7\u00e3o Cient\u00edfica prossegue objectivos gerais de administra\u00e7\u00e3o e gest\u00e3o universit\u00e1ria, da sua \u00e1rea de actua\u00e7\u00e3o, fixados nos Estatutos da Universidade Eduardo Mondlane. Assim, compete \u00e0 Direc\u00e7\u00e3o Cient\u00edfica realizar as seguintes actividades: Coordenar a implementa\u00e7\u00e3o do plano estrat\u00e9gico da UEM, no que tange \u00e0 investiga\u00e7\u00e3o e extens\u00e3o; Assegurar a dissemina\u00e7\u00e3o, a [&hellip;]\" \/>\n<meta property=\"og:url\" content=\"https:\/\/direcaocientifica.uem.mz\/?page_id=100\" \/>\n<meta property=\"og:site_name\" content=\"Direc\u00e7\u00e3o Cientifica\" \/>\n<meta name=\"twitter:card\" content=\"summary_large_image\" \/>\n<meta name=\"twitter:label1\" content=\"Tempo estimado de leitura\" \/>\n\t<meta name=\"twitter:data1\" content=\"2 minutos\" \/>\n<script type=\"application\/ld+json\" class=\"yoast-schema-graph\">{\"@context\":\"https:\/\/schema.org\",\"@graph\":[{\"@type\":\"WebPage\",\"@id\":\"https:\/\/direcaocientifica.uem.mz\/?page_id=100\",\"url\":\"https:\/\/direcaocientifica.uem.mz\/?page_id=100\",\"name\":\"Actividades da DC -\",\"isPartOf\":{\"@id\":\"https:\/\/direcaocientifica.uem.mz\/#website\"},\"datePublished\":\"2024-08-29T13:20:58+00:00\",\"breadcrumb\":{\"@id\":\"https:\/\/direcaocientifica.uem.mz\/?page_id=100#breadcrumb\"},\"inLanguage\":\"pt-PT\",\"potentialAction\":[{\"@type\":\"ReadAction\",\"target\":[\"https:\/\/direcaocientifica.uem.mz\/?page_id=100\"]}]},{\"@type\":\"BreadcrumbList\",\"@id\":\"https:\/\/direcaocientifica.uem.mz\/?page_id=100#breadcrumb\",\"itemListElement\":[{\"@type\":\"ListItem\",\"position\":1,\"name\":\"Home\",\"item\":\"https:\/\/direcaocientifica.uem.mz\/\"},{\"@type\":\"ListItem\",\"position\":2,\"name\":\"Actividades da DC\"}]},{\"@type\":\"WebSite\",\"@id\":\"https:\/\/direcaocientifica.uem.mz\/#website\",\"url\":\"https:\/\/direcaocientifica.uem.mz\/\",\"name\":\"Direc\u00e7\u00e3o Cientifica\",\"description\":\"\",\"alternateName\":\"DC\",\"potentialAction\":[{\"@type\":\"SearchAction\",\"target\":{\"@type\":\"EntryPoint\",\"urlTemplate\":\"https:\/\/direcaocientifica.uem.mz\/?s={search_term_string}\"},\"query-input\":{\"@type\":\"PropertyValueSpecification\",\"valueRequired\":true,\"valueName\":\"search_term_string\"}}],\"inLanguage\":\"pt-PT\"}]}<\/script>\n<!-- \/ Yoast SEO plugin. -->","yoast_head_json":{"title":"Actividades da DC -","robots":{"index":"index","follow":"follow","max-snippet":"max-snippet:-1","max-image-preview":"max-image-preview:large","max-video-preview":"max-video-preview:-1"},"canonical":"https:\/\/direcaocientifica.uem.mz\/?page_id=100","og_locale":"pt_PT","og_type":"article","og_title":"Actividades da DC -","og_description":"Actividades da Direc\u00e7\u00e3o Cient\u00edfica A Direc\u00e7\u00e3o Cient\u00edfica prossegue objectivos gerais de administra\u00e7\u00e3o e gest\u00e3o universit\u00e1ria, da sua \u00e1rea de actua\u00e7\u00e3o, fixados nos Estatutos da Universidade Eduardo Mondlane. Assim, compete \u00e0 Direc\u00e7\u00e3o Cient\u00edfica realizar as seguintes actividades: Coordenar a implementa\u00e7\u00e3o do plano estrat\u00e9gico da UEM, no que tange \u00e0 investiga\u00e7\u00e3o e extens\u00e3o; Assegurar a dissemina\u00e7\u00e3o, a [&hellip;]","og_url":"https:\/\/direcaocientifica.uem.mz\/?page_id=100","og_site_name":"Direc\u00e7\u00e3o Cientifica","twitter_card":"summary_large_image","twitter_misc":{"Tempo estimado de leitura":"2 minutos"},"schema":{"@context":"https:\/\/schema.org","@graph":[{"@type":"WebPage","@id":"https:\/\/direcaocientifica.uem.mz\/?page_id=100","url":"https:\/\/direcaocientifica.uem.mz\/?page_id=100","name":"Actividades da DC -","isPartOf":{"@id":"https:\/\/direcaocientifica.uem.mz\/#website"},"datePublished":"2024-08-29T13:20:58+00:00","breadcrumb":{"@id":"https:\/\/direcaocientifica.uem.mz\/?page_id=100#breadcrumb"},"inLanguage":"pt-PT","potentialAction":[{"@type":"ReadAction","target":["https:\/\/direcaocientifica.uem.mz\/?page_id=100"]}]},{"@type":"BreadcrumbList","@id":"https:\/\/direcaocientifica.uem.mz\/?page_id=100#breadcrumb","itemListElement":[{"@type":"ListItem","position":1,"name":"Home","item":"https:\/\/direcaocientifica.uem.mz\/"},{"@type":"ListItem","position":2,"name":"Actividades da DC"}]},{"@type":"WebSite","@id":"https:\/\/direcaocientifica.uem.mz\/#website","url":"https:\/\/direcaocientifica.uem.mz\/","name":"Direc\u00e7\u00e3o Cientifica","description":"","alternateName":"DC","potentialAction":[{"@type":"SearchAction","target":{"@type":"EntryPoint","urlTemplate":"https:\/\/direcaocientifica.uem.mz\/?s={search_term_string}"},"query-input":{"@type":"PropertyValueSpecification","valueRequired":true,"valueName":"search_term_string"}}],"inLanguage":"pt-PT"}]}},"rttpg_featured_image_url":null,"rttpg_author":{"display_name":"Arnaldo","author_link":"https:\/\/direcaocientifica.uem.mz\/?author=3"},"rttpg_comment":0,"rttpg_category":null,"rttpg_excerpt":"Actividades da Direc\u00e7\u00e3o Cient\u00edfica A Direc\u00e7\u00e3o Cient\u00edfica prossegue objectivos gerais de administra\u00e7\u00e3o e gest\u00e3o universit\u00e1ria, da sua \u00e1rea de actua\u00e7\u00e3o, fixados nos Estatutos da Universidade Eduardo Mondlane. Assim, compete \u00e0 Direc\u00e7\u00e3o Cient\u00edfica realizar as seguintes actividades: Coordenar a implementa\u00e7\u00e3o do plano estrat\u00e9gico da UEM, no que tange \u00e0 investiga\u00e7\u00e3o e extens\u00e3o; Assegurar a dissemina\u00e7\u00e3o, a&hellip;","_links":{"self":[{"href":"https:\/\/direcaocientifica.uem.mz\/index.php?rest_route=\/wp\/v2\/pages\/100","targetHints":{"allow":["GET"]}}],"collection":[{"href":"https:\/\/direcaocientifica.uem.mz\/index.php?rest_route=\/wp\/v2\/pages"}],"about":[{"href":"https:\/\/direcaocientifica.uem.mz\/index.php?rest_route=\/wp\/v2\/types\/page"}],"author":[{"embeddable":true,"href":"https:\/\/direcaocientifica.uem.mz\/index.php?rest_route=\/wp\/v2\/users\/3"}],"replies":[{"embeddable":true,"href":"https:\/\/direcaocientifica.uem.mz\/index.php?rest_route=%2Fwp%2Fv2%2Fcomments&post=100"}],"version-history":[{"count":0,"href":"https:\/\/direcaocientifica.uem.mz\/index.php?rest_route=\/wp\/v2\/pages\/100\/revisions"}],"wp:attachment":[{"href":"https:\/\/direcaocientifica.uem.mz\/index.php?rest_route=%2Fwp%2Fv2%2Fmedia&parent=100"}],"curies":[{"name":"wp","href":"https:\/\/api.w.org\/{rel}","templated":true}]}}